{"id":2753,"date":"2024-10-08T15:21:34","date_gmt":"2024-10-08T15:21:34","guid":{"rendered":"https:\/\/robertkyoungla.wpenginepowered.com\/?page_id=2753"},"modified":"2026-03-06T10:09:28","modified_gmt":"2026-03-06T10:09:28","slug":"megan-e-mcglynn-sanchez","status":"publish","type":"page","link":"https:\/\/robertkyounglaw.com\/es\/megan-e-mcglynn-sanchez\/","title":{"rendered":"Megan E. McGlynn-S\u00e1nchez"},"content":{"rendered":"<div data-elementor-type=\"wp-page\" data-elementor-id=\"2753\" class=\"elementor elementor-2753\" data-elementor-post-type=\"page\">\n\t\t\t\t\t\t<section class=\"elementor-section elementor-top-section elementor-element elementor-element-e2e70a8 elementor-section-boxed elementor-section-height-default elementor-section-height-default\" data-id=\"e2e70a8\" data-element_type=\"section\" data-e-type=\"section\">\n\t\t\t\t\t\t<div class=\"elementor-container elementor-column-gap-default\">\n\t\t\t\t\t<div class=\"elementor-column elementor-col-100 elementor-top-column elementor-element elementor-element-87a59e8\" data-id=\"87a59e8\" data-element_type=\"column\" data-e-type=\"column\">\n\t\t\t<div class=\"elementor-widget-wrap elementor-element-populated\">\n\t\t\t\t\t\t<section class=\"elementor-section elementor-inner-section elementor-element elementor-element-5f20350 elementor-section-full_width elementor-section-height-default elementor-section-height-default\" data-id=\"5f20350\" data-element_type=\"section\" data-e-type=\"section\">\n\t\t\t\t\t\t<div class=\"elementor-container elementor-column-gap-default\">\n\t\t\t\t\t<div class=\"elementor-column elementor-col-50 elementor-inner-column elementor-element elementor-element-972ddb3\" data-id=\"972ddb3\" data-element_type=\"column\" data-e-type=\"column\">\n\t\t\t<div class=\"elementor-widget-wrap elementor-element-populated\">\n\t\t\t\t\t\t<div class=\"elementor-element elementor-element-7aac047 elementor-widget__width-initial headshot elementor-widget elementor-widget-image\" data-id=\"7aac047\" data-element_type=\"widget\" data-e-type=\"widget\" data-widget_type=\"image.default\">\n\t\t\t\t<div class=\"elementor-widget-container\">\n\t\t\t\t\t\t\t\t\t\t\t\t\t\t\t<img fetchpriority=\"high\" decoding=\"async\" width=\"300\" height=\"377\" src=\"https:\/\/robertkyounglaw.com\/wp-content\/uploads\/2024\/10\/megan-mcg-s_full1.jpg\" class=\"attachment-full size-full wp-image-2717\" alt=\"Professional photo of Megan McG from Robert K. Young Law\" srcset=\"https:\/\/robertkyounglaw.com\/wp-content\/uploads\/2024\/10\/megan-mcg-s_full1.jpg 300w, https:\/\/robertkyounglaw.com\/wp-content\/uploads\/2024\/10\/megan-mcg-s_full1-239x300.jpg 239w, https:\/\/robertkyounglaw.com\/wp-content\/uploads\/2024\/10\/megan-mcg-s_full1-10x12.jpg 10w\" sizes=\"(max-width: 300px) 100vw, 300px\" \/>\t\t\t\t\t\t\t\t\t\t\t\t\t\t\t<\/div>\n\t\t\t\t<\/div>\n\t\t\t\t<div class=\"elementor-element elementor-element-ae83816 main-heading elementor-widget elementor-widget-heading\" data-id=\"ae83816\" data-element_type=\"widget\" data-e-type=\"widget\" data-widget_type=\"heading.default\">\n\t\t\t\t<div class=\"elementor-widget-container\">\n\t\t\t\t\t<h3 class=\"elementor-heading-title elementor-size-default\">Megan E. McGlynn-S\u00e1nchez<\/h3>\t\t\t\t<\/div>\n\t\t\t\t<\/div>\n\t\t\t\t<div class=\"elementor-element elementor-element-3f5b6b5 elementor-widget-divider--view-line elementor-widget elementor-widget-divider\" data-id=\"3f5b6b5\" data-element_type=\"widget\" data-e-type=\"widget\" data-widget_type=\"divider.default\">\n\t\t\t\t<div class=\"elementor-widget-container\">\n\t\t\t\t\t\t\t<div class=\"elementor-divider\">\n\t\t\t<span class=\"elementor-divider-separator\">\n\t\t\t\t\t\t<\/span>\n\t\t<\/div>\n\t\t\t\t\t\t<\/div>\n\t\t\t\t<\/div>\n\t\t\t\t\t<\/div>\n\t\t<\/div>\n\t\t\t\t<div class=\"elementor-column elementor-col-50 elementor-inner-column elementor-element elementor-element-51d9beb\" data-id=\"51d9beb\" data-element_type=\"column\" data-e-type=\"column\" data-settings=\"{&quot;background_background&quot;:&quot;classic&quot;}\">\n\t\t\t<div class=\"elementor-widget-wrap elementor-element-populated\">\n\t\t\t\t\t\t<div class=\"elementor-element elementor-element-e61e8ac elementor-widget elementor-widget-text-editor\" data-id=\"e61e8ac\" data-element_type=\"widget\" data-e-type=\"widget\" data-widget_type=\"text-editor.default\">\n\t\t\t\t<div class=\"elementor-widget-container\">\n\t\t\t\t\t\t\t\t\t<p>Megan E. McGlynn-Sanchez obtuvo su Doctorado en Jurisprudencia en el Centro de Derecho Jacob D. Fuchsberg de Touro College en 2021 y su licenciatura en el John Jay College of Criminal Justice. Megan est\u00e1 habilitada para ejercer la abogac\u00eda en los Colegios de Abogados de Nueva York y Texas, as\u00ed como en los Distritos Federales Norte, Sur y Este de Nueva York. Antes de incorporarse a Robert K. Young, Megan trabaj\u00f3 como asistente legal en defensa penal y se especializ\u00f3 en litigios comerciales y de lesiones personales, as\u00ed como en transacciones comerciales. Aporta su amplio conocimiento legal a Robert K. Young &amp; Associates y trabaja para que sus clientes comprendan mejor el complejo mundo legal.<\/p>\t\t\t\t\t\t\t\t<\/div>\n\t\t\t\t<\/div>\n\t\t\t\t<div class=\"elementor-element elementor-element-18141ec elementor-align-left elementor-widget-mobile_extra__width-initial elementor-widget__width-initial elementor-mobile-align-center elementor-widget elementor-widget-button\" data-id=\"18141ec\" data-element_type=\"widget\" data-e-type=\"widget\" data-widget_type=\"button.default\">\n\t\t\t\t<div class=\"elementor-widget-container\">\n\t\t\t\t\t\t\t\t\t<div class=\"elementor-button-wrapper\">\n\t\t\t\t\t<a class=\"elementor-button elementor-button-link elementor-size-xl\" href=\"https:\/\/robertkyounglaw.com\/es\/abogados-de-lesiones-personales\/\">\n\t\t\t\t\t\t<span class=\"elementor-button-content-wrapper\">\n\t\t\t\t\t\t\t\t\t<span class=\"elementor-button-text\">Volver a Abogados<\/span>\n\t\t\t\t\t<\/span>\n\t\t\t\t\t<\/a>\n\t\t\t\t<\/div>\n\t\t\t\t\t\t\t\t<\/div>\n\t\t\t\t<\/div>\n\t\t\t\t\t<\/div>\n\t\t<\/div>\n\t\t\t\t\t<\/div>\n\t\t<\/section>\n\t\t\t\t\t<\/div>\n\t\t<\/div>\n\t\t\t\t\t<\/div>\n\t\t<\/section>\n\t\t\t\t<\/div>","protected":false},"excerpt":{"rendered":"<p>Megan E. McGlynn-Sanchez Megan E. McGlynn-Sanchez received her Juris Doctorate from Touro College Jacob D. Fuchsberg Law Center in 2021 and received her undergraduate degree from John Jay College of Criminal Justice. Megan is admitted to practice law in the State Bars of New York and Texas, as well as the Federal Northern, Southern, and [&hellip;]<\/p>\n","protected":false},"author":2,"featured_media":2619,"parent":0,"menu_order":0,"comment_status":"closed","ping_status":"closed","template":"","meta":{"footnotes":""},"class_list":["post-2753","page","type-page","status-publish","has-post-thumbnail","hentry"],"yoast_head":"<!-- This site is optimized with the Yoast SEO plugin v27.4 - https:\/\/yoast.com\/product\/yoast-seo-wordpress\/ -->\n<title>Megan E. McGlynn-Sanchez | Robert K. Young &amp; Associates<\/title>\n<meta name=\"description\" content=\"Megan E. McGlynn-Sanchez is an attorney in Merrick with experience in criminal defense and personal injury in NY and TX.\" \/>\n<meta name=\"robots\" content=\"index, follow, max-snippet:-1, max-image-preview:large, max-video-preview:-1\" \/>\n<link rel=\"canonical\" href=\"https:\/\/robertkyounglaw.com\/es\/megan-e-mcglynn-sanchez\/\" \/>\n<meta property=\"og:locale\" content=\"es_ES\" \/>\n<meta property=\"og:type\" content=\"article\" \/>\n<meta property=\"og:title\" content=\"Megan E. McGlynn-Sanchez | Robert K. Young &amp; Associates\" \/>\n<meta property=\"og:description\" content=\"Megan E. McGlynn-Sanchez is an attorney in Merrick with experience in criminal defense and personal injury in NY and TX.\" \/>\n<meta property=\"og:url\" content=\"https:\/\/robertkyounglaw.com\/es\/megan-e-mcglynn-sanchez\/\" \/>\n<meta property=\"og:site_name\" content=\"Robert K. Young &amp; Associates\" \/>\n<meta property=\"article:publisher\" content=\"https:\/\/www.facebook.com\/robertkyoungpc\/\" \/>\n<meta property=\"article:modified_time\" content=\"2026-03-06T10:09:28+00:00\" \/>\n<meta property=\"og:image\" content=\"https:\/\/robertkyounglaw.com\/wp-content\/uploads\/2024\/05\/Staff-2024-1920x460-1.jpg\" \/>\n\t<meta property=\"og:image:width\" content=\"1920\" \/>\n\t<meta property=\"og:image:height\" content=\"460\" \/>\n\t<meta property=\"og:image:type\" content=\"image\/jpeg\" \/>\n<meta name=\"twitter:card\" content=\"summary_large_image\" \/>\n<meta name=\"twitter:label1\" content=\"Est. reading time\" \/>\n\t<meta name=\"twitter:data1\" content=\"1 minuto\" \/>\n<script type=\"application\/ld+json\" class=\"yoast-schema-graph\">{\"@context\":\"https:\\\/\\\/schema.org\",\"@graph\":[{\"@type\":\"WebPage\",\"@id\":\"https:\\\/\\\/robertkyounglaw.com\\\/megan-e-mcglynn-sanchez\\\/\",\"url\":\"https:\\\/\\\/robertkyounglaw.com\\\/megan-e-mcglynn-sanchez\\\/\",\"name\":\"Megan E. McGlynn-Sanchez | Robert K. Young & Associates\",\"isPartOf\":{\"@id\":\"https:\\\/\\\/robertkyounglaw.com\\\/#website\"},\"primaryImageOfPage\":{\"@id\":\"https:\\\/\\\/robertkyounglaw.com\\\/megan-e-mcglynn-sanchez\\\/#primaryimage\"},\"image\":{\"@id\":\"https:\\\/\\\/robertkyounglaw.com\\\/megan-e-mcglynn-sanchez\\\/#primaryimage\"},\"thumbnailUrl\":\"https:\\\/\\\/robertkyounglaw.com\\\/wp-content\\\/uploads\\\/2024\\\/05\\\/Staff-2024-1920x460-1.jpg\",\"datePublished\":\"2024-10-08T15:21:34+00:00\",\"dateModified\":\"2026-03-06T10:09:28+00:00\",\"description\":\"Megan E. McGlynn-Sanchez is an attorney in Merrick with experience in criminal defense and personal injury in NY and TX.\",\"breadcrumb\":{\"@id\":\"https:\\\/\\\/robertkyounglaw.com\\\/megan-e-mcglynn-sanchez\\\/#breadcrumb\"},\"inLanguage\":\"es\",\"potentialAction\":[{\"@type\":\"ReadAction\",\"target\":[\"https:\\\/\\\/robertkyounglaw.com\\\/megan-e-mcglynn-sanchez\\\/\"]}]},{\"@type\":\"ImageObject\",\"inLanguage\":\"es\",\"@id\":\"https:\\\/\\\/robertkyounglaw.com\\\/megan-e-mcglynn-sanchez\\\/#primaryimage\",\"url\":\"https:\\\/\\\/robertkyounglaw.com\\\/wp-content\\\/uploads\\\/2024\\\/05\\\/Staff-2024-1920x460-1.jpg\",\"contentUrl\":\"https:\\\/\\\/robertkyounglaw.com\\\/wp-content\\\/uploads\\\/2024\\\/05\\\/Staff-2024-1920x460-1.jpg\",\"width\":1920,\"height\":460,\"caption\":\"Group photo of Robert K. Young Law staff in 2024\"},{\"@type\":\"BreadcrumbList\",\"@id\":\"https:\\\/\\\/robertkyounglaw.com\\\/megan-e-mcglynn-sanchez\\\/#breadcrumb\",\"itemListElement\":[{\"@type\":\"ListItem\",\"position\":1,\"name\":\"Home\",\"item\":\"https:\\\/\\\/robertkyounglaw.com\\\/\"},{\"@type\":\"ListItem\",\"position\":2,\"name\":\"Megan E. McGlynn-Sanchez\"}]},{\"@type\":\"WebSite\",\"@id\":\"https:\\\/\\\/robertkyounglaw.com\\\/#website\",\"url\":\"https:\\\/\\\/robertkyounglaw.com\\\/\",\"name\":\"Robert K. Young & Associates\",\"description\":\"\",\"publisher\":{\"@id\":\"https:\\\/\\\/robertkyounglaw.com\\\/#organization\"},\"alternateName\":\"RKY\",\"potentialAction\":[{\"@type\":\"SearchAction\",\"target\":{\"@type\":\"EntryPoint\",\"urlTemplate\":\"https:\\\/\\\/robertkyounglaw.com\\\/?s={search_term_string}\"},\"query-input\":{\"@type\":\"PropertyValueSpecification\",\"valueRequired\":true,\"valueName\":\"search_term_string\"}}],\"inLanguage\":\"es\"},{\"@type\":\"Organization\",\"@id\":\"https:\\\/\\\/robertkyounglaw.com\\\/#organization\",\"name\":\"Robert K. Young & Associates\",\"alternateName\":\"RKY\",\"url\":\"https:\\\/\\\/robertkyounglaw.com\\\/\",\"logo\":{\"@type\":\"ImageObject\",\"inLanguage\":\"es\",\"@id\":\"https:\\\/\\\/robertkyounglaw.com\\\/#\\\/schema\\\/logo\\\/image\\\/\",\"url\":\"https:\\\/\\\/robertkyounglaw.com\\\/wp-content\\\/uploads\\\/2025\\\/05\\\/RKY-logo.jpg\",\"contentUrl\":\"https:\\\/\\\/robertkyounglaw.com\\\/wp-content\\\/uploads\\\/2025\\\/05\\\/RKY-logo.jpg\",\"width\":696,\"height\":696,\"caption\":\"Robert K. Young & Associates\"},\"image\":{\"@id\":\"https:\\\/\\\/robertkyounglaw.com\\\/#\\\/schema\\\/logo\\\/image\\\/\"},\"sameAs\":[\"https:\\\/\\\/www.facebook.com\\\/robertkyoungpc\\\/\",\"https:\\\/\\\/www.linkedin.com\\\/company\\\/robert-k-young-&-associates\"]}]}<\/script>\n<!-- \/ Yoast SEO plugin. -->","yoast_head_json":{"title":"Megan E. McGlynn-Sanchez | Robert K. Young & Associates","description":"Megan E. McGlynn-Sanchez is an attorney in Merrick with experience in criminal defense and personal injury in NY and TX.","robots":{"index":"index","follow":"follow","max-snippet":"max-snippet:-1","max-image-preview":"max-image-preview:large","max-video-preview":"max-video-preview:-1"},"canonical":"https:\/\/robertkyounglaw.com\/es\/megan-e-mcglynn-sanchez\/","og_locale":"es_ES","og_type":"article","og_title":"Megan E. McGlynn-Sanchez | Robert K. Young & Associates","og_description":"Megan E. McGlynn-Sanchez is an attorney in Merrick with experience in criminal defense and personal injury in NY and TX.","og_url":"https:\/\/robertkyounglaw.com\/es\/megan-e-mcglynn-sanchez\/","og_site_name":"Robert K. Young &amp; Associates","article_publisher":"https:\/\/www.facebook.com\/robertkyoungpc\/","article_modified_time":"2026-03-06T10:09:28+00:00","og_image":[{"width":1920,"height":460,"url":"https:\/\/robertkyounglaw.com\/wp-content\/uploads\/2024\/05\/Staff-2024-1920x460-1.jpg","type":"image\/jpeg"}],"twitter_card":"summary_large_image","twitter_misc":{"Est. reading time":"1 minuto"},"schema":{"@context":"https:\/\/schema.org","@graph":[{"@type":"WebPage","@id":"https:\/\/robertkyounglaw.com\/megan-e-mcglynn-sanchez\/","url":"https:\/\/robertkyounglaw.com\/megan-e-mcglynn-sanchez\/","name":"Megan E. McGlynn-Sanchez | Robert K. Young & Associates","isPartOf":{"@id":"https:\/\/robertkyounglaw.com\/#website"},"primaryImageOfPage":{"@id":"https:\/\/robertkyounglaw.com\/megan-e-mcglynn-sanchez\/#primaryimage"},"image":{"@id":"https:\/\/robertkyounglaw.com\/megan-e-mcglynn-sanchez\/#primaryimage"},"thumbnailUrl":"https:\/\/robertkyounglaw.com\/wp-content\/uploads\/2024\/05\/Staff-2024-1920x460-1.jpg","datePublished":"2024-10-08T15:21:34+00:00","dateModified":"2026-03-06T10:09:28+00:00","description":"Megan E. McGlynn-Sanchez is an attorney in Merrick with experience in criminal defense and personal injury in NY and TX.","breadcrumb":{"@id":"https:\/\/robertkyounglaw.com\/megan-e-mcglynn-sanchez\/#breadcrumb"},"inLanguage":"es","potentialAction":[{"@type":"ReadAction","target":["https:\/\/robertkyounglaw.com\/megan-e-mcglynn-sanchez\/"]}]},{"@type":"ImageObject","inLanguage":"es","@id":"https:\/\/robertkyounglaw.com\/megan-e-mcglynn-sanchez\/#primaryimage","url":"https:\/\/robertkyounglaw.com\/wp-content\/uploads\/2024\/05\/Staff-2024-1920x460-1.jpg","contentUrl":"https:\/\/robertkyounglaw.com\/wp-content\/uploads\/2024\/05\/Staff-2024-1920x460-1.jpg","width":1920,"height":460,"caption":"Group photo of Robert K. Young Law staff in 2024"},{"@type":"BreadcrumbList","@id":"https:\/\/robertkyounglaw.com\/megan-e-mcglynn-sanchez\/#breadcrumb","itemListElement":[{"@type":"ListItem","position":1,"name":"Home","item":"https:\/\/robertkyounglaw.com\/"},{"@type":"ListItem","position":2,"name":"Megan E. McGlynn-Sanchez"}]},{"@type":"WebSite","@id":"https:\/\/robertkyounglaw.com\/#website","url":"https:\/\/robertkyounglaw.com\/","name":"Robert K. Young y asociados","description":"","publisher":{"@id":"https:\/\/robertkyounglaw.com\/#organization"},"alternateName":"RKY","potentialAction":[{"@type":"SearchAction","target":{"@type":"EntryPoint","urlTemplate":"https:\/\/robertkyounglaw.com\/?s={search_term_string}"},"query-input":{"@type":"PropertyValueSpecification","valueRequired":true,"valueName":"search_term_string"}}],"inLanguage":"es"},{"@type":"Organization","@id":"https:\/\/robertkyounglaw.com\/#organization","name":"Robert K. Young y asociados","alternateName":"RKY","url":"https:\/\/robertkyounglaw.com\/","logo":{"@type":"ImageObject","inLanguage":"es","@id":"https:\/\/robertkyounglaw.com\/#\/schema\/logo\/image\/","url":"https:\/\/robertkyounglaw.com\/wp-content\/uploads\/2025\/05\/RKY-logo.jpg","contentUrl":"https:\/\/robertkyounglaw.com\/wp-content\/uploads\/2025\/05\/RKY-logo.jpg","width":696,"height":696,"caption":"Robert K. Young & Associates"},"image":{"@id":"https:\/\/robertkyounglaw.com\/#\/schema\/logo\/image\/"},"sameAs":["https:\/\/www.facebook.com\/robertkyoungpc\/","https:\/\/www.linkedin.com\/company\/robert-k-young-&-associates"]}]}},"_links":{"self":[{"href":"https:\/\/robertkyounglaw.com\/es\/wp-json\/wp\/v2\/pages\/2753","targetHints":{"allow":["GET"]}}],"collection":[{"href":"https:\/\/robertkyounglaw.com\/es\/wp-json\/wp\/v2\/pages"}],"about":[{"href":"https:\/\/robertkyounglaw.com\/es\/wp-json\/wp\/v2\/types\/page"}],"author":[{"embeddable":true,"href":"https:\/\/robertkyounglaw.com\/es\/wp-json\/wp\/v2\/users\/2"}],"replies":[{"embeddable":true,"href":"https:\/\/robertkyounglaw.com\/es\/wp-json\/wp\/v2\/comments?post=2753"}],"version-history":[{"count":0,"href":"https:\/\/robertkyounglaw.com\/es\/wp-json\/wp\/v2\/pages\/2753\/revisions"}],"wp:featuredmedia":[{"embeddable":true,"href":"https:\/\/robertkyounglaw.com\/es\/wp-json\/wp\/v2\/media\/2619"}],"wp:attachment":[{"href":"https:\/\/robertkyounglaw.com\/es\/wp-json\/wp\/v2\/media?parent=2753"}],"curies":[{"name":"Gracias","href":"https:\/\/api.w.org\/{rel}","templated":true}]}}