{"id":2633,"date":"2024-08-30T14:38:54","date_gmt":"2024-08-30T14:38:54","guid":{"rendered":"https:\/\/robertkyoungla.wpenginepowered.com\/?page_id=2633"},"modified":"2026-03-06T09:57:31","modified_gmt":"2026-03-06T09:57:31","slug":"christopher-m-kelly","status":"publish","type":"page","link":"https:\/\/robertkyounglaw.com\/es\/christopher-m-kelly\/","title":{"rendered":"Christopher M. Kelly"},"content":{"rendered":"<div data-elementor-type=\"wp-page\" data-elementor-id=\"2633\" class=\"elementor elementor-2633\" data-elementor-post-type=\"page\">\n\t\t\t\t\t\t<section class=\"elementor-section elementor-top-section elementor-element elementor-element-f2f50ea elementor-section-boxed elementor-section-height-default elementor-section-height-default\" data-id=\"f2f50ea\" data-element_type=\"section\" data-e-type=\"section\">\n\t\t\t\t\t\t<div class=\"elementor-container elementor-column-gap-default\">\n\t\t\t\t\t<div class=\"elementor-column elementor-col-100 elementor-top-column elementor-element elementor-element-b4bb576\" data-id=\"b4bb576\" data-element_type=\"column\" data-e-type=\"column\">\n\t\t\t<div class=\"elementor-widget-wrap elementor-element-populated\">\n\t\t\t\t\t\t<section class=\"elementor-section elementor-inner-section elementor-element elementor-element-4033920 elementor-section-full_width elementor-section-height-default elementor-section-height-default\" data-id=\"4033920\" data-element_type=\"section\" data-e-type=\"section\">\n\t\t\t\t\t\t<div class=\"elementor-container elementor-column-gap-default\">\n\t\t\t\t\t<div class=\"elementor-column elementor-col-50 elementor-inner-column elementor-element elementor-element-27c891a\" data-id=\"27c891a\" data-element_type=\"column\" data-e-type=\"column\">\n\t\t\t<div class=\"elementor-widget-wrap elementor-element-populated\">\n\t\t\t\t\t\t<div class=\"elementor-element elementor-element-bde2f3b elementor-widget__width-initial headshot elementor-widget elementor-widget-image\" data-id=\"bde2f3b\" data-element_type=\"widget\" data-e-type=\"widget\" data-widget_type=\"image.default\">\n\t\t\t\t<div class=\"elementor-widget-container\">\n\t\t\t\t\t\t\t\t\t\t\t\t\t\t\t<img fetchpriority=\"high\" decoding=\"async\" width=\"295\" height=\"299\" src=\"https:\/\/robertkyounglaw.com\/wp-content\/uploads\/2024\/08\/Bio-Pic-Christopher-Kelly.jpg\" class=\"attachment-full size-full wp-image-2636\" alt=\"Christopher Kelly from Robert K. Young Law\" srcset=\"https:\/\/robertkyounglaw.com\/wp-content\/uploads\/2024\/08\/Bio-Pic-Christopher-Kelly.jpg 295w, https:\/\/robertkyounglaw.com\/wp-content\/uploads\/2024\/08\/Bio-Pic-Christopher-Kelly-12x12.jpg 12w\" sizes=\"(max-width: 295px) 100vw, 295px\" \/>\t\t\t\t\t\t\t\t\t\t\t\t\t\t\t<\/div>\n\t\t\t\t<\/div>\n\t\t\t\t<div class=\"elementor-element elementor-element-930cd61 main-heading elementor-widget elementor-widget-heading\" data-id=\"930cd61\" data-element_type=\"widget\" data-e-type=\"widget\" data-widget_type=\"heading.default\">\n\t\t\t\t<div class=\"elementor-widget-container\">\n\t\t\t\t\t<h3 class=\"elementor-heading-title elementor-size-default\">\t\nChristopher M. Kelly<\/h3>\t\t\t\t<\/div>\n\t\t\t\t<\/div>\n\t\t\t\t<div class=\"elementor-element elementor-element-e9c62f8 elementor-widget-divider--view-line elementor-widget elementor-widget-divider\" data-id=\"e9c62f8\" data-element_type=\"widget\" data-e-type=\"widget\" data-widget_type=\"divider.default\">\n\t\t\t\t<div class=\"elementor-widget-container\">\n\t\t\t\t\t\t\t<div class=\"elementor-divider\">\n\t\t\t<span class=\"elementor-divider-separator\">\n\t\t\t\t\t\t<\/span>\n\t\t<\/div>\n\t\t\t\t\t\t<\/div>\n\t\t\t\t<\/div>\n\t\t\t\t\t<\/div>\n\t\t<\/div>\n\t\t\t\t<div class=\"elementor-column elementor-col-50 elementor-inner-column elementor-element elementor-element-a2de15b\" data-id=\"a2de15b\" data-element_type=\"column\" data-e-type=\"column\" data-settings=\"{&quot;background_background&quot;:&quot;classic&quot;}\">\n\t\t\t<div class=\"elementor-widget-wrap elementor-element-populated\">\n\t\t\t\t\t\t<div class=\"elementor-element elementor-element-fbb9db0 elementor-widget elementor-widget-text-editor\" data-id=\"fbb9db0\" data-element_type=\"widget\" data-e-type=\"widget\" data-widget_type=\"text-editor.default\">\n\t\t\t\t<div class=\"elementor-widget-container\">\n\t\t\t\t\t\t\t\t\t<p>Christopher M. Kelly es un abogado especializado en lesiones personales con sede en Merrick, Nueva York, especializado en ayudar a personas lesionadas en accidentes automovil\u00edsticos, resbalones y ca\u00eddas, accidentes de construcci\u00f3n y casos de mordeduras de perro. La misi\u00f3n de Chris es brindar representaci\u00f3n legal compasiva y eficaz a quienes m\u00e1s la necesitan en momentos dif\u00edciles.<\/p><p>Chris obtuvo su licenciatura en la Universidad de Stony Brook, donde desarroll\u00f3 una s\u00f3lida base en pensamiento anal\u00edtico y resoluci\u00f3n de problemas. Posteriormente, continu\u00f3 su formaci\u00f3n jur\u00eddica en el Centro de Derecho Jacob D. Fuchsberg de la Universidad de Touro, donde perfeccion\u00f3 sus habilidades en derecho de lesiones personales y defensa.<\/p><p>Como abogado con licencia en el estado de Nueva York, Chris se compromete a defender los derechos de sus clientes y a obtener la compensaci\u00f3n que merecen. Ya sea que est\u00e9 lidiando con las consecuencias de un accidente grave o enfrentando desaf\u00edos legales complejos, Chris est\u00e1 aqu\u00ed para guiarlo en cada paso del proceso con experiencia y dedicaci\u00f3n.<\/p><p>Si busca un abogado experto y compasivo que le ayude con su caso de lesiones personales, ser\u00e1 un honor para Chris ayudarle. Trabajemos juntos para obtener la justicia y el apoyo que necesita.<\/p>\t\t\t\t\t\t\t\t<\/div>\n\t\t\t\t<\/div>\n\t\t\t\t<div class=\"elementor-element elementor-element-520234e elementor-align-left elementor-widget-mobile_extra__width-initial elementor-widget__width-initial elementor-mobile-align-center elementor-widget elementor-widget-button\" data-id=\"520234e\" data-element_type=\"widget\" data-e-type=\"widget\" data-widget_type=\"button.default\">\n\t\t\t\t<div class=\"elementor-widget-container\">\n\t\t\t\t\t\t\t\t\t<div class=\"elementor-button-wrapper\">\n\t\t\t\t\t<a class=\"elementor-button elementor-button-link elementor-size-xl\" href=\"https:\/\/robertkyounglaw.com\/es\/abogados-de-lesiones-personales\/\">\n\t\t\t\t\t\t<span class=\"elementor-button-content-wrapper\">\n\t\t\t\t\t\t\t\t\t<span class=\"elementor-button-text\">Volver a Abogados<\/span>\n\t\t\t\t\t<\/span>\n\t\t\t\t\t<\/a>\n\t\t\t\t<\/div>\n\t\t\t\t\t\t\t\t<\/div>\n\t\t\t\t<\/div>\n\t\t\t\t\t<\/div>\n\t\t<\/div>\n\t\t\t\t\t<\/div>\n\t\t<\/section>\n\t\t\t\t\t<\/div>\n\t\t<\/div>\n\t\t\t\t\t<\/div>\n\t\t<\/section>\n\t\t\t\t<\/div>","protected":false},"excerpt":{"rendered":"<p>Christopher M. Kelly Christopher M. Kelly is a dedicated personal injury attorney based in Merrick, New York, specializing in helping individuals who have been injured in motor vehicle accidents, slip and fall incidents, construction accidents, and dog bite cases. Chris\u2019s mission is to provide compassionate, effective legal representation to those who need it most during [&hellip;]<\/p>\n","protected":false},"author":2,"featured_media":2619,"parent":0,"menu_order":0,"comment_status":"closed","ping_status":"closed","template":"","meta":{"footnotes":""},"class_list":["post-2633","page","type-page","status-publish","has-post-thumbnail","hentry"],"yoast_head":"<!-- This site is optimized with the Yoast SEO plugin v27.4 - https:\/\/yoast.com\/product\/yoast-seo-wordpress\/ -->\n<title>Christopher M. Kelly | Robert K. Young &amp; Associates<\/title>\n<meta name=\"description\" content=\"Christopher M. Kelly is a personal injury lawyer in Merrick, New York, and specializes in car accidents, slip and fall accidents and more\" \/>\n<meta name=\"robots\" content=\"index, follow, max-snippet:-1, max-image-preview:large, max-video-preview:-1\" \/>\n<link rel=\"canonical\" href=\"https:\/\/robertkyounglaw.com\/es\/christopher-m-kelly\/\" \/>\n<meta property=\"og:locale\" content=\"es_ES\" \/>\n<meta property=\"og:type\" content=\"article\" \/>\n<meta property=\"og:title\" content=\"Christopher M. Kelly | Robert K. Young &amp; Associates\" \/>\n<meta property=\"og:description\" content=\"Christopher M. Kelly is a personal injury lawyer in Merrick, New York, and specializes in car accidents, slip and fall accidents and more\" \/>\n<meta property=\"og:url\" content=\"https:\/\/robertkyounglaw.com\/es\/christopher-m-kelly\/\" \/>\n<meta property=\"og:site_name\" content=\"Robert K. Young &amp; Associates\" \/>\n<meta property=\"article:publisher\" content=\"https:\/\/www.facebook.com\/robertkyoungpc\/\" \/>\n<meta property=\"article:modified_time\" content=\"2026-03-06T09:57:31+00:00\" \/>\n<meta property=\"og:image\" content=\"https:\/\/robertkyounglaw.com\/wp-content\/uploads\/2024\/05\/Staff-2024-1920x460-1.jpg\" \/>\n\t<meta property=\"og:image:width\" content=\"1920\" \/>\n\t<meta property=\"og:image:height\" content=\"460\" \/>\n\t<meta property=\"og:image:type\" content=\"image\/jpeg\" \/>\n<meta name=\"twitter:card\" content=\"summary_large_image\" \/>\n<meta name=\"twitter:label1\" content=\"Est. reading time\" \/>\n\t<meta name=\"twitter:data1\" content=\"2 minutos\" \/>\n<script type=\"application\/ld+json\" class=\"yoast-schema-graph\">{\"@context\":\"https:\\\/\\\/schema.org\",\"@graph\":[{\"@type\":\"WebPage\",\"@id\":\"https:\\\/\\\/robertkyounglaw.com\\\/christopher-m-kelly\\\/\",\"url\":\"https:\\\/\\\/robertkyounglaw.com\\\/christopher-m-kelly\\\/\",\"name\":\"Christopher M. Kelly | Robert K. Young & Associates\",\"isPartOf\":{\"@id\":\"https:\\\/\\\/robertkyounglaw.com\\\/#website\"},\"primaryImageOfPage\":{\"@id\":\"https:\\\/\\\/robertkyounglaw.com\\\/christopher-m-kelly\\\/#primaryimage\"},\"image\":{\"@id\":\"https:\\\/\\\/robertkyounglaw.com\\\/christopher-m-kelly\\\/#primaryimage\"},\"thumbnailUrl\":\"https:\\\/\\\/robertkyounglaw.com\\\/wp-content\\\/uploads\\\/2024\\\/05\\\/Staff-2024-1920x460-1.jpg\",\"datePublished\":\"2024-08-30T14:38:54+00:00\",\"dateModified\":\"2026-03-06T09:57:31+00:00\",\"description\":\"Christopher M. Kelly is a personal injury lawyer in Merrick, New York, and specializes in car accidents, slip and fall accidents and more\",\"breadcrumb\":{\"@id\":\"https:\\\/\\\/robertkyounglaw.com\\\/christopher-m-kelly\\\/#breadcrumb\"},\"inLanguage\":\"es\",\"potentialAction\":[{\"@type\":\"ReadAction\",\"target\":[\"https:\\\/\\\/robertkyounglaw.com\\\/christopher-m-kelly\\\/\"]}]},{\"@type\":\"ImageObject\",\"inLanguage\":\"es\",\"@id\":\"https:\\\/\\\/robertkyounglaw.com\\\/christopher-m-kelly\\\/#primaryimage\",\"url\":\"https:\\\/\\\/robertkyounglaw.com\\\/wp-content\\\/uploads\\\/2024\\\/05\\\/Staff-2024-1920x460-1.jpg\",\"contentUrl\":\"https:\\\/\\\/robertkyounglaw.com\\\/wp-content\\\/uploads\\\/2024\\\/05\\\/Staff-2024-1920x460-1.jpg\",\"width\":1920,\"height\":460,\"caption\":\"Group photo of Robert K. Young Law staff in 2024\"},{\"@type\":\"BreadcrumbList\",\"@id\":\"https:\\\/\\\/robertkyounglaw.com\\\/christopher-m-kelly\\\/#breadcrumb\",\"itemListElement\":[{\"@type\":\"ListItem\",\"position\":1,\"name\":\"Home\",\"item\":\"https:\\\/\\\/robertkyounglaw.com\\\/\"},{\"@type\":\"ListItem\",\"position\":2,\"name\":\"Christopher M. Kelly\"}]},{\"@type\":\"WebSite\",\"@id\":\"https:\\\/\\\/robertkyounglaw.com\\\/#website\",\"url\":\"https:\\\/\\\/robertkyounglaw.com\\\/\",\"name\":\"Robert K. Young & Associates\",\"description\":\"\",\"publisher\":{\"@id\":\"https:\\\/\\\/robertkyounglaw.com\\\/#organization\"},\"alternateName\":\"RKY\",\"potentialAction\":[{\"@type\":\"SearchAction\",\"target\":{\"@type\":\"EntryPoint\",\"urlTemplate\":\"https:\\\/\\\/robertkyounglaw.com\\\/?s={search_term_string}\"},\"query-input\":{\"@type\":\"PropertyValueSpecification\",\"valueRequired\":true,\"valueName\":\"search_term_string\"}}],\"inLanguage\":\"es\"},{\"@type\":\"Organization\",\"@id\":\"https:\\\/\\\/robertkyounglaw.com\\\/#organization\",\"name\":\"Robert K. Young & Associates\",\"alternateName\":\"RKY\",\"url\":\"https:\\\/\\\/robertkyounglaw.com\\\/\",\"logo\":{\"@type\":\"ImageObject\",\"inLanguage\":\"es\",\"@id\":\"https:\\\/\\\/robertkyounglaw.com\\\/#\\\/schema\\\/logo\\\/image\\\/\",\"url\":\"https:\\\/\\\/robertkyounglaw.com\\\/wp-content\\\/uploads\\\/2025\\\/05\\\/RKY-logo.jpg\",\"contentUrl\":\"https:\\\/\\\/robertkyounglaw.com\\\/wp-content\\\/uploads\\\/2025\\\/05\\\/RKY-logo.jpg\",\"width\":696,\"height\":696,\"caption\":\"Robert K. Young & Associates\"},\"image\":{\"@id\":\"https:\\\/\\\/robertkyounglaw.com\\\/#\\\/schema\\\/logo\\\/image\\\/\"},\"sameAs\":[\"https:\\\/\\\/www.facebook.com\\\/robertkyoungpc\\\/\",\"https:\\\/\\\/www.linkedin.com\\\/company\\\/robert-k-young-&-associates\"]}]}<\/script>\n<!-- \/ Yoast SEO plugin. -->","yoast_head_json":{"title":"Christopher M. Kelly | Robert K. Young & Associates","description":"Christopher M. Kelly is a personal injury lawyer in Merrick, New York, and specializes in car accidents, slip and fall accidents and more","robots":{"index":"index","follow":"follow","max-snippet":"max-snippet:-1","max-image-preview":"max-image-preview:large","max-video-preview":"max-video-preview:-1"},"canonical":"https:\/\/robertkyounglaw.com\/es\/christopher-m-kelly\/","og_locale":"es_ES","og_type":"article","og_title":"Christopher M. Kelly | Robert K. Young & Associates","og_description":"Christopher M. Kelly is a personal injury lawyer in Merrick, New York, and specializes in car accidents, slip and fall accidents and more","og_url":"https:\/\/robertkyounglaw.com\/es\/christopher-m-kelly\/","og_site_name":"Robert K. Young &amp; Associates","article_publisher":"https:\/\/www.facebook.com\/robertkyoungpc\/","article_modified_time":"2026-03-06T09:57:31+00:00","og_image":[{"width":1920,"height":460,"url":"https:\/\/robertkyounglaw.com\/wp-content\/uploads\/2024\/05\/Staff-2024-1920x460-1.jpg","type":"image\/jpeg"}],"twitter_card":"summary_large_image","twitter_misc":{"Est. reading time":"2 minutos"},"schema":{"@context":"https:\/\/schema.org","@graph":[{"@type":"WebPage","@id":"https:\/\/robertkyounglaw.com\/christopher-m-kelly\/","url":"https:\/\/robertkyounglaw.com\/christopher-m-kelly\/","name":"Christopher M. Kelly | Robert K. Young & Associates","isPartOf":{"@id":"https:\/\/robertkyounglaw.com\/#website"},"primaryImageOfPage":{"@id":"https:\/\/robertkyounglaw.com\/christopher-m-kelly\/#primaryimage"},"image":{"@id":"https:\/\/robertkyounglaw.com\/christopher-m-kelly\/#primaryimage"},"thumbnailUrl":"https:\/\/robertkyounglaw.com\/wp-content\/uploads\/2024\/05\/Staff-2024-1920x460-1.jpg","datePublished":"2024-08-30T14:38:54+00:00","dateModified":"2026-03-06T09:57:31+00:00","description":"Christopher M. Kelly is a personal injury lawyer in Merrick, New York, and specializes in car accidents, slip and fall accidents and more","breadcrumb":{"@id":"https:\/\/robertkyounglaw.com\/christopher-m-kelly\/#breadcrumb"},"inLanguage":"es","potentialAction":[{"@type":"ReadAction","target":["https:\/\/robertkyounglaw.com\/christopher-m-kelly\/"]}]},{"@type":"ImageObject","inLanguage":"es","@id":"https:\/\/robertkyounglaw.com\/christopher-m-kelly\/#primaryimage","url":"https:\/\/robertkyounglaw.com\/wp-content\/uploads\/2024\/05\/Staff-2024-1920x460-1.jpg","contentUrl":"https:\/\/robertkyounglaw.com\/wp-content\/uploads\/2024\/05\/Staff-2024-1920x460-1.jpg","width":1920,"height":460,"caption":"Group photo of Robert K. Young Law staff in 2024"},{"@type":"BreadcrumbList","@id":"https:\/\/robertkyounglaw.com\/christopher-m-kelly\/#breadcrumb","itemListElement":[{"@type":"ListItem","position":1,"name":"Home","item":"https:\/\/robertkyounglaw.com\/"},{"@type":"ListItem","position":2,"name":"Christopher M. Kelly"}]},{"@type":"WebSite","@id":"https:\/\/robertkyounglaw.com\/#website","url":"https:\/\/robertkyounglaw.com\/","name":"Robert K. Young y asociados","description":"","publisher":{"@id":"https:\/\/robertkyounglaw.com\/#organization"},"alternateName":"RKY","potentialAction":[{"@type":"SearchAction","target":{"@type":"EntryPoint","urlTemplate":"https:\/\/robertkyounglaw.com\/?s={search_term_string}"},"query-input":{"@type":"PropertyValueSpecification","valueRequired":true,"valueName":"search_term_string"}}],"inLanguage":"es"},{"@type":"Organization","@id":"https:\/\/robertkyounglaw.com\/#organization","name":"Robert K. Young y asociados","alternateName":"RKY","url":"https:\/\/robertkyounglaw.com\/","logo":{"@type":"ImageObject","inLanguage":"es","@id":"https:\/\/robertkyounglaw.com\/#\/schema\/logo\/image\/","url":"https:\/\/robertkyounglaw.com\/wp-content\/uploads\/2025\/05\/RKY-logo.jpg","contentUrl":"https:\/\/robertkyounglaw.com\/wp-content\/uploads\/2025\/05\/RKY-logo.jpg","width":696,"height":696,"caption":"Robert K. Young & Associates"},"image":{"@id":"https:\/\/robertkyounglaw.com\/#\/schema\/logo\/image\/"},"sameAs":["https:\/\/www.facebook.com\/robertkyoungpc\/","https:\/\/www.linkedin.com\/company\/robert-k-young-&-associates"]}]}},"_links":{"self":[{"href":"https:\/\/robertkyounglaw.com\/es\/wp-json\/wp\/v2\/pages\/2633","targetHints":{"allow":["GET"]}}],"collection":[{"href":"https:\/\/robertkyounglaw.com\/es\/wp-json\/wp\/v2\/pages"}],"about":[{"href":"https:\/\/robertkyounglaw.com\/es\/wp-json\/wp\/v2\/types\/page"}],"author":[{"embeddable":true,"href":"https:\/\/robertkyounglaw.com\/es\/wp-json\/wp\/v2\/users\/2"}],"replies":[{"embeddable":true,"href":"https:\/\/robertkyounglaw.com\/es\/wp-json\/wp\/v2\/comments?post=2633"}],"version-history":[{"count":0,"href":"https:\/\/robertkyounglaw.com\/es\/wp-json\/wp\/v2\/pages\/2633\/revisions"}],"wp:featuredmedia":[{"embeddable":true,"href":"https:\/\/robertkyounglaw.com\/es\/wp-json\/wp\/v2\/media\/2619"}],"wp:attachment":[{"href":"https:\/\/robertkyounglaw.com\/es\/wp-json\/wp\/v2\/media?parent=2633"}],"curies":[{"name":"Gracias","href":"https:\/\/api.w.org\/{rel}","templated":true}]}}