{"id":2536,"date":"2023-05-12T19:24:40","date_gmt":"2023-05-12T19:24:40","guid":{"rendered":"https:\/\/robertkyoungla.wpenginepowered.com\/?page_id=2536"},"modified":"2026-03-06T10:03:10","modified_gmt":"2026-03-06T10:03:10","slug":"john-c-spataro","status":"publish","type":"page","link":"https:\/\/robertkyounglaw.com\/es\/john-c-spataro\/","title":{"rendered":"Juan C. Spataro"},"content":{"rendered":"<div data-elementor-type=\"wp-page\" data-elementor-id=\"2536\" class=\"elementor elementor-2536\" data-elementor-post-type=\"page\">\n\t\t\t\t\t\t<section class=\"elementor-section elementor-top-section elementor-element elementor-element-f2f50ea elementor-section-full_width elementor-section-height-default elementor-section-height-default\" data-id=\"f2f50ea\" data-element_type=\"section\" data-e-type=\"section\">\n\t\t\t\t\t\t<div class=\"elementor-container elementor-column-gap-default\">\n\t\t\t\t\t<div class=\"elementor-column elementor-col-100 elementor-top-column elementor-element elementor-element-b4bb576\" data-id=\"b4bb576\" data-element_type=\"column\" data-e-type=\"column\">\n\t\t\t<div class=\"elementor-widget-wrap elementor-element-populated\">\n\t\t\t\t\t\t<section class=\"elementor-section elementor-inner-section elementor-element elementor-element-4033920 elementor-section-full_width elementor-section-height-default elementor-section-height-default\" data-id=\"4033920\" data-element_type=\"section\" data-e-type=\"section\">\n\t\t\t\t\t\t<div class=\"elementor-container elementor-column-gap-default\">\n\t\t\t\t\t<div class=\"elementor-column elementor-col-50 elementor-inner-column elementor-element elementor-element-27c891a\" data-id=\"27c891a\" data-element_type=\"column\" data-e-type=\"column\">\n\t\t\t<div class=\"elementor-widget-wrap elementor-element-populated\">\n\t\t\t\t\t\t<div class=\"elementor-element elementor-element-bde2f3b elementor-widget__width-initial headshot elementor-widget elementor-widget-image\" data-id=\"bde2f3b\" data-element_type=\"widget\" data-e-type=\"widget\" data-widget_type=\"image.default\">\n\t\t\t\t<div class=\"elementor-widget-container\">\n\t\t\t\t\t\t\t\t\t\t\t\t\t\t\t<img fetchpriority=\"high\" decoding=\"async\" width=\"500\" height=\"500\" src=\"https:\/\/robertkyounglaw.com\/wp-content\/uploads\/2023\/05\/John-Spataro-RKY-Attorney.png\" class=\"attachment-full size-full wp-image-2539\" alt=\"John Spataro, Attorney at Robert K. Young Law\" srcset=\"https:\/\/robertkyounglaw.com\/wp-content\/uploads\/2023\/05\/John-Spataro-RKY-Attorney.png 500w, https:\/\/robertkyounglaw.com\/wp-content\/uploads\/2023\/05\/John-Spataro-RKY-Attorney-300x300.png 300w, https:\/\/robertkyounglaw.com\/wp-content\/uploads\/2023\/05\/John-Spataro-RKY-Attorney-150x150.png 150w, https:\/\/robertkyounglaw.com\/wp-content\/uploads\/2023\/05\/John-Spataro-RKY-Attorney-12x12.png 12w\" sizes=\"(max-width: 500px) 100vw, 500px\" \/>\t\t\t\t\t\t\t\t\t\t\t\t\t\t\t<\/div>\n\t\t\t\t<\/div>\n\t\t\t\t<div class=\"elementor-element elementor-element-930cd61 main-heading elementor-widget elementor-widget-heading\" data-id=\"930cd61\" data-element_type=\"widget\" data-e-type=\"widget\" data-widget_type=\"heading.default\">\n\t\t\t\t<div class=\"elementor-widget-container\">\n\t\t\t\t\t<h3 class=\"elementor-heading-title elementor-size-default\">Juan C. Spataro\n<\/h3>\t\t\t\t<\/div>\n\t\t\t\t<\/div>\n\t\t\t\t<div class=\"elementor-element elementor-element-e9c62f8 elementor-widget-divider--view-line elementor-widget elementor-widget-divider\" data-id=\"e9c62f8\" data-element_type=\"widget\" data-e-type=\"widget\" data-widget_type=\"divider.default\">\n\t\t\t\t<div class=\"elementor-widget-container\">\n\t\t\t\t\t\t\t<div class=\"elementor-divider\">\n\t\t\t<span class=\"elementor-divider-separator\">\n\t\t\t\t\t\t<\/span>\n\t\t<\/div>\n\t\t\t\t\t\t<\/div>\n\t\t\t\t<\/div>\n\t\t\t\t\t<\/div>\n\t\t<\/div>\n\t\t\t\t<div class=\"elementor-column elementor-col-50 elementor-inner-column elementor-element elementor-element-a2de15b\" data-id=\"a2de15b\" data-element_type=\"column\" data-e-type=\"column\" data-settings=\"{&quot;background_background&quot;:&quot;classic&quot;}\">\n\t\t\t<div class=\"elementor-widget-wrap elementor-element-populated\">\n\t\t\t\t\t\t<div class=\"elementor-element elementor-element-fbb9db0 elementor-widget elementor-widget-text-editor\" data-id=\"fbb9db0\" data-element_type=\"widget\" data-e-type=\"widget\" data-widget_type=\"text-editor.default\">\n\t\t\t\t<div class=\"elementor-widget-container\">\n\t\t\t\t\t\t\t\t\t<p>John C. Spataro recibi\u00f3 su Doctorado en Jurisprudencia de la Facultad de Derecho de Washington de la Universidad Americana y fue admitido para ejercer la abogac\u00eda en Nueva York en 2017. John tambi\u00e9n recibi\u00f3 su Maestr\u00eda en Administraci\u00f3n de Empresas de la Escuela de Negocios Kogod de la Universidad Americana en 2016 y su Licenciatura en Artes. Licenciatura en Comunicaci\u00f3n Organizacional de SUNY New Paltz en 2011. Antes de unirse a RKY, la carrera de John se centr\u00f3 en transacciones corporativas, impuestos y cumplimiento normativo.<\/p>\t\t\t\t\t\t\t\t<\/div>\n\t\t\t\t<\/div>\n\t\t\t\t\t<\/div>\n\t\t<\/div>\n\t\t\t\t\t<\/div>\n\t\t<\/section>\n\t\t\t\t\t<\/div>\n\t\t<\/div>\n\t\t\t\t\t<\/div>\n\t\t<\/section>\n\t\t\t\t<section class=\"elementor-section elementor-top-section elementor-element elementor-element-4a5552c elementor-section-full_width elementor-section-height-default elementor-section-height-default\" data-id=\"4a5552c\" data-element_type=\"section\" data-e-type=\"section\">\n\t\t\t\t\t\t<div class=\"elementor-container elementor-column-gap-default\">\n\t\t\t\t\t<div class=\"elementor-column elementor-col-100 elementor-top-column elementor-element elementor-element-6d7d3d6\" data-id=\"6d7d3d6\" data-element_type=\"column\" data-e-type=\"column\">\n\t\t\t<div class=\"elementor-widget-wrap elementor-element-populated\">\n\t\t\t\t\t\t<div class=\"elementor-element elementor-element-520234e elementor-align-left elementor-widget-mobile_extra__width-initial elementor-widget__width-initial elementor-mobile-align-center elementor-widget elementor-widget-button\" data-id=\"520234e\" data-element_type=\"widget\" data-e-type=\"widget\" data-widget_type=\"button.default\">\n\t\t\t\t<div class=\"elementor-widget-container\">\n\t\t\t\t\t\t\t\t\t<div class=\"elementor-button-wrapper\">\n\t\t\t\t\t<a class=\"elementor-button elementor-button-link elementor-size-xl\" href=\"https:\/\/robertkyounglaw.com\/es\/abogados-de-lesiones-personales\/\">\n\t\t\t\t\t\t<span class=\"elementor-button-content-wrapper\">\n\t\t\t\t\t\t\t\t\t<span class=\"elementor-button-text\">Volver a Abogados<\/span>\n\t\t\t\t\t<\/span>\n\t\t\t\t\t<\/a>\n\t\t\t\t<\/div>\n\t\t\t\t\t\t\t\t<\/div>\n\t\t\t\t<\/div>\n\t\t\t\t\t<\/div>\n\t\t<\/div>\n\t\t\t\t\t<\/div>\n\t\t<\/section>\n\t\t\t\t<\/div>","protected":false},"excerpt":{"rendered":"<p>John C. Spataro John C. Spataro received his Juris Doctorate from The American University Washington College of Law and was admitted to practice law in New York in 2017. John also received his Master of Business Administration from The American University Kogod School of Business in 2016 and Bachelor of Arts Degree in Organizational Communication [&hellip;]<\/p>\n","protected":false},"author":2,"featured_media":2619,"parent":0,"menu_order":0,"comment_status":"closed","ping_status":"closed","template":"","meta":{"footnotes":""},"class_list":["post-2536","page","type-page","status-publish","has-post-thumbnail","hentry"],"yoast_head":"<!-- This site is optimized with the Yoast SEO plugin v27.4 - https:\/\/yoast.com\/product\/yoast-seo-wordpress\/ -->\n<title>John C. Spataro | Robert K. Young &amp; Associates<\/title>\n<meta name=\"description\" content=\"Learn about John C. Spataro, a dedicated attorney at Robert K. Young Law, specializing in personal injury, accident claims, and legal advocacy.\" \/>\n<meta name=\"robots\" content=\"index, follow, max-snippet:-1, max-image-preview:large, max-video-preview:-1\" \/>\n<link rel=\"canonical\" href=\"https:\/\/robertkyounglaw.com\/es\/john-c-spataro\/\" \/>\n<meta property=\"og:locale\" content=\"es_ES\" \/>\n<meta property=\"og:type\" content=\"article\" \/>\n<meta property=\"og:title\" content=\"John C. Spataro | Robert K. Young &amp; Associates\" \/>\n<meta property=\"og:description\" content=\"Learn about John C. Spataro, a dedicated attorney at Robert K. Young Law, specializing in personal injury, accident claims, and legal advocacy.\" \/>\n<meta property=\"og:url\" content=\"https:\/\/robertkyounglaw.com\/es\/john-c-spataro\/\" \/>\n<meta property=\"og:site_name\" content=\"Robert K. Young &amp; Associates\" \/>\n<meta property=\"article:publisher\" content=\"https:\/\/www.facebook.com\/robertkyoungpc\/\" \/>\n<meta property=\"article:modified_time\" content=\"2026-03-06T10:03:10+00:00\" \/>\n<meta property=\"og:image\" content=\"https:\/\/robertkyounglaw.com\/wp-content\/uploads\/2024\/05\/Staff-2024-1920x460-1.jpg\" \/>\n\t<meta property=\"og:image:width\" content=\"1920\" \/>\n\t<meta property=\"og:image:height\" content=\"460\" \/>\n\t<meta property=\"og:image:type\" content=\"image\/jpeg\" \/>\n<meta name=\"twitter:card\" content=\"summary_large_image\" \/>\n<meta name=\"twitter:label1\" content=\"Est. reading time\" \/>\n\t<meta name=\"twitter:data1\" content=\"1 minuto\" \/>\n<script type=\"application\/ld+json\" class=\"yoast-schema-graph\">{\"@context\":\"https:\\\/\\\/schema.org\",\"@graph\":[{\"@type\":\"WebPage\",\"@id\":\"https:\\\/\\\/robertkyounglaw.com\\\/john-c-spataro\\\/\",\"url\":\"https:\\\/\\\/robertkyounglaw.com\\\/john-c-spataro\\\/\",\"name\":\"John C. Spataro | Robert K. Young & Associates\",\"isPartOf\":{\"@id\":\"https:\\\/\\\/robertkyounglaw.com\\\/#website\"},\"primaryImageOfPage\":{\"@id\":\"https:\\\/\\\/robertkyounglaw.com\\\/john-c-spataro\\\/#primaryimage\"},\"image\":{\"@id\":\"https:\\\/\\\/robertkyounglaw.com\\\/john-c-spataro\\\/#primaryimage\"},\"thumbnailUrl\":\"https:\\\/\\\/robertkyounglaw.com\\\/wp-content\\\/uploads\\\/2024\\\/05\\\/Staff-2024-1920x460-1.jpg\",\"datePublished\":\"2023-05-12T19:24:40+00:00\",\"dateModified\":\"2026-03-06T10:03:10+00:00\",\"description\":\"Learn about John C. Spataro, a dedicated attorney at Robert K. Young Law, specializing in personal injury, accident claims, and legal advocacy.\",\"breadcrumb\":{\"@id\":\"https:\\\/\\\/robertkyounglaw.com\\\/john-c-spataro\\\/#breadcrumb\"},\"inLanguage\":\"es\",\"potentialAction\":[{\"@type\":\"ReadAction\",\"target\":[\"https:\\\/\\\/robertkyounglaw.com\\\/john-c-spataro\\\/\"]}]},{\"@type\":\"ImageObject\",\"inLanguage\":\"es\",\"@id\":\"https:\\\/\\\/robertkyounglaw.com\\\/john-c-spataro\\\/#primaryimage\",\"url\":\"https:\\\/\\\/robertkyounglaw.com\\\/wp-content\\\/uploads\\\/2024\\\/05\\\/Staff-2024-1920x460-1.jpg\",\"contentUrl\":\"https:\\\/\\\/robertkyounglaw.com\\\/wp-content\\\/uploads\\\/2024\\\/05\\\/Staff-2024-1920x460-1.jpg\",\"width\":1920,\"height\":460,\"caption\":\"Group photo of Robert K. Young Law staff in 2024\"},{\"@type\":\"BreadcrumbList\",\"@id\":\"https:\\\/\\\/robertkyounglaw.com\\\/john-c-spataro\\\/#breadcrumb\",\"itemListElement\":[{\"@type\":\"ListItem\",\"position\":1,\"name\":\"Home\",\"item\":\"https:\\\/\\\/robertkyounglaw.com\\\/\"},{\"@type\":\"ListItem\",\"position\":2,\"name\":\"John C. Spataro\"}]},{\"@type\":\"WebSite\",\"@id\":\"https:\\\/\\\/robertkyounglaw.com\\\/#website\",\"url\":\"https:\\\/\\\/robertkyounglaw.com\\\/\",\"name\":\"Robert K. Young & Associates\",\"description\":\"\",\"publisher\":{\"@id\":\"https:\\\/\\\/robertkyounglaw.com\\\/#organization\"},\"alternateName\":\"RKY\",\"potentialAction\":[{\"@type\":\"SearchAction\",\"target\":{\"@type\":\"EntryPoint\",\"urlTemplate\":\"https:\\\/\\\/robertkyounglaw.com\\\/?s={search_term_string}\"},\"query-input\":{\"@type\":\"PropertyValueSpecification\",\"valueRequired\":true,\"valueName\":\"search_term_string\"}}],\"inLanguage\":\"es\"},{\"@type\":\"Organization\",\"@id\":\"https:\\\/\\\/robertkyounglaw.com\\\/#organization\",\"name\":\"Robert K. Young & Associates\",\"alternateName\":\"RKY\",\"url\":\"https:\\\/\\\/robertkyounglaw.com\\\/\",\"logo\":{\"@type\":\"ImageObject\",\"inLanguage\":\"es\",\"@id\":\"https:\\\/\\\/robertkyounglaw.com\\\/#\\\/schema\\\/logo\\\/image\\\/\",\"url\":\"https:\\\/\\\/robertkyounglaw.com\\\/wp-content\\\/uploads\\\/2025\\\/05\\\/RKY-logo.jpg\",\"contentUrl\":\"https:\\\/\\\/robertkyounglaw.com\\\/wp-content\\\/uploads\\\/2025\\\/05\\\/RKY-logo.jpg\",\"width\":696,\"height\":696,\"caption\":\"Robert K. Young & Associates\"},\"image\":{\"@id\":\"https:\\\/\\\/robertkyounglaw.com\\\/#\\\/schema\\\/logo\\\/image\\\/\"},\"sameAs\":[\"https:\\\/\\\/www.facebook.com\\\/robertkyoungpc\\\/\",\"https:\\\/\\\/www.linkedin.com\\\/company\\\/robert-k-young-&-associates\"]}]}<\/script>\n<!-- \/ Yoast SEO plugin. -->","yoast_head_json":{"title":"John C. Spataro | Robert K. Young & Associates","description":"Learn about John C. Spataro, a dedicated attorney at Robert K. Young Law, specializing in personal injury, accident claims, and legal advocacy.","robots":{"index":"index","follow":"follow","max-snippet":"max-snippet:-1","max-image-preview":"max-image-preview:large","max-video-preview":"max-video-preview:-1"},"canonical":"https:\/\/robertkyounglaw.com\/es\/john-c-spataro\/","og_locale":"es_ES","og_type":"article","og_title":"John C. Spataro | Robert K. Young & Associates","og_description":"Learn about John C. Spataro, a dedicated attorney at Robert K. Young Law, specializing in personal injury, accident claims, and legal advocacy.","og_url":"https:\/\/robertkyounglaw.com\/es\/john-c-spataro\/","og_site_name":"Robert K. Young &amp; Associates","article_publisher":"https:\/\/www.facebook.com\/robertkyoungpc\/","article_modified_time":"2026-03-06T10:03:10+00:00","og_image":[{"width":1920,"height":460,"url":"https:\/\/robertkyounglaw.com\/wp-content\/uploads\/2024\/05\/Staff-2024-1920x460-1.jpg","type":"image\/jpeg"}],"twitter_card":"summary_large_image","twitter_misc":{"Est. reading time":"1 minuto"},"schema":{"@context":"https:\/\/schema.org","@graph":[{"@type":"WebPage","@id":"https:\/\/robertkyounglaw.com\/john-c-spataro\/","url":"https:\/\/robertkyounglaw.com\/john-c-spataro\/","name":"John C. Spataro | Robert K. Young & Associates","isPartOf":{"@id":"https:\/\/robertkyounglaw.com\/#website"},"primaryImageOfPage":{"@id":"https:\/\/robertkyounglaw.com\/john-c-spataro\/#primaryimage"},"image":{"@id":"https:\/\/robertkyounglaw.com\/john-c-spataro\/#primaryimage"},"thumbnailUrl":"https:\/\/robertkyounglaw.com\/wp-content\/uploads\/2024\/05\/Staff-2024-1920x460-1.jpg","datePublished":"2023-05-12T19:24:40+00:00","dateModified":"2026-03-06T10:03:10+00:00","description":"Learn about John C. Spataro, a dedicated attorney at Robert K. Young Law, specializing in personal injury, accident claims, and legal advocacy.","breadcrumb":{"@id":"https:\/\/robertkyounglaw.com\/john-c-spataro\/#breadcrumb"},"inLanguage":"es","potentialAction":[{"@type":"ReadAction","target":["https:\/\/robertkyounglaw.com\/john-c-spataro\/"]}]},{"@type":"ImageObject","inLanguage":"es","@id":"https:\/\/robertkyounglaw.com\/john-c-spataro\/#primaryimage","url":"https:\/\/robertkyounglaw.com\/wp-content\/uploads\/2024\/05\/Staff-2024-1920x460-1.jpg","contentUrl":"https:\/\/robertkyounglaw.com\/wp-content\/uploads\/2024\/05\/Staff-2024-1920x460-1.jpg","width":1920,"height":460,"caption":"Group photo of Robert K. Young Law staff in 2024"},{"@type":"BreadcrumbList","@id":"https:\/\/robertkyounglaw.com\/john-c-spataro\/#breadcrumb","itemListElement":[{"@type":"ListItem","position":1,"name":"Home","item":"https:\/\/robertkyounglaw.com\/"},{"@type":"ListItem","position":2,"name":"John C. Spataro"}]},{"@type":"WebSite","@id":"https:\/\/robertkyounglaw.com\/#website","url":"https:\/\/robertkyounglaw.com\/","name":"Robert K. Young y asociados","description":"","publisher":{"@id":"https:\/\/robertkyounglaw.com\/#organization"},"alternateName":"RKY","potentialAction":[{"@type":"SearchAction","target":{"@type":"EntryPoint","urlTemplate":"https:\/\/robertkyounglaw.com\/?s={search_term_string}"},"query-input":{"@type":"PropertyValueSpecification","valueRequired":true,"valueName":"search_term_string"}}],"inLanguage":"es"},{"@type":"Organization","@id":"https:\/\/robertkyounglaw.com\/#organization","name":"Robert K. Young y asociados","alternateName":"RKY","url":"https:\/\/robertkyounglaw.com\/","logo":{"@type":"ImageObject","inLanguage":"es","@id":"https:\/\/robertkyounglaw.com\/#\/schema\/logo\/image\/","url":"https:\/\/robertkyounglaw.com\/wp-content\/uploads\/2025\/05\/RKY-logo.jpg","contentUrl":"https:\/\/robertkyounglaw.com\/wp-content\/uploads\/2025\/05\/RKY-logo.jpg","width":696,"height":696,"caption":"Robert K. Young & Associates"},"image":{"@id":"https:\/\/robertkyounglaw.com\/#\/schema\/logo\/image\/"},"sameAs":["https:\/\/www.facebook.com\/robertkyoungpc\/","https:\/\/www.linkedin.com\/company\/robert-k-young-&-associates"]}]}},"_links":{"self":[{"href":"https:\/\/robertkyounglaw.com\/es\/wp-json\/wp\/v2\/pages\/2536","targetHints":{"allow":["GET"]}}],"collection":[{"href":"https:\/\/robertkyounglaw.com\/es\/wp-json\/wp\/v2\/pages"}],"about":[{"href":"https:\/\/robertkyounglaw.com\/es\/wp-json\/wp\/v2\/types\/page"}],"author":[{"embeddable":true,"href":"https:\/\/robertkyounglaw.com\/es\/wp-json\/wp\/v2\/users\/2"}],"replies":[{"embeddable":true,"href":"https:\/\/robertkyounglaw.com\/es\/wp-json\/wp\/v2\/comments?post=2536"}],"version-history":[{"count":0,"href":"https:\/\/robertkyounglaw.com\/es\/wp-json\/wp\/v2\/pages\/2536\/revisions"}],"wp:featuredmedia":[{"embeddable":true,"href":"https:\/\/robertkyounglaw.com\/es\/wp-json\/wp\/v2\/media\/2619"}],"wp:attachment":[{"href":"https:\/\/robertkyounglaw.com\/es\/wp-json\/wp\/v2\/media?parent=2536"}],"curies":[{"name":"Gracias","href":"https:\/\/api.w.org\/{rel}","templated":true}]}}