{"id":2037,"date":"2023-04-11T15:59:31","date_gmt":"2023-04-11T15:59:31","guid":{"rendered":"https:\/\/robertkyounglaw.flywheelsites.com\/?page_id=2037"},"modified":"2025-04-07T16:51:33","modified_gmt":"2025-04-07T16:51:33","slug":"reclamaciones-de-compensacion-laboral","status":"publish","type":"page","link":"https:\/\/robertkyounglaw.com\/es\/workers-compensation-claims\/","title":{"rendered":"Reclamos de Compensaci\u00f3n de Trabajadores"},"content":{"rendered":"\t\t<div data-elementor-type=\"wp-page\" data-elementor-id=\"2037\" class=\"elementor elementor-2037\" data-elementor-post-type=\"page\">\n\t\t\t\t\t\t<section class=\"elementor-section elementor-top-section elementor-element elementor-element-5ad7494 elementor-section-boxed elementor-section-height-default elementor-section-height-default\" data-id=\"5ad7494\" data-element_type=\"section\" data-e-type=\"section\">\n\t\t\t\t\t\t<div class=\"elementor-container elementor-column-gap-default\">\n\t\t\t\t\t<div class=\"elementor-column elementor-col-100 elementor-top-column elementor-element elementor-element-ea76d4a\" data-id=\"ea76d4a\" data-element_type=\"column\" data-e-type=\"column\" data-settings=\"{&quot;background_background&quot;:&quot;classic&quot;}\">\n\t\t\t<div class=\"elementor-widget-wrap elementor-element-populated\">\n\t\t\t\t\t\t<div class=\"elementor-element elementor-element-f572814 elementor-widget elementor-widget-text-editor\" data-id=\"f572814\" data-element_type=\"widget\" data-e-type=\"widget\" data-widget_type=\"text-editor.default\">\n\t\t\t\t<div class=\"elementor-widget-container\">\n\t\t\t\t\t\t\t\t\t<div class=\"flex flex-grow flex-col gap-3\"><div class=\"min-h-[20px] flex flex-col items-start gap-4 whitespace-pre-wrap\"><div class=\"markdown prose w-full break-words dark:prose-invert light\"><p>Workers&#8217; compensation provides financial and medical benefits to employees who are injured on the job. If you have been injured at work in Merrick, NY, or the surrounding areas, a workers&#8217; compensation attorney at Robert K. Young Law can help you obtain the benefits you need to cover medical expenses, lost wages, and other costs associated with your injury.<\/p><p>In order to qualify for a workers&#8217; compensation case, you must be an employee who has been injured while performing work-related duties. This includes injuries that occur on the employer&#8217;s premises, as well as injuries that occur off-site while you are performing job-related tasks. It&#8217;s important to notify your employer of your injury as soon as possible after it occurs, as there are strict deadlines for filing a workers&#8217; compensation claim.<\/p><p>When you work with a workers&#8217; compensation attorney at Robert K. Young Law, we will help you file your claim, gather the medical evidence necessary to support your claim, and negotiate with the insurance company to ensure that you receive the benefits you are entitled to under the law. We understand how important workers&#8217; compensation benefits are to your financial security and recovery, and we will work tirelessly to ensure that your rights are protected throughout the process.<\/p><p>Common types of work-related injuries that may qualify for workers&#8217; compensation benefits include slip and falls, repetitive stress injuries, and injuries caused by equipment or machinery. In addition, workers who develop occupational diseases, such as lung disease or hearing loss, may also be eligible for workers&#8217; compensation benefits.<\/p><p>If you have been injured on the job in Merrick, NY, or the surrounding areas, don&#8217;t wait to get the help you need. Contact Robert K. Young Law today to schedule a consultation with an experienced workers&#8217; compensation attorney. We have a track record of success in helping injured workers obtain the benefits they need to recover from their injuries and move forward with their lives.<\/p><\/div><\/div><\/div>\t\t\t\t\t\t\t\t<\/div>\n\t\t\t\t<\/div>\n\t\t\t\t\t<\/div>\n\t\t<\/div>\n\t\t\t\t\t<\/div>\n\t\t<\/section>\n\t\t\t\t<\/div>\n\t\t","protected":false},"excerpt":{"rendered":"<p>Workers&#8217; compensation provides financial and medical benefits to employees who are injured on the job. If you have been injured at work in Merrick, NY, or the surrounding areas, a workers&#8217; compensation attorney at Robert K. Young Law can help you obtain the benefits you need to cover medical expenses, lost wages, and other costs [&hellip;]<\/p>\n","protected":false},"author":2,"featured_media":1816,"parent":0,"menu_order":0,"comment_status":"closed","ping_status":"closed","template":"","meta":{"footnotes":""},"class_list":["post-2037","page","type-page","status-publish","has-post-thumbnail","hentry"],"yoast_head":"<!-- This site is optimized with the Yoast SEO plugin v27.3 - https:\/\/yoast.com\/product\/yoast-seo-wordpress\/ -->\n<title>Workers Compensation Claims | Robert K. Young &amp; Associates<\/title>\n<meta name=\"description\" content=\"Robert K. Young, Workers\u2019 Compensation Attorney in Merrick, helps injured workers get benefits for medical costs, lost wages, and recovery.\" \/>\n<meta name=\"robots\" content=\"index, follow, max-snippet:-1, max-image-preview:large, max-video-preview:-1\" \/>\n<link rel=\"canonical\" href=\"https:\/\/robertkyounglaw.com\/es\/reclamaciones-de-compensacion-laboral\/\" \/>\n<meta property=\"og:locale\" content=\"es_ES\" \/>\n<meta property=\"og:type\" content=\"article\" \/>\n<meta property=\"og:title\" content=\"Workers Compensation Claims | Robert K. Young &amp; Associates\" \/>\n<meta property=\"og:description\" content=\"Robert K. Young, Workers\u2019 Compensation Attorney in Merrick, helps injured workers get benefits for medical costs, lost wages, and recovery.\" \/>\n<meta property=\"og:url\" content=\"https:\/\/robertkyounglaw.com\/es\/reclamaciones-de-compensacion-laboral\/\" \/>\n<meta property=\"og:site_name\" content=\"Robert K. Young &amp; Associates\" \/>\n<meta property=\"article:publisher\" content=\"https:\/\/www.facebook.com\/robertkyoungpc\/\" \/>\n<meta property=\"article:modified_time\" content=\"2025-04-07T16:51:33+00:00\" \/>\n<meta property=\"og:image\" content=\"https:\/\/robertkyounglaw.com\/wp-content\/uploads\/2023\/04\/construction-2578410_1280-Small.jpg\" \/>\n\t<meta property=\"og:image:width\" content=\"719\" \/>\n\t<meta property=\"og:image:height\" content=\"480\" \/>\n\t<meta property=\"og:image:type\" content=\"image\/jpeg\" \/>\n<meta name=\"twitter:card\" content=\"summary_large_image\" \/>\n<meta name=\"twitter:label1\" content=\"Est. reading time\" \/>\n\t<meta name=\"twitter:data1\" content=\"2 minutos\" \/>\n<script type=\"application\/ld+json\" class=\"yoast-schema-graph\">{\"@context\":\"https:\\\/\\\/schema.org\",\"@graph\":[{\"@type\":\"WebPage\",\"@id\":\"https:\\\/\\\/robertkyounglaw.com\\\/workers-compensation-claims\\\/\",\"url\":\"https:\\\/\\\/robertkyounglaw.com\\\/workers-compensation-claims\\\/\",\"name\":\"Workers Compensation Claims | Robert K. Young &amp; Associates\",\"isPartOf\":{\"@id\":\"https:\\\/\\\/robertkyounglaw.com\\\/#website\"},\"primaryImageOfPage\":{\"@id\":\"https:\\\/\\\/robertkyounglaw.com\\\/workers-compensation-claims\\\/#primaryimage\"},\"image\":{\"@id\":\"https:\\\/\\\/robertkyounglaw.com\\\/workers-compensation-claims\\\/#primaryimage\"},\"thumbnailUrl\":\"https:\\\/\\\/robertkyounglaw.com\\\/wp-content\\\/uploads\\\/2023\\\/04\\\/construction-2578410_1280-Small.jpg\",\"datePublished\":\"2023-04-11T15:59:31+00:00\",\"dateModified\":\"2025-04-07T16:51:33+00:00\",\"description\":\"Robert K. Young, Workers\u2019 Compensation Attorney in Merrick, helps injured workers get benefits for medical costs, lost wages, and recovery.\",\"breadcrumb\":{\"@id\":\"https:\\\/\\\/robertkyounglaw.com\\\/workers-compensation-claims\\\/#breadcrumb\"},\"inLanguage\":\"es\",\"potentialAction\":[{\"@type\":\"ReadAction\",\"target\":[\"https:\\\/\\\/robertkyounglaw.com\\\/workers-compensation-claims\\\/\"]}]},{\"@type\":\"ImageObject\",\"inLanguage\":\"es\",\"@id\":\"https:\\\/\\\/robertkyounglaw.com\\\/workers-compensation-claims\\\/#primaryimage\",\"url\":\"https:\\\/\\\/robertkyounglaw.com\\\/wp-content\\\/uploads\\\/2023\\\/04\\\/construction-2578410_1280-Small.jpg\",\"contentUrl\":\"https:\\\/\\\/robertkyounglaw.com\\\/wp-content\\\/uploads\\\/2023\\\/04\\\/construction-2578410_1280-Small.jpg\",\"width\":719,\"height\":480,\"caption\":\"Construction site with workers and machinery\"},{\"@type\":\"BreadcrumbList\",\"@id\":\"https:\\\/\\\/robertkyounglaw.com\\\/workers-compensation-claims\\\/#breadcrumb\",\"itemListElement\":[{\"@type\":\"ListItem\",\"position\":1,\"name\":\"Home\",\"item\":\"https:\\\/\\\/robertkyounglaw.com\\\/\"},{\"@type\":\"ListItem\",\"position\":2,\"name\":\"Workers Compensation Claims\"}]},{\"@type\":\"WebSite\",\"@id\":\"https:\\\/\\\/robertkyounglaw.com\\\/#website\",\"url\":\"https:\\\/\\\/robertkyounglaw.com\\\/\",\"name\":\"Robert K. Young & Associates\",\"description\":\"\",\"publisher\":{\"@id\":\"https:\\\/\\\/robertkyounglaw.com\\\/#organization\"},\"alternateName\":\"RKY\",\"potentialAction\":[{\"@type\":\"SearchAction\",\"target\":{\"@type\":\"EntryPoint\",\"urlTemplate\":\"https:\\\/\\\/robertkyounglaw.com\\\/?s={search_term_string}\"},\"query-input\":{\"@type\":\"PropertyValueSpecification\",\"valueRequired\":true,\"valueName\":\"search_term_string\"}}],\"inLanguage\":\"es\"},{\"@type\":\"Organization\",\"@id\":\"https:\\\/\\\/robertkyounglaw.com\\\/#organization\",\"name\":\"Robert K. Young & Associates\",\"alternateName\":\"RKY\",\"url\":\"https:\\\/\\\/robertkyounglaw.com\\\/\",\"logo\":{\"@type\":\"ImageObject\",\"inLanguage\":\"es\",\"@id\":\"https:\\\/\\\/robertkyounglaw.com\\\/#\\\/schema\\\/logo\\\/image\\\/\",\"url\":\"https:\\\/\\\/robertkyounglaw.com\\\/wp-content\\\/uploads\\\/2025\\\/05\\\/RKY-logo.jpg\",\"contentUrl\":\"https:\\\/\\\/robertkyounglaw.com\\\/wp-content\\\/uploads\\\/2025\\\/05\\\/RKY-logo.jpg\",\"width\":696,\"height\":696,\"caption\":\"Robert K. Young & Associates\"},\"image\":{\"@id\":\"https:\\\/\\\/robertkyounglaw.com\\\/#\\\/schema\\\/logo\\\/image\\\/\"},\"sameAs\":[\"https:\\\/\\\/www.facebook.com\\\/robertkyoungpc\\\/\",\"https:\\\/\\\/www.linkedin.com\\\/company\\\/robert-k-young-&-associates\"]}]}<\/script>\n<!-- \/ Yoast SEO plugin. -->","yoast_head_json":{"title":"Reclamaciones de indemnizaci\u00f3n laboral | Robert K. Young &amp; Associates","description":"Robert K. Young, abogado de compensaci\u00f3n laboral en Merrick, ayuda a los trabajadores lesionados a obtener beneficios por costos m\u00e9dicos, salarios perdidos y recuperaci\u00f3n.","robots":{"index":"index","follow":"follow","max-snippet":"max-snippet:-1","max-image-preview":"max-image-preview:large","max-video-preview":"max-video-preview:-1"},"canonical":"https:\/\/robertkyounglaw.com\/es\/reclamaciones-de-compensacion-laboral\/","og_locale":"es_ES","og_type":"article","og_title":"Workers Compensation Claims | Robert K. Young &amp; Associates","og_description":"Robert K. Young, Workers\u2019 Compensation Attorney in Merrick, helps injured workers get benefits for medical costs, lost wages, and recovery.","og_url":"https:\/\/robertkyounglaw.com\/es\/reclamaciones-de-compensacion-laboral\/","og_site_name":"Robert K. Young &amp; Associates","article_publisher":"https:\/\/www.facebook.com\/robertkyoungpc\/","article_modified_time":"2025-04-07T16:51:33+00:00","og_image":[{"width":719,"height":480,"url":"https:\/\/robertkyounglaw.com\/wp-content\/uploads\/2023\/04\/construction-2578410_1280-Small.jpg","type":"image\/jpeg"}],"twitter_card":"summary_large_image","twitter_misc":{"Est. reading time":"2 minutos"},"schema":{"@context":"https:\/\/schema.org","@graph":[{"@type":"WebPage","@id":"https:\/\/robertkyounglaw.com\/workers-compensation-claims\/","url":"https:\/\/robertkyounglaw.com\/workers-compensation-claims\/","name":"Reclamaciones de indemnizaci\u00f3n laboral | Robert K. Young &amp; Associates","isPartOf":{"@id":"https:\/\/robertkyounglaw.com\/#website"},"primaryImageOfPage":{"@id":"https:\/\/robertkyounglaw.com\/workers-compensation-claims\/#primaryimage"},"image":{"@id":"https:\/\/robertkyounglaw.com\/workers-compensation-claims\/#primaryimage"},"thumbnailUrl":"https:\/\/robertkyounglaw.com\/wp-content\/uploads\/2023\/04\/construction-2578410_1280-Small.jpg","datePublished":"2023-04-11T15:59:31+00:00","dateModified":"2025-04-07T16:51:33+00:00","description":"Robert K. Young, abogado de compensaci\u00f3n laboral en Merrick, ayuda a los trabajadores lesionados a obtener beneficios por costos m\u00e9dicos, salarios perdidos y recuperaci\u00f3n.","breadcrumb":{"@id":"https:\/\/robertkyounglaw.com\/workers-compensation-claims\/#breadcrumb"},"inLanguage":"es","potentialAction":[{"@type":"ReadAction","target":["https:\/\/robertkyounglaw.com\/workers-compensation-claims\/"]}]},{"@type":"ImageObject","inLanguage":"es","@id":"https:\/\/robertkyounglaw.com\/workers-compensation-claims\/#primaryimage","url":"https:\/\/robertkyounglaw.com\/wp-content\/uploads\/2023\/04\/construction-2578410_1280-Small.jpg","contentUrl":"https:\/\/robertkyounglaw.com\/wp-content\/uploads\/2023\/04\/construction-2578410_1280-Small.jpg","width":719,"height":480,"caption":"Construction site with workers and machinery"},{"@type":"BreadcrumbList","@id":"https:\/\/robertkyounglaw.com\/workers-compensation-claims\/#breadcrumb","itemListElement":[{"@type":"ListItem","position":1,"name":"Home","item":"https:\/\/robertkyounglaw.com\/"},{"@type":"ListItem","position":2,"name":"Workers Compensation Claims"}]},{"@type":"WebSite","@id":"https:\/\/robertkyounglaw.com\/#website","url":"https:\/\/robertkyounglaw.com\/","name":"Robert K. Young y asociados","description":"","publisher":{"@id":"https:\/\/robertkyounglaw.com\/#organization"},"alternateName":"RKY","potentialAction":[{"@type":"SearchAction","target":{"@type":"EntryPoint","urlTemplate":"https:\/\/robertkyounglaw.com\/?s={search_term_string}"},"query-input":{"@type":"PropertyValueSpecification","valueRequired":true,"valueName":"search_term_string"}}],"inLanguage":"es"},{"@type":"Organization","@id":"https:\/\/robertkyounglaw.com\/#organization","name":"Robert K. Young y asociados","alternateName":"RKY","url":"https:\/\/robertkyounglaw.com\/","logo":{"@type":"ImageObject","inLanguage":"es","@id":"https:\/\/robertkyounglaw.com\/#\/schema\/logo\/image\/","url":"https:\/\/robertkyounglaw.com\/wp-content\/uploads\/2025\/05\/RKY-logo.jpg","contentUrl":"https:\/\/robertkyounglaw.com\/wp-content\/uploads\/2025\/05\/RKY-logo.jpg","width":696,"height":696,"caption":"Robert K. Young & Associates"},"image":{"@id":"https:\/\/robertkyounglaw.com\/#\/schema\/logo\/image\/"},"sameAs":["https:\/\/www.facebook.com\/robertkyoungpc\/","https:\/\/www.linkedin.com\/company\/robert-k-young-&-associates"]}]}},"_links":{"self":[{"href":"https:\/\/robertkyounglaw.com\/es\/wp-json\/wp\/v2\/pages\/2037","targetHints":{"allow":["GET"]}}],"collection":[{"href":"https:\/\/robertkyounglaw.com\/es\/wp-json\/wp\/v2\/pages"}],"about":[{"href":"https:\/\/robertkyounglaw.com\/es\/wp-json\/wp\/v2\/types\/page"}],"author":[{"embeddable":true,"href":"https:\/\/robertkyounglaw.com\/es\/wp-json\/wp\/v2\/users\/2"}],"replies":[{"embeddable":true,"href":"https:\/\/robertkyounglaw.com\/es\/wp-json\/wp\/v2\/comments?post=2037"}],"version-history":[{"count":0,"href":"https:\/\/robertkyounglaw.com\/es\/wp-json\/wp\/v2\/pages\/2037\/revisions"}],"wp:featuredmedia":[{"embeddable":true,"href":"https:\/\/robertkyounglaw.com\/es\/wp-json\/wp\/v2\/media\/1816"}],"wp:attachment":[{"href":"https:\/\/robertkyounglaw.com\/es\/wp-json\/wp\/v2\/media?parent=2037"}],"curies":[{"name":"Gracias","href":"https:\/\/api.w.org\/{rel}","templated":true}]}}