{"id":2032,"date":"2023-04-11T15:57:58","date_gmt":"2023-04-11T15:57:58","guid":{"rendered":"https:\/\/robertkyounglaw.flywheelsites.com\/?page_id=2032"},"modified":"2025-04-07T16:49:45","modified_gmt":"2025-04-07T16:49:45","slug":"accidentes-de-camiones","status":"publish","type":"page","link":"https:\/\/robertkyounglaw.com\/es\/truck-accidents\/","title":{"rendered":"Accidentes de Camiones"},"content":{"rendered":"<div data-elementor-type=\"wp-page\" data-elementor-id=\"2032\" class=\"elementor elementor-2032\" data-elementor-post-type=\"page\">\n\t\t\t\t\t\t<section class=\"elementor-section elementor-top-section elementor-element elementor-element-50e85cd elementor-section-boxed elementor-section-height-default elementor-section-height-default\" data-id=\"50e85cd\" data-element_type=\"section\" data-e-type=\"section\">\n\t\t\t\t\t\t<div class=\"elementor-container elementor-column-gap-default\">\n\t\t\t\t\t<div class=\"elementor-column elementor-col-100 elementor-top-column elementor-element elementor-element-47bd2a8\" data-id=\"47bd2a8\" data-element_type=\"column\" data-e-type=\"column\" data-settings=\"{&quot;background_background&quot;:&quot;classic&quot;}\">\n\t\t\t<div class=\"elementor-widget-wrap elementor-element-populated\">\n\t\t\t\t\t\t<div class=\"elementor-element elementor-element-14a98d2 elementor-widget elementor-widget-text-editor\" data-id=\"14a98d2\" data-element_type=\"widget\" data-e-type=\"widget\" data-widget_type=\"text-editor.default\">\n\t\t\t\t<div class=\"elementor-widget-container\">\n\t\t\t\t\t\t\t\t\t<p>Si estuvo involucrado en un accidente de cami\u00f3n en Merrick, NY, puede tener derecho a una compensaci\u00f3n por sus lesiones y da\u00f1os. Como abogado de confianza en lesiones personales en Merrick, Robert K. Young Law est\u00e1 aqu\u00ed para ayudarlo a comprender sus derechos y opciones para presentar un caso de accidente de cami\u00f3n.<\/p><p>Los accidentes de camiones pueden ser devastadores debido al gran tama\u00f1o y peso de estos veh\u00edculos. Las v\u00edctimas de accidentes de camiones pueden sufrir lesiones graves, gastos m\u00e9dicos extensos, salarios perdidos y otros da\u00f1os. Si result\u00f3 lesionado en un accidente de cami\u00f3n, es fundamental comprender el proceso legal y c\u00f3mo puede calificar para un caso.<\/p><p>Para calificar para un caso de accidente de cami\u00f3n, se deben cumplir ciertos criterios. En primer lugar, debe establecerse que el conductor del cami\u00f3n u otra persona tuvo la culpa del accidente. Esto puede incluir casos en los que el conductor del cami\u00f3n fue negligente, como exceso de velocidad, conducci\u00f3n imprudente, conducci\u00f3n bajo la influencia o violaci\u00f3n de las leyes de tr\u00e1nsito. En segundo lugar, se debe probar que sufri\u00f3 lesiones o da\u00f1os como consecuencia del accidente. Esto puede incluir lesiones f\u00edsicas, angustia emocional, da\u00f1os a la propiedad y otros da\u00f1os relacionados. Por \u00faltimo, se debe demostrar que sufri\u00f3 da\u00f1os reales, como gastos m\u00e9dicos, salarios perdidos u otras p\u00e9rdidas debido al accidente.<\/p><p>Robert K. Young Law cuenta con un equipo de abogados expertos en lesiones personales que pueden investigar las circunstancias de su caso de accidente de cami\u00f3n, recopilar evidencia y construir un caso s\u00f3lido en su nombre. La firma trabajar\u00e1 incansablemente para responsabilizar a las partes culpables y buscar la compensaci\u00f3n m\u00e1xima que usted merece por sus lesiones y da\u00f1os.<\/p><p>Los casos de accidentes de camiones pueden ser complejos, ya que pueden involucrar a varias partes, incluido el conductor del cami\u00f3n, la compa\u00f1\u00eda de camiones, las compa\u00f1\u00edas de seguros y potencialmente otras partes responsables. Robert K. Young Law tiene la experiencia para manejar estos casos y brindarle orientaci\u00f3n experta durante todo el proceso legal.<\/p><p>Al elegir a Robert K. Young Law para manejar su caso de accidente de cami\u00f3n, est\u00e1 eligiendo una firma con un historial comprobado de \u00e9xito en el manejo de casos de lesiones personales, incluidos los accidentes de cami\u00f3n. La firma priorizar\u00e1 sus mejores intereses, brind\u00e1ndole atenci\u00f3n personalizada, defensa agresiva y la representaci\u00f3n legal que necesita para buscar justicia y una compensaci\u00f3n justa.<\/p><p>Si result\u00f3 lesionado en un accidente de cami\u00f3n en Merrick, NY, no dude en buscar asistencia legal. Comun\u00edquese con Robert K. Young Law para una consulta gratuita para analizar su caso y conocer sus derechos y opciones. Los abogados de lesiones personales de la firma est\u00e1n listos para luchar por sus derechos y ayudarlo a obtener la compensaci\u00f3n que merece por sus lesiones y da\u00f1os. No enfrente solo las consecuencias de un accidente de cami\u00f3n: deje que Robert K. Young Law sea su defensor y proteja sus derechos.<\/p>\t\t\t\t\t\t\t\t<\/div>\n\t\t\t\t<\/div>\n\t\t\t\t\t<\/div>\n\t\t<\/div>\n\t\t\t\t\t<\/div>\n\t\t<\/section>\n\t\t\t\t<\/div>","protected":false},"excerpt":{"rendered":"<p>If you&#8217;ve been involved in a truck accident in Merrick, NY, you may be entitled to compensation for your injuries and damages. As a trusted Personal Injury Attorney in Merrick, Robert K. Young Law is here to help you understand your rights and options for pursuing a truck accident case. Truck accidents can be devastating [&hellip;]<\/p>\n","protected":false},"author":2,"featured_media":2427,"parent":0,"menu_order":0,"comment_status":"closed","ping_status":"closed","template":"","meta":{"footnotes":""},"class_list":["post-2032","page","type-page","status-publish","has-post-thumbnail","hentry"],"yoast_head":"<!-- This site is optimized with the Yoast SEO plugin v27.5 - https:\/\/yoast.com\/product\/yoast-seo-wordpress\/ -->\n<title>Truck Accidents | Robert K. Young &amp; Associates<\/title>\n<meta name=\"description\" content=\"Robert K. Young, Truck Accident Attorney in Merrick, NY, fights for victims to recover compensation for injuries, lost wages, and damages.\" \/>\n<meta name=\"robots\" content=\"index, follow, max-snippet:-1, max-image-preview:large, max-video-preview:-1\" \/>\n<link rel=\"canonical\" href=\"https:\/\/robertkyounglaw.com\/es\/accidentes-de-camiones\/\" \/>\n<meta property=\"og:locale\" content=\"es_ES\" \/>\n<meta property=\"og:type\" content=\"article\" \/>\n<meta property=\"og:title\" content=\"Truck Accidents | Robert K. Young &amp; Associates\" \/>\n<meta property=\"og:description\" content=\"Robert K. Young, Truck Accident Attorney in Merrick, NY, fights for victims to recover compensation for injuries, lost wages, and damages.\" \/>\n<meta property=\"og:url\" content=\"https:\/\/robertkyounglaw.com\/es\/accidentes-de-camiones\/\" \/>\n<meta property=\"og:site_name\" content=\"Robert K. Young &amp; Associates\" \/>\n<meta property=\"article:publisher\" content=\"https:\/\/www.facebook.com\/robertkyoungpc\/\" \/>\n<meta property=\"article:modified_time\" content=\"2025-04-07T16:49:45+00:00\" \/>\n<meta property=\"og:image\" content=\"https:\/\/robertkyounglaw.com\/wp-content\/uploads\/2023\/04\/truck-accident.jpg\" \/>\n\t<meta property=\"og:image:width\" content=\"640\" \/>\n\t<meta property=\"og:image:height\" content=\"640\" \/>\n\t<meta property=\"og:image:type\" content=\"image\/jpeg\" \/>\n<meta name=\"twitter:card\" content=\"summary_large_image\" \/>\n<meta name=\"twitter:label1\" content=\"Est. reading time\" \/>\n\t<meta name=\"twitter:data1\" content=\"3 minutos\" \/>\n<script type=\"application\/ld+json\" class=\"yoast-schema-graph\">{\"@context\":\"https:\\\/\\\/schema.org\",\"@graph\":[{\"@type\":\"WebPage\",\"@id\":\"https:\\\/\\\/robertkyounglaw.com\\\/truck-accidents\\\/\",\"url\":\"https:\\\/\\\/robertkyounglaw.com\\\/truck-accidents\\\/\",\"name\":\"Truck Accidents | Robert K. Young &amp; Associates\",\"isPartOf\":{\"@id\":\"https:\\\/\\\/robertkyounglaw.com\\\/#website\"},\"primaryImageOfPage\":{\"@id\":\"https:\\\/\\\/robertkyounglaw.com\\\/truck-accidents\\\/#primaryimage\"},\"image\":{\"@id\":\"https:\\\/\\\/robertkyounglaw.com\\\/truck-accidents\\\/#primaryimage\"},\"thumbnailUrl\":\"https:\\\/\\\/robertkyounglaw.com\\\/wp-content\\\/uploads\\\/2023\\\/04\\\/truck-accident.jpg\",\"datePublished\":\"2023-04-11T15:57:58+00:00\",\"dateModified\":\"2025-04-07T16:49:45+00:00\",\"description\":\"Robert K. Young, Truck Accident Attorney in Merrick, NY, fights for victims to recover compensation for injuries, lost wages, and damages.\",\"breadcrumb\":{\"@id\":\"https:\\\/\\\/robertkyounglaw.com\\\/truck-accidents\\\/#breadcrumb\"},\"inLanguage\":\"es\",\"potentialAction\":[{\"@type\":\"ReadAction\",\"target\":[\"https:\\\/\\\/robertkyounglaw.com\\\/truck-accidents\\\/\"]}]},{\"@type\":\"ImageObject\",\"inLanguage\":\"es\",\"@id\":\"https:\\\/\\\/robertkyounglaw.com\\\/truck-accidents\\\/#primaryimage\",\"url\":\"https:\\\/\\\/robertkyounglaw.com\\\/wp-content\\\/uploads\\\/2023\\\/04\\\/truck-accident.jpg\",\"contentUrl\":\"https:\\\/\\\/robertkyounglaw.com\\\/wp-content\\\/uploads\\\/2023\\\/04\\\/truck-accident.jpg\",\"width\":640,\"height\":640,\"caption\":\"Truck-accident\"},{\"@type\":\"BreadcrumbList\",\"@id\":\"https:\\\/\\\/robertkyounglaw.com\\\/truck-accidents\\\/#breadcrumb\",\"itemListElement\":[{\"@type\":\"ListItem\",\"position\":1,\"name\":\"Home\",\"item\":\"https:\\\/\\\/robertkyounglaw.com\\\/\"},{\"@type\":\"ListItem\",\"position\":2,\"name\":\"Truck Accidents\"}]},{\"@type\":\"WebSite\",\"@id\":\"https:\\\/\\\/robertkyounglaw.com\\\/#website\",\"url\":\"https:\\\/\\\/robertkyounglaw.com\\\/\",\"name\":\"Robert K. Young & Associates\",\"description\":\"\",\"publisher\":{\"@id\":\"https:\\\/\\\/robertkyounglaw.com\\\/#organization\"},\"alternateName\":\"RKY\",\"potentialAction\":[{\"@type\":\"SearchAction\",\"target\":{\"@type\":\"EntryPoint\",\"urlTemplate\":\"https:\\\/\\\/robertkyounglaw.com\\\/?s={search_term_string}\"},\"query-input\":{\"@type\":\"PropertyValueSpecification\",\"valueRequired\":true,\"valueName\":\"search_term_string\"}}],\"inLanguage\":\"es\"},{\"@type\":\"Organization\",\"@id\":\"https:\\\/\\\/robertkyounglaw.com\\\/#organization\",\"name\":\"Robert K. Young & Associates\",\"alternateName\":\"RKY\",\"url\":\"https:\\\/\\\/robertkyounglaw.com\\\/\",\"logo\":{\"@type\":\"ImageObject\",\"inLanguage\":\"es\",\"@id\":\"https:\\\/\\\/robertkyounglaw.com\\\/#\\\/schema\\\/logo\\\/image\\\/\",\"url\":\"https:\\\/\\\/robertkyounglaw.com\\\/wp-content\\\/uploads\\\/2025\\\/05\\\/RKY-logo.jpg\",\"contentUrl\":\"https:\\\/\\\/robertkyounglaw.com\\\/wp-content\\\/uploads\\\/2025\\\/05\\\/RKY-logo.jpg\",\"width\":696,\"height\":696,\"caption\":\"Robert K. Young & Associates\"},\"image\":{\"@id\":\"https:\\\/\\\/robertkyounglaw.com\\\/#\\\/schema\\\/logo\\\/image\\\/\"},\"sameAs\":[\"https:\\\/\\\/www.facebook.com\\\/robertkyoungpc\\\/\",\"https:\\\/\\\/www.linkedin.com\\\/company\\\/robert-k-young-&-associates\"]}]}<\/script>\n<!-- \/ Yoast SEO plugin. -->","yoast_head_json":{"title":"Accidentes de camiones | Robert K. Young &amp; Associates","description":"Robert K. Young, abogado de accidentes de camiones en Merrick, Nueva York, lucha por las v\u00edctimas para recuperar una compensaci\u00f3n por lesiones, salarios perdidos y da\u00f1os.","robots":{"index":"index","follow":"follow","max-snippet":"max-snippet:-1","max-image-preview":"max-image-preview:large","max-video-preview":"max-video-preview:-1"},"canonical":"https:\/\/robertkyounglaw.com\/es\/accidentes-de-camiones\/","og_locale":"es_ES","og_type":"article","og_title":"Truck Accidents | Robert K. Young &amp; Associates","og_description":"Robert K. Young, Truck Accident Attorney in Merrick, NY, fights for victims to recover compensation for injuries, lost wages, and damages.","og_url":"https:\/\/robertkyounglaw.com\/es\/accidentes-de-camiones\/","og_site_name":"Robert K. Young &amp; Associates","article_publisher":"https:\/\/www.facebook.com\/robertkyoungpc\/","article_modified_time":"2025-04-07T16:49:45+00:00","og_image":[{"width":640,"height":640,"url":"https:\/\/robertkyounglaw.com\/wp-content\/uploads\/2023\/04\/truck-accident.jpg","type":"image\/jpeg"}],"twitter_card":"summary_large_image","twitter_misc":{"Est. reading time":"3 minutos"},"schema":{"@context":"https:\/\/schema.org","@graph":[{"@type":"WebPage","@id":"https:\/\/robertkyounglaw.com\/truck-accidents\/","url":"https:\/\/robertkyounglaw.com\/truck-accidents\/","name":"Accidentes de camiones | Robert K. Young &amp; Associates","isPartOf":{"@id":"https:\/\/robertkyounglaw.com\/#website"},"primaryImageOfPage":{"@id":"https:\/\/robertkyounglaw.com\/truck-accidents\/#primaryimage"},"image":{"@id":"https:\/\/robertkyounglaw.com\/truck-accidents\/#primaryimage"},"thumbnailUrl":"https:\/\/robertkyounglaw.com\/wp-content\/uploads\/2023\/04\/truck-accident.jpg","datePublished":"2023-04-11T15:57:58+00:00","dateModified":"2025-04-07T16:49:45+00:00","description":"Robert K. Young, abogado de accidentes de camiones en Merrick, Nueva York, lucha por las v\u00edctimas para recuperar una compensaci\u00f3n por lesiones, salarios perdidos y da\u00f1os.","breadcrumb":{"@id":"https:\/\/robertkyounglaw.com\/truck-accidents\/#breadcrumb"},"inLanguage":"es","potentialAction":[{"@type":"ReadAction","target":["https:\/\/robertkyounglaw.com\/truck-accidents\/"]}]},{"@type":"ImageObject","inLanguage":"es","@id":"https:\/\/robertkyounglaw.com\/truck-accidents\/#primaryimage","url":"https:\/\/robertkyounglaw.com\/wp-content\/uploads\/2023\/04\/truck-accident.jpg","contentUrl":"https:\/\/robertkyounglaw.com\/wp-content\/uploads\/2023\/04\/truck-accident.jpg","width":640,"height":640,"caption":"Truck-accident"},{"@type":"BreadcrumbList","@id":"https:\/\/robertkyounglaw.com\/truck-accidents\/#breadcrumb","itemListElement":[{"@type":"ListItem","position":1,"name":"Home","item":"https:\/\/robertkyounglaw.com\/"},{"@type":"ListItem","position":2,"name":"Truck Accidents"}]},{"@type":"WebSite","@id":"https:\/\/robertkyounglaw.com\/#website","url":"https:\/\/robertkyounglaw.com\/","name":"Robert K. Young y asociados","description":"","publisher":{"@id":"https:\/\/robertkyounglaw.com\/#organization"},"alternateName":"RKY","potentialAction":[{"@type":"SearchAction","target":{"@type":"EntryPoint","urlTemplate":"https:\/\/robertkyounglaw.com\/?s={search_term_string}"},"query-input":{"@type":"PropertyValueSpecification","valueRequired":true,"valueName":"search_term_string"}}],"inLanguage":"es"},{"@type":"Organization","@id":"https:\/\/robertkyounglaw.com\/#organization","name":"Robert K. Young y asociados","alternateName":"RKY","url":"https:\/\/robertkyounglaw.com\/","logo":{"@type":"ImageObject","inLanguage":"es","@id":"https:\/\/robertkyounglaw.com\/#\/schema\/logo\/image\/","url":"https:\/\/robertkyounglaw.com\/wp-content\/uploads\/2025\/05\/RKY-logo.jpg","contentUrl":"https:\/\/robertkyounglaw.com\/wp-content\/uploads\/2025\/05\/RKY-logo.jpg","width":696,"height":696,"caption":"Robert K. Young & Associates"},"image":{"@id":"https:\/\/robertkyounglaw.com\/#\/schema\/logo\/image\/"},"sameAs":["https:\/\/www.facebook.com\/robertkyoungpc\/","https:\/\/www.linkedin.com\/company\/robert-k-young-&-associates"]}]}},"_links":{"self":[{"href":"https:\/\/robertkyounglaw.com\/es\/wp-json\/wp\/v2\/pages\/2032","targetHints":{"allow":["GET"]}}],"collection":[{"href":"https:\/\/robertkyounglaw.com\/es\/wp-json\/wp\/v2\/pages"}],"about":[{"href":"https:\/\/robertkyounglaw.com\/es\/wp-json\/wp\/v2\/types\/page"}],"author":[{"embeddable":true,"href":"https:\/\/robertkyounglaw.com\/es\/wp-json\/wp\/v2\/users\/2"}],"replies":[{"embeddable":true,"href":"https:\/\/robertkyounglaw.com\/es\/wp-json\/wp\/v2\/comments?post=2032"}],"version-history":[{"count":0,"href":"https:\/\/robertkyounglaw.com\/es\/wp-json\/wp\/v2\/pages\/2032\/revisions"}],"wp:featuredmedia":[{"embeddable":true,"href":"https:\/\/robertkyounglaw.com\/es\/wp-json\/wp\/v2\/media\/2427"}],"wp:attachment":[{"href":"https:\/\/robertkyounglaw.com\/es\/wp-json\/wp\/v2\/media?parent=2032"}],"curies":[{"name":"Gracias","href":"https:\/\/api.w.org\/{rel}","templated":true}]}}