{"id":2022,"date":"2023-04-11T15:54:38","date_gmt":"2023-04-11T15:54:38","guid":{"rendered":"https:\/\/robertkyounglaw.flywheelsites.com\/?page_id=2022"},"modified":"2025-04-07T16:50:18","modified_gmt":"2025-04-07T16:50:18","slug":"accidentes-de-vehiculos-motorizados-uber","status":"publish","type":"page","link":"https:\/\/robertkyounglaw.com\/es\/uber-motor-vehicle-accidents\/","title":{"rendered":"Accidentes de veh\u00edculos motorizados de Uber"},"content":{"rendered":"\t\t<div data-elementor-type=\"wp-page\" data-elementor-id=\"2022\" class=\"elementor elementor-2022\" data-elementor-post-type=\"page\">\n\t\t\t\t\t\t<section class=\"elementor-section elementor-top-section elementor-element elementor-element-d90a6bd elementor-section-boxed elementor-section-height-default elementor-section-height-default\" data-id=\"d90a6bd\" data-element_type=\"section\" data-e-type=\"section\">\n\t\t\t\t\t\t<div class=\"elementor-container elementor-column-gap-default\">\n\t\t\t\t\t<div class=\"elementor-column elementor-col-100 elementor-top-column elementor-element elementor-element-6eb76d8\" data-id=\"6eb76d8\" data-element_type=\"column\" data-e-type=\"column\" data-settings=\"{&quot;background_background&quot;:&quot;classic&quot;}\">\n\t\t\t<div class=\"elementor-widget-wrap elementor-element-populated\">\n\t\t\t\t\t\t<div class=\"elementor-element elementor-element-c6d5d05 elementor-widget elementor-widget-text-editor\" data-id=\"c6d5d05\" data-element_type=\"widget\" data-e-type=\"widget\" data-widget_type=\"text-editor.default\">\n\t\t\t\t<div class=\"elementor-widget-container\">\n\t\t\t\t\t\t\t\t\t<div class=\"flex flex-grow flex-col gap-3\"><div class=\"min-h-[20px] flex flex-col items-start gap-4 whitespace-pre-wrap\"><div class=\"markdown prose w-full break-words dark:prose-invert light\"><div class=\"flex flex-grow flex-col gap-3\"><div class=\"min-h-[20px] flex flex-col items-start gap-4 whitespace-pre-wrap\"><div class=\"markdown prose w-full break-words dark:prose-invert light\"><p>If you&#8217;ve been involved in an Uber motor vehicle accident in Merrick, NY, you may be entitled to compensation for your injuries and damages. Robert K. Young Law, a leading Personal Injury Attorney in Merrick, is here to help you navigate the complex legal process and fight for your rights.<\/p><p>Ride-sharing services like Uber have become increasingly popular in recent years, providing convenient transportation options. However, accidents involving Uber vehicles can happen, and victims may suffer injuries, medical expenses, lost wages, and other damages as a result. If you have been injured in an Uber accident, it&#8217;s important to understand your rights and options for pursuing compensation.<\/p><p>To qualify for an Uber motor vehicle accident case, certain criteria must be met. Firstly, it must be established that the Uber driver or another party was at fault for the accident. This may include instances where the Uber driver was negligent, such as speeding, distracted driving, or driving under the influence. Secondly, it must be proven that you suffered injuries or damages as a result of the accident. This can include physical injuries, emotional distress, property damage, and other related damages. Lastly, it must be shown that you suffered actual damages, such as medical expenses, lost wages, or other losses due to the accident.<\/p><p>Robert K. Young Law has a team of experienced personal injury attorneys who can investigate the circumstances of your Uber accident case, gather evidence, and build a strong case on your behalf. The firm will work tirelessly to hold the at-fault parties accountable and seek the maximum compensation you deserve for your injuries and damages.<\/p><p>Navigating the legal process for Uber motor vehicle accident cases can be complex, as it may involve dealing with multiple parties, including the Uber driver, Uber&#8217;s insurance company, and other potentially liable parties. Robert K. Young Law has the knowledge and expertise to handle these cases and provide you with expert guidance throughout the process.<\/p><p>By choosing Robert K. Young Law to handle your Uber motor vehicle accident case, you are choosing a firm with a proven track record of success in handling personal injury cases. The firm will prioritize your best interests, providing you with personalized attention, aggressive advocacy, and the legal representation you need to seek justice and fair compensation.<\/p><p>If you have been injured in an Uber motor vehicle accident in Merrick, NY, don&#8217;t hesitate to seek legal assistance. Contact Robert K. Young Law for a free consultation to discuss your case and learn about your rights and options. The firm&#8217;s personal injury attorneys are ready to fight for your rights and help you obtain the compensation you deserve for your injuries and damages. Don&#8217;t face the aftermath of an Uber accident alone &#8211; let Robert K. Young Law be your advocate and protect your rights.<\/p><\/div><\/div><\/div><\/div><\/div><\/div>\t\t\t\t\t\t\t\t<\/div>\n\t\t\t\t<\/div>\n\t\t\t\t\t<\/div>\n\t\t<\/div>\n\t\t\t\t\t<\/div>\n\t\t<\/section>\n\t\t\t\t<\/div>\n\t\t","protected":false},"excerpt":{"rendered":"<p>If you&#8217;ve been involved in an Uber motor vehicle accident in Merrick, NY, you may be entitled to compensation for your injuries and damages. Robert K. Young Law, a leading Personal Injury Attorney in Merrick, is here to help you navigate the complex legal process and fight for your rights. Ride-sharing services like Uber have [&hellip;]<\/p>\n","protected":false},"author":2,"featured_media":1313,"parent":0,"menu_order":0,"comment_status":"closed","ping_status":"closed","template":"","meta":{"footnotes":""},"class_list":["post-2022","page","type-page","status-publish","has-post-thumbnail","hentry"],"yoast_head":"<!-- This site is optimized with the Yoast SEO plugin v27.4 - https:\/\/yoast.com\/product\/yoast-seo-wordpress\/ -->\n<title>Uber Motor Vehicle Accidents | Robert K. Young &amp; Associates<\/title>\n<meta name=\"description\" content=\"Robert K. Young, Uber Accident Attorney in Merrick, NY, helps injured victims recover compensation for damages after ride-share accidents.\" \/>\n<meta name=\"robots\" content=\"index, follow, max-snippet:-1, max-image-preview:large, max-video-preview:-1\" \/>\n<link rel=\"canonical\" href=\"https:\/\/robertkyounglaw.com\/es\/accidentes-de-vehiculos-motorizados-uber\/\" \/>\n<meta property=\"og:locale\" content=\"es_ES\" \/>\n<meta property=\"og:type\" content=\"article\" \/>\n<meta property=\"og:title\" content=\"Uber Motor Vehicle Accidents | Robert K. Young &amp; Associates\" \/>\n<meta property=\"og:description\" content=\"Robert K. Young, Uber Accident Attorney in Merrick, NY, helps injured victims recover compensation for damages after ride-share accidents.\" \/>\n<meta property=\"og:url\" content=\"https:\/\/robertkyounglaw.com\/es\/accidentes-de-vehiculos-motorizados-uber\/\" \/>\n<meta property=\"og:site_name\" content=\"Robert K. Young &amp; Associates\" \/>\n<meta property=\"article:publisher\" content=\"https:\/\/www.facebook.com\/robertkyoungpc\/\" \/>\n<meta property=\"article:modified_time\" content=\"2025-04-07T16:50:18+00:00\" \/>\n<meta property=\"og:image\" content=\"https:\/\/robertkyounglaw.com\/wp-content\/uploads\/2023\/03\/blog5.png\" \/>\n\t<meta property=\"og:image:width\" content=\"360\" \/>\n\t<meta property=\"og:image:height\" content=\"240\" \/>\n\t<meta property=\"og:image:type\" content=\"image\/png\" \/>\n<meta name=\"twitter:card\" content=\"summary_large_image\" \/>\n<meta name=\"twitter:label1\" content=\"Est. reading time\" \/>\n\t<meta name=\"twitter:data1\" content=\"3 minutos\" \/>\n<script type=\"application\/ld+json\" class=\"yoast-schema-graph\">{\"@context\":\"https:\\\/\\\/schema.org\",\"@graph\":[{\"@type\":\"WebPage\",\"@id\":\"https:\\\/\\\/robertkyounglaw.com\\\/uber-motor-vehicle-accidents\\\/\",\"url\":\"https:\\\/\\\/robertkyounglaw.com\\\/uber-motor-vehicle-accidents\\\/\",\"name\":\"Uber Motor Vehicle Accidents | Robert K. Young &amp; Associates\",\"isPartOf\":{\"@id\":\"https:\\\/\\\/robertkyounglaw.com\\\/#website\"},\"primaryImageOfPage\":{\"@id\":\"https:\\\/\\\/robertkyounglaw.com\\\/uber-motor-vehicle-accidents\\\/#primaryimage\"},\"image\":{\"@id\":\"https:\\\/\\\/robertkyounglaw.com\\\/uber-motor-vehicle-accidents\\\/#primaryimage\"},\"thumbnailUrl\":\"https:\\\/\\\/robertkyounglaw.com\\\/wp-content\\\/uploads\\\/2023\\\/03\\\/blog5.png\",\"datePublished\":\"2023-04-11T15:54:38+00:00\",\"dateModified\":\"2025-04-07T16:50:18+00:00\",\"description\":\"Robert K. Young, Uber Accident Attorney in Merrick, NY, helps injured victims recover compensation for damages after ride-share accidents.\",\"breadcrumb\":{\"@id\":\"https:\\\/\\\/robertkyounglaw.com\\\/uber-motor-vehicle-accidents\\\/#breadcrumb\"},\"inLanguage\":\"es\",\"potentialAction\":[{\"@type\":\"ReadAction\",\"target\":[\"https:\\\/\\\/robertkyounglaw.com\\\/uber-motor-vehicle-accidents\\\/\"]}]},{\"@type\":\"ImageObject\",\"inLanguage\":\"es\",\"@id\":\"https:\\\/\\\/robertkyounglaw.com\\\/uber-motor-vehicle-accidents\\\/#primaryimage\",\"url\":\"https:\\\/\\\/robertkyounglaw.com\\\/wp-content\\\/uploads\\\/2023\\\/03\\\/blog5.png\",\"contentUrl\":\"https:\\\/\\\/robertkyounglaw.com\\\/wp-content\\\/uploads\\\/2023\\\/03\\\/blog5.png\",\"width\":360,\"height\":240,\"caption\":\"Legal services or advice\"},{\"@type\":\"BreadcrumbList\",\"@id\":\"https:\\\/\\\/robertkyounglaw.com\\\/uber-motor-vehicle-accidents\\\/#breadcrumb\",\"itemListElement\":[{\"@type\":\"ListItem\",\"position\":1,\"name\":\"Home\",\"item\":\"https:\\\/\\\/robertkyounglaw.com\\\/\"},{\"@type\":\"ListItem\",\"position\":2,\"name\":\"Uber Motor Vehicle Accidents\"}]},{\"@type\":\"WebSite\",\"@id\":\"https:\\\/\\\/robertkyounglaw.com\\\/#website\",\"url\":\"https:\\\/\\\/robertkyounglaw.com\\\/\",\"name\":\"Robert K. Young & Associates\",\"description\":\"\",\"publisher\":{\"@id\":\"https:\\\/\\\/robertkyounglaw.com\\\/#organization\"},\"alternateName\":\"RKY\",\"potentialAction\":[{\"@type\":\"SearchAction\",\"target\":{\"@type\":\"EntryPoint\",\"urlTemplate\":\"https:\\\/\\\/robertkyounglaw.com\\\/?s={search_term_string}\"},\"query-input\":{\"@type\":\"PropertyValueSpecification\",\"valueRequired\":true,\"valueName\":\"search_term_string\"}}],\"inLanguage\":\"es\"},{\"@type\":\"Organization\",\"@id\":\"https:\\\/\\\/robertkyounglaw.com\\\/#organization\",\"name\":\"Robert K. Young & Associates\",\"alternateName\":\"RKY\",\"url\":\"https:\\\/\\\/robertkyounglaw.com\\\/\",\"logo\":{\"@type\":\"ImageObject\",\"inLanguage\":\"es\",\"@id\":\"https:\\\/\\\/robertkyounglaw.com\\\/#\\\/schema\\\/logo\\\/image\\\/\",\"url\":\"https:\\\/\\\/robertkyounglaw.com\\\/wp-content\\\/uploads\\\/2025\\\/05\\\/RKY-logo.jpg\",\"contentUrl\":\"https:\\\/\\\/robertkyounglaw.com\\\/wp-content\\\/uploads\\\/2025\\\/05\\\/RKY-logo.jpg\",\"width\":696,\"height\":696,\"caption\":\"Robert K. Young & Associates\"},\"image\":{\"@id\":\"https:\\\/\\\/robertkyounglaw.com\\\/#\\\/schema\\\/logo\\\/image\\\/\"},\"sameAs\":[\"https:\\\/\\\/www.facebook.com\\\/robertkyoungpc\\\/\",\"https:\\\/\\\/www.linkedin.com\\\/company\\\/robert-k-young-&-associates\"]}]}<\/script>\n<!-- \/ Yoast SEO plugin. -->","yoast_head_json":{"title":"Accidentes de veh\u00edculos motorizados de Uber | Robert K. Young &amp; Associates","description":"Robert K. Young, abogado de accidentes de Uber en Merrick, Nueva York, ayuda a las v\u00edctimas lesionadas a recuperar una compensaci\u00f3n por da\u00f1os despu\u00e9s de accidentes de viajes compartidos.","robots":{"index":"index","follow":"follow","max-snippet":"max-snippet:-1","max-image-preview":"max-image-preview:large","max-video-preview":"max-video-preview:-1"},"canonical":"https:\/\/robertkyounglaw.com\/es\/accidentes-de-vehiculos-motorizados-uber\/","og_locale":"es_ES","og_type":"article","og_title":"Uber Motor Vehicle Accidents | Robert K. Young &amp; Associates","og_description":"Robert K. Young, Uber Accident Attorney in Merrick, NY, helps injured victims recover compensation for damages after ride-share accidents.","og_url":"https:\/\/robertkyounglaw.com\/es\/accidentes-de-vehiculos-motorizados-uber\/","og_site_name":"Robert K. Young &amp; Associates","article_publisher":"https:\/\/www.facebook.com\/robertkyoungpc\/","article_modified_time":"2025-04-07T16:50:18+00:00","og_image":[{"width":360,"height":240,"url":"https:\/\/robertkyounglaw.com\/wp-content\/uploads\/2023\/03\/blog5.png","type":"image\/png"}],"twitter_card":"summary_large_image","twitter_misc":{"Est. reading time":"3 minutos"},"schema":{"@context":"https:\/\/schema.org","@graph":[{"@type":"WebPage","@id":"https:\/\/robertkyounglaw.com\/uber-motor-vehicle-accidents\/","url":"https:\/\/robertkyounglaw.com\/uber-motor-vehicle-accidents\/","name":"Accidentes de veh\u00edculos motorizados de Uber | Robert K. Young &amp; Associates","isPartOf":{"@id":"https:\/\/robertkyounglaw.com\/#website"},"primaryImageOfPage":{"@id":"https:\/\/robertkyounglaw.com\/uber-motor-vehicle-accidents\/#primaryimage"},"image":{"@id":"https:\/\/robertkyounglaw.com\/uber-motor-vehicle-accidents\/#primaryimage"},"thumbnailUrl":"https:\/\/robertkyounglaw.com\/wp-content\/uploads\/2023\/03\/blog5.png","datePublished":"2023-04-11T15:54:38+00:00","dateModified":"2025-04-07T16:50:18+00:00","description":"Robert K. Young, abogado de accidentes de Uber en Merrick, Nueva York, ayuda a las v\u00edctimas lesionadas a recuperar una compensaci\u00f3n por da\u00f1os despu\u00e9s de accidentes de viajes compartidos.","breadcrumb":{"@id":"https:\/\/robertkyounglaw.com\/uber-motor-vehicle-accidents\/#breadcrumb"},"inLanguage":"es","potentialAction":[{"@type":"ReadAction","target":["https:\/\/robertkyounglaw.com\/uber-motor-vehicle-accidents\/"]}]},{"@type":"ImageObject","inLanguage":"es","@id":"https:\/\/robertkyounglaw.com\/uber-motor-vehicle-accidents\/#primaryimage","url":"https:\/\/robertkyounglaw.com\/wp-content\/uploads\/2023\/03\/blog5.png","contentUrl":"https:\/\/robertkyounglaw.com\/wp-content\/uploads\/2023\/03\/blog5.png","width":360,"height":240,"caption":"Legal services or advice"},{"@type":"BreadcrumbList","@id":"https:\/\/robertkyounglaw.com\/uber-motor-vehicle-accidents\/#breadcrumb","itemListElement":[{"@type":"ListItem","position":1,"name":"Home","item":"https:\/\/robertkyounglaw.com\/"},{"@type":"ListItem","position":2,"name":"Uber Motor Vehicle Accidents"}]},{"@type":"WebSite","@id":"https:\/\/robertkyounglaw.com\/#website","url":"https:\/\/robertkyounglaw.com\/","name":"Robert K. Young y asociados","description":"","publisher":{"@id":"https:\/\/robertkyounglaw.com\/#organization"},"alternateName":"RKY","potentialAction":[{"@type":"SearchAction","target":{"@type":"EntryPoint","urlTemplate":"https:\/\/robertkyounglaw.com\/?s={search_term_string}"},"query-input":{"@type":"PropertyValueSpecification","valueRequired":true,"valueName":"search_term_string"}}],"inLanguage":"es"},{"@type":"Organization","@id":"https:\/\/robertkyounglaw.com\/#organization","name":"Robert K. Young y asociados","alternateName":"RKY","url":"https:\/\/robertkyounglaw.com\/","logo":{"@type":"ImageObject","inLanguage":"es","@id":"https:\/\/robertkyounglaw.com\/#\/schema\/logo\/image\/","url":"https:\/\/robertkyounglaw.com\/wp-content\/uploads\/2025\/05\/RKY-logo.jpg","contentUrl":"https:\/\/robertkyounglaw.com\/wp-content\/uploads\/2025\/05\/RKY-logo.jpg","width":696,"height":696,"caption":"Robert K. Young & Associates"},"image":{"@id":"https:\/\/robertkyounglaw.com\/#\/schema\/logo\/image\/"},"sameAs":["https:\/\/www.facebook.com\/robertkyoungpc\/","https:\/\/www.linkedin.com\/company\/robert-k-young-&-associates"]}]}},"_links":{"self":[{"href":"https:\/\/robertkyounglaw.com\/es\/wp-json\/wp\/v2\/pages\/2022","targetHints":{"allow":["GET"]}}],"collection":[{"href":"https:\/\/robertkyounglaw.com\/es\/wp-json\/wp\/v2\/pages"}],"about":[{"href":"https:\/\/robertkyounglaw.com\/es\/wp-json\/wp\/v2\/types\/page"}],"author":[{"embeddable":true,"href":"https:\/\/robertkyounglaw.com\/es\/wp-json\/wp\/v2\/users\/2"}],"replies":[{"embeddable":true,"href":"https:\/\/robertkyounglaw.com\/es\/wp-json\/wp\/v2\/comments?post=2022"}],"version-history":[{"count":0,"href":"https:\/\/robertkyounglaw.com\/es\/wp-json\/wp\/v2\/pages\/2022\/revisions"}],"wp:featuredmedia":[{"embeddable":true,"href":"https:\/\/robertkyounglaw.com\/es\/wp-json\/wp\/v2\/media\/1313"}],"wp:attachment":[{"href":"https:\/\/robertkyounglaw.com\/es\/wp-json\/wp\/v2\/media?parent=2022"}],"curies":[{"name":"Gracias","href":"https:\/\/api.w.org\/{rel}","templated":true}]}}