{"id":1994,"date":"2023-04-11T15:18:40","date_gmt":"2023-04-11T15:18:40","guid":{"rendered":"https:\/\/robertkyounglaw.flywheelsites.com\/?page_id=1994"},"modified":"2026-03-06T10:08:46","modified_gmt":"2026-03-06T10:08:46","slug":"casos-de-mala-praxis-medica","status":"publish","type":"page","link":"https:\/\/robertkyounglaw.com\/es\/medical-malpractice-cases\/","title":{"rendered":"Casos de negligencia m\u00e9dica"},"content":{"rendered":"<div data-elementor-type=\"wp-page\" data-elementor-id=\"1994\" class=\"elementor elementor-1994\" data-elementor-post-type=\"page\">\n\t\t\t\t\t\t<section class=\"elementor-section elementor-top-section elementor-element elementor-element-5ad7494 elementor-section-boxed elementor-section-height-default elementor-section-height-default\" data-id=\"5ad7494\" data-element_type=\"section\" data-e-type=\"section\">\n\t\t\t\t\t\t<div class=\"elementor-container elementor-column-gap-default\">\n\t\t\t\t\t<div class=\"elementor-column elementor-col-100 elementor-top-column elementor-element elementor-element-ea76d4a\" data-id=\"ea76d4a\" data-element_type=\"column\" data-e-type=\"column\" data-settings=\"{&quot;background_background&quot;:&quot;classic&quot;}\">\n\t\t\t<div class=\"elementor-widget-wrap elementor-element-populated\">\n\t\t\t\t\t\t<div class=\"elementor-element elementor-element-f572814 elementor-widget elementor-widget-text-editor\" data-id=\"f572814\" data-element_type=\"widget\" data-e-type=\"widget\" data-widget_type=\"text-editor.default\">\n\t\t\t\t<div class=\"elementor-widget-container\">\n\t\t\t\t\t\t\t\t\t<p>Si usted o un ser querido ha sido v\u00edctima de negligencia m\u00e9dica en Merrick, NY, necesita la experiencia de Robert K. Young Law, un abogado de lesiones personales de confianza, para proteger sus derechos y buscar una compensaci\u00f3n por sus da\u00f1os. La negligencia m\u00e9dica ocurre cuando la negligencia de un profesional de la salud o la falta de cumplimiento del est\u00e1ndar de atenci\u00f3n da como resultado un da\u00f1o para un paciente. Robert K. Young Law tiene una amplia experiencia en el manejo de casos de negligencia m\u00e9dica y puede brindarle la representaci\u00f3n legal que necesita durante este momento dif\u00edcil.<\/p><p>Calificar para un caso de negligencia m\u00e9dica generalmente implica establecer varios elementos clave. En primer lugar, se debe probar que exist\u00eda una relaci\u00f3n m\u00e9dico-paciente, es decir, que el proveedor de atenci\u00f3n m\u00e9dica ten\u00eda un deber de cuidado con el paciente. En segundo lugar, debe demostrarse que el proveedor de atenci\u00f3n m\u00e9dica incumpli\u00f3 ese deber de cuidado al no cumplir con el est\u00e1ndar de atenci\u00f3n que se espera de un profesional de atenci\u00f3n m\u00e9dica competente en circunstancias similares. Esto puede incluir errores en el diagn\u00f3stico, el tratamiento, la medicaci\u00f3n, la cirug\u00eda o la falta de informaci\u00f3n adecuada al paciente sobre los riesgos y las opciones. Por \u00faltimo, debe demostrarse que el incumplimiento del deber caus\u00f3 lesiones al paciente, resultando en perjuicios tales como gastos m\u00e9dicos, salarios perdidos, dolor y sufrimiento, y otras p\u00e9rdidas relacionadas.<\/p><p>Robert K. Young Law cuenta con un equipo de abogados experimentados en negligencia m\u00e9dica que conocen bien las complejas leyes y reglamentos que rigen los casos de negligencia m\u00e9dica en Nueva York. La firma llevar\u00e1 a cabo una investigaci\u00f3n exhaustiva de las circunstancias de su caso, consultar\u00e1 con expertos m\u00e9dicos y construir\u00e1 un caso s\u00f3lido en su nombre. Robert K. Young Law buscar\u00e1 agresivamente una compensaci\u00f3n por sus da\u00f1os a trav\u00e9s de negociaciones o litigios, buscando responsabilizar a las partes responsables por su negligencia.<\/p><p>Cuando elige a Robert K. Young Law para manejar su caso de negligencia m\u00e9dica, puede esperar una atenci\u00f3n compasiva y personalizada, junto con el m\u00e1s alto nivel de experiencia legal. El equipo legal lo mantendr\u00e1 informado durante todo el proceso legal, le brindar\u00e1 orientaci\u00f3n experta y abogar\u00e1 ferozmente por sus derechos. Robert K. Young Law comprende el costo f\u00edsico, emocional y financiero que la negligencia m\u00e9dica puede tener en las v\u00edctimas y sus familias, y se compromete a obtener la compensaci\u00f3n m\u00e1xima que merece.<\/p><p>Si cree que ha sido v\u00edctima de negligencia m\u00e9dica en Merrick, NY, es fundamental que busque asistencia legal lo antes posible. P\u00f3ngase en contacto con Robert K. Young Law hoy para una consulta gratuita para analizar su caso y conocer sus derechos y opciones. El estatuto de limitaciones para los casos de negligencia m\u00e9dica en Nueva York depende del tiempo, por lo que es esencial tomar medidas inmediatas para proteger sus derechos y buscar justicia. Deje que Robert K. Young Law luche por sus derechos y lo ayude a obtener la compensaci\u00f3n que merece por el da\u00f1o que ha sufrido.<\/p>\t\t\t\t\t\t\t\t<\/div>\n\t\t\t\t<\/div>\n\t\t\t\t\t<\/div>\n\t\t<\/div>\n\t\t\t\t\t<\/div>\n\t\t<\/section>\n\t\t\t\t<\/div>","protected":false},"excerpt":{"rendered":"<p>If you or a loved one have been a victim of medical malpractice in Merrick, NY, you need the expertise of Robert K. Young Law, a trusted Personal Injury Attorney, to protect your rights and pursue compensation for your damages. Medical malpractice occurs when a healthcare professional&#8217;s negligence or failure to adhere to the standard [&hellip;]<\/p>\n","protected":false},"author":2,"featured_media":1686,"parent":0,"menu_order":0,"comment_status":"closed","ping_status":"closed","template":"","meta":{"footnotes":""},"class_list":["post-1994","page","type-page","status-publish","has-post-thumbnail","hentry"],"yoast_head":"<!-- This site is optimized with the Yoast SEO plugin v27.4 - https:\/\/yoast.com\/product\/yoast-seo-wordpress\/ -->\n<title>Medical Malpractice Cases | Robert K. Young &amp; Associates<\/title>\n<meta name=\"description\" content=\"Injured by medical negligence? A top Medical Malpractice Attorney in Merrick can help you get the compensation you deserve.\" \/>\n<meta name=\"robots\" content=\"index, follow, max-snippet:-1, max-image-preview:large, max-video-preview:-1\" \/>\n<link rel=\"canonical\" href=\"https:\/\/robertkyounglaw.com\/es\/casos-de-mala-praxis-medica\/\" \/>\n<meta property=\"og:locale\" content=\"es_ES\" \/>\n<meta property=\"og:type\" content=\"article\" \/>\n<meta property=\"og:title\" content=\"Medical Malpractice Cases | Robert K. Young &amp; Associates\" \/>\n<meta property=\"og:description\" content=\"Injured by medical negligence? A top Medical Malpractice Attorney in Merrick can help you get the compensation you deserve.\" \/>\n<meta property=\"og:url\" content=\"https:\/\/robertkyounglaw.com\/es\/casos-de-mala-praxis-medica\/\" \/>\n<meta property=\"og:site_name\" content=\"Robert K. Young &amp; Associates\" \/>\n<meta property=\"article:publisher\" content=\"https:\/\/www.facebook.com\/robertkyoungpc\/\" \/>\n<meta property=\"article:modified_time\" content=\"2026-03-06T10:08:46+00:00\" \/>\n<meta property=\"og:image\" content=\"https:\/\/robertkyounglaw.com\/wp-content\/uploads\/2023\/03\/doctor-650534_1280.jpg\" \/>\n\t<meta property=\"og:image:width\" content=\"1280\" \/>\n\t<meta property=\"og:image:height\" content=\"853\" \/>\n\t<meta property=\"og:image:type\" content=\"image\/jpeg\" \/>\n<meta name=\"twitter:card\" content=\"summary_large_image\" \/>\n<meta name=\"twitter:label1\" content=\"Est. reading time\" \/>\n\t<meta name=\"twitter:data1\" content=\"3 minutos\" \/>\n<script type=\"application\/ld+json\" class=\"yoast-schema-graph\">{\"@context\":\"https:\\\/\\\/schema.org\",\"@graph\":[{\"@type\":\"WebPage\",\"@id\":\"https:\\\/\\\/robertkyounglaw.com\\\/medical-malpractice-cases\\\/\",\"url\":\"https:\\\/\\\/robertkyounglaw.com\\\/medical-malpractice-cases\\\/\",\"name\":\"Medical Malpractice Cases | Robert K. Young & Associates\",\"isPartOf\":{\"@id\":\"https:\\\/\\\/robertkyounglaw.com\\\/#website\"},\"primaryImageOfPage\":{\"@id\":\"https:\\\/\\\/robertkyounglaw.com\\\/medical-malpractice-cases\\\/#primaryimage\"},\"image\":{\"@id\":\"https:\\\/\\\/robertkyounglaw.com\\\/medical-malpractice-cases\\\/#primaryimage\"},\"thumbnailUrl\":\"https:\\\/\\\/robertkyounglaw.com\\\/wp-content\\\/uploads\\\/2023\\\/03\\\/doctor-650534_1280.jpg\",\"datePublished\":\"2023-04-11T15:18:40+00:00\",\"dateModified\":\"2026-03-06T10:08:46+00:00\",\"description\":\"Injured by medical negligence? A top Medical Malpractice Attorney in Merrick can help you get the compensation you deserve.\",\"breadcrumb\":{\"@id\":\"https:\\\/\\\/robertkyounglaw.com\\\/medical-malpractice-cases\\\/#breadcrumb\"},\"inLanguage\":\"es\",\"potentialAction\":[{\"@type\":\"ReadAction\",\"target\":[\"https:\\\/\\\/robertkyounglaw.com\\\/medical-malpractice-cases\\\/\"]}]},{\"@type\":\"ImageObject\",\"inLanguage\":\"es\",\"@id\":\"https:\\\/\\\/robertkyounglaw.com\\\/medical-malpractice-cases\\\/#primaryimage\",\"url\":\"https:\\\/\\\/robertkyounglaw.com\\\/wp-content\\\/uploads\\\/2023\\\/03\\\/doctor-650534_1280.jpg\",\"contentUrl\":\"https:\\\/\\\/robertkyounglaw.com\\\/wp-content\\\/uploads\\\/2023\\\/03\\\/doctor-650534_1280.jpg\",\"width\":1280,\"height\":853,\"caption\":\"Doctor with a stethoscope\"},{\"@type\":\"BreadcrumbList\",\"@id\":\"https:\\\/\\\/robertkyounglaw.com\\\/medical-malpractice-cases\\\/#breadcrumb\",\"itemListElement\":[{\"@type\":\"ListItem\",\"position\":1,\"name\":\"Home\",\"item\":\"https:\\\/\\\/robertkyounglaw.com\\\/\"},{\"@type\":\"ListItem\",\"position\":2,\"name\":\"Medical Malpractice Cases\"}]},{\"@type\":\"WebSite\",\"@id\":\"https:\\\/\\\/robertkyounglaw.com\\\/#website\",\"url\":\"https:\\\/\\\/robertkyounglaw.com\\\/\",\"name\":\"Robert K. Young & Associates\",\"description\":\"\",\"publisher\":{\"@id\":\"https:\\\/\\\/robertkyounglaw.com\\\/#organization\"},\"alternateName\":\"RKY\",\"potentialAction\":[{\"@type\":\"SearchAction\",\"target\":{\"@type\":\"EntryPoint\",\"urlTemplate\":\"https:\\\/\\\/robertkyounglaw.com\\\/?s={search_term_string}\"},\"query-input\":{\"@type\":\"PropertyValueSpecification\",\"valueRequired\":true,\"valueName\":\"search_term_string\"}}],\"inLanguage\":\"es\"},{\"@type\":\"Organization\",\"@id\":\"https:\\\/\\\/robertkyounglaw.com\\\/#organization\",\"name\":\"Robert K. Young & Associates\",\"alternateName\":\"RKY\",\"url\":\"https:\\\/\\\/robertkyounglaw.com\\\/\",\"logo\":{\"@type\":\"ImageObject\",\"inLanguage\":\"es\",\"@id\":\"https:\\\/\\\/robertkyounglaw.com\\\/#\\\/schema\\\/logo\\\/image\\\/\",\"url\":\"https:\\\/\\\/robertkyounglaw.com\\\/wp-content\\\/uploads\\\/2025\\\/05\\\/RKY-logo.jpg\",\"contentUrl\":\"https:\\\/\\\/robertkyounglaw.com\\\/wp-content\\\/uploads\\\/2025\\\/05\\\/RKY-logo.jpg\",\"width\":696,\"height\":696,\"caption\":\"Robert K. Young & Associates\"},\"image\":{\"@id\":\"https:\\\/\\\/robertkyounglaw.com\\\/#\\\/schema\\\/logo\\\/image\\\/\"},\"sameAs\":[\"https:\\\/\\\/www.facebook.com\\\/robertkyoungpc\\\/\",\"https:\\\/\\\/www.linkedin.com\\\/company\\\/robert-k-young-&-associates\"]}]}<\/script>\n<!-- \/ Yoast SEO plugin. -->","yoast_head_json":{"title":"Casos de negligencia m\u00e9dica | Robert K. Young &amp; Associates","description":"\u00bfLesionado por negligencia m\u00e9dica? Un abogado especializado en negligencia m\u00e9dica en Merrick puede ayudarle a obtener la compensaci\u00f3n que merece.","robots":{"index":"index","follow":"follow","max-snippet":"max-snippet:-1","max-image-preview":"max-image-preview:large","max-video-preview":"max-video-preview:-1"},"canonical":"https:\/\/robertkyounglaw.com\/es\/casos-de-mala-praxis-medica\/","og_locale":"es_ES","og_type":"article","og_title":"Medical Malpractice Cases | Robert K. Young & Associates","og_description":"Injured by medical negligence? A top Medical Malpractice Attorney in Merrick can help you get the compensation you deserve.","og_url":"https:\/\/robertkyounglaw.com\/es\/casos-de-mala-praxis-medica\/","og_site_name":"Robert K. Young &amp; Associates","article_publisher":"https:\/\/www.facebook.com\/robertkyoungpc\/","article_modified_time":"2026-03-06T10:08:46+00:00","og_image":[{"width":1280,"height":853,"url":"https:\/\/robertkyounglaw.com\/wp-content\/uploads\/2023\/03\/doctor-650534_1280.jpg","type":"image\/jpeg"}],"twitter_card":"summary_large_image","twitter_misc":{"Est. reading time":"3 minutos"},"schema":{"@context":"https:\/\/schema.org","@graph":[{"@type":"WebPage","@id":"https:\/\/robertkyounglaw.com\/medical-malpractice-cases\/","url":"https:\/\/robertkyounglaw.com\/medical-malpractice-cases\/","name":"Casos de negligencia m\u00e9dica | Robert K. Young &amp; Associates","isPartOf":{"@id":"https:\/\/robertkyounglaw.com\/#website"},"primaryImageOfPage":{"@id":"https:\/\/robertkyounglaw.com\/medical-malpractice-cases\/#primaryimage"},"image":{"@id":"https:\/\/robertkyounglaw.com\/medical-malpractice-cases\/#primaryimage"},"thumbnailUrl":"https:\/\/robertkyounglaw.com\/wp-content\/uploads\/2023\/03\/doctor-650534_1280.jpg","datePublished":"2023-04-11T15:18:40+00:00","dateModified":"2026-03-06T10:08:46+00:00","description":"\u00bfLesionado por negligencia m\u00e9dica? Un abogado especializado en negligencia m\u00e9dica en Merrick puede ayudarle a obtener la compensaci\u00f3n que merece.","breadcrumb":{"@id":"https:\/\/robertkyounglaw.com\/medical-malpractice-cases\/#breadcrumb"},"inLanguage":"es","potentialAction":[{"@type":"ReadAction","target":["https:\/\/robertkyounglaw.com\/medical-malpractice-cases\/"]}]},{"@type":"ImageObject","inLanguage":"es","@id":"https:\/\/robertkyounglaw.com\/medical-malpractice-cases\/#primaryimage","url":"https:\/\/robertkyounglaw.com\/wp-content\/uploads\/2023\/03\/doctor-650534_1280.jpg","contentUrl":"https:\/\/robertkyounglaw.com\/wp-content\/uploads\/2023\/03\/doctor-650534_1280.jpg","width":1280,"height":853,"caption":"Doctor with a stethoscope"},{"@type":"BreadcrumbList","@id":"https:\/\/robertkyounglaw.com\/medical-malpractice-cases\/#breadcrumb","itemListElement":[{"@type":"ListItem","position":1,"name":"Home","item":"https:\/\/robertkyounglaw.com\/"},{"@type":"ListItem","position":2,"name":"Medical Malpractice Cases"}]},{"@type":"WebSite","@id":"https:\/\/robertkyounglaw.com\/#website","url":"https:\/\/robertkyounglaw.com\/","name":"Robert K. Young y asociados","description":"","publisher":{"@id":"https:\/\/robertkyounglaw.com\/#organization"},"alternateName":"RKY","potentialAction":[{"@type":"SearchAction","target":{"@type":"EntryPoint","urlTemplate":"https:\/\/robertkyounglaw.com\/?s={search_term_string}"},"query-input":{"@type":"PropertyValueSpecification","valueRequired":true,"valueName":"search_term_string"}}],"inLanguage":"es"},{"@type":"Organization","@id":"https:\/\/robertkyounglaw.com\/#organization","name":"Robert K. Young y asociados","alternateName":"RKY","url":"https:\/\/robertkyounglaw.com\/","logo":{"@type":"ImageObject","inLanguage":"es","@id":"https:\/\/robertkyounglaw.com\/#\/schema\/logo\/image\/","url":"https:\/\/robertkyounglaw.com\/wp-content\/uploads\/2025\/05\/RKY-logo.jpg","contentUrl":"https:\/\/robertkyounglaw.com\/wp-content\/uploads\/2025\/05\/RKY-logo.jpg","width":696,"height":696,"caption":"Robert K. Young & Associates"},"image":{"@id":"https:\/\/robertkyounglaw.com\/#\/schema\/logo\/image\/"},"sameAs":["https:\/\/www.facebook.com\/robertkyoungpc\/","https:\/\/www.linkedin.com\/company\/robert-k-young-&-associates"]}]}},"_links":{"self":[{"href":"https:\/\/robertkyounglaw.com\/es\/wp-json\/wp\/v2\/pages\/1994","targetHints":{"allow":["GET"]}}],"collection":[{"href":"https:\/\/robertkyounglaw.com\/es\/wp-json\/wp\/v2\/pages"}],"about":[{"href":"https:\/\/robertkyounglaw.com\/es\/wp-json\/wp\/v2\/types\/page"}],"author":[{"embeddable":true,"href":"https:\/\/robertkyounglaw.com\/es\/wp-json\/wp\/v2\/users\/2"}],"replies":[{"embeddable":true,"href":"https:\/\/robertkyounglaw.com\/es\/wp-json\/wp\/v2\/comments?post=1994"}],"version-history":[{"count":0,"href":"https:\/\/robertkyounglaw.com\/es\/wp-json\/wp\/v2\/pages\/1994\/revisions"}],"wp:featuredmedia":[{"embeddable":true,"href":"https:\/\/robertkyounglaw.com\/es\/wp-json\/wp\/v2\/media\/1686"}],"wp:attachment":[{"href":"https:\/\/robertkyounglaw.com\/es\/wp-json\/wp\/v2\/media?parent=1994"}],"curies":[{"name":"Gracias","href":"https:\/\/api.w.org\/{rel}","templated":true}]}}