{"id":1988,"date":"2023-04-11T15:16:34","date_gmt":"2023-04-11T15:16:34","guid":{"rendered":"https:\/\/robertkyounglaw.flywheelsites.com\/?page_id=1988"},"modified":"2026-03-06T10:09:59","modified_gmt":"2026-03-06T10:09:59","slug":"accidentes-de-motocicleta","status":"publish","type":"page","link":"https:\/\/robertkyounglaw.com\/es\/motorcycle-accidents\/","title":{"rendered":"Accidentes de motocicleta"},"content":{"rendered":"<div data-elementor-type=\"wp-page\" data-elementor-id=\"1988\" class=\"elementor elementor-1988\" data-elementor-post-type=\"page\">\n\t\t\t\t\t\t<section class=\"elementor-section elementor-top-section elementor-element elementor-element-5ad7494 elementor-section-boxed elementor-section-height-default elementor-section-height-default\" data-id=\"5ad7494\" data-element_type=\"section\" data-e-type=\"section\">\n\t\t\t\t\t\t<div class=\"elementor-container elementor-column-gap-default\">\n\t\t\t\t\t<div class=\"elementor-column elementor-col-100 elementor-top-column elementor-element elementor-element-ea76d4a\" data-id=\"ea76d4a\" data-element_type=\"column\" data-e-type=\"column\" data-settings=\"{&quot;background_background&quot;:&quot;classic&quot;}\">\n\t\t\t<div class=\"elementor-widget-wrap elementor-element-populated\">\n\t\t\t\t\t\t<div class=\"elementor-element elementor-element-f572814 elementor-widget elementor-widget-text-editor\" data-id=\"f572814\" data-element_type=\"widget\" data-e-type=\"widget\" data-widget_type=\"text-editor.default\">\n\t\t\t\t<div class=\"elementor-widget-container\">\n\t\t\t\t\t\t\t\t\t<p>Si result\u00f3 lesionado en un accidente de motocicleta en Merrick, NY, necesita un abogado de lesiones personales calificado y con experiencia como Robert K. Young Law para proteger sus derechos y ayudarlo a buscar la compensaci\u00f3n que merece. Los accidentes de motocicleta pueden resultar en lesiones devastadoras, que incluyen huesos rotos, lesiones en la cabeza y lesiones en la columna vertebral, que pueden tener efectos f\u00edsicos, emocionales y financieros duraderos. Robert K. Young Law tiene un historial comprobado de representaci\u00f3n exitosa de clientes en casos de accidentes de motocicleta y puede brindarle la orientaci\u00f3n y representaci\u00f3n legal que necesita durante este momento dif\u00edcil.<\/p><p>Calificar para un caso de accidente de motocicleta generalmente implica establecer que el accidente fue causado por negligencia o acciones il\u00edcitas de otra parte. Esto puede incluir instancias como conducci\u00f3n distra\u00edda, exceso de velocidad, no ceder el paso, conducci\u00f3n en estado de ebriedad u otras formas de negligencia por parte de un automovilista, peat\u00f3n o incluso del fabricante de la motocicleta. En Nueva York, los motociclistas tienen los mismos derechos y protecciones que los dem\u00e1s automovilistas, y tienen derecho a buscar compensaci\u00f3n por sus lesiones y da\u00f1os.<\/p><p>Robert K. Young Law comprende los desaf\u00edos \u00fanicos y las complejidades de los casos de accidentes de motocicleta y tiene un conocimiento profundo de las leyes de motocicletas de Nueva York. El experimentado equipo legal investigar\u00e1 a fondo el accidente, recopilar\u00e1 evidencia y construir\u00e1 un caso s\u00f3lido en su nombre. Robert K. Young Law trabajar\u00e1 incansablemente para garantizar que usted reciba una compensaci\u00f3n justa por sus gastos m\u00e9dicos, salarios perdidos, dolor y sufrimiento, y otros da\u00f1os incurridos como resultado del accidente.<\/p><p>Cuando elige a Robert K. Young Law para que lo represente en su caso de accidente de motocicleta, puede esperar una atenci\u00f3n compasiva y personalizada, junto con una defensa agresiva. El equipo de Robert K. Young Law lo mantendr\u00e1 informado durante todo el proceso legal, brind\u00e1ndole orientaci\u00f3n experta y apoyo para ayudarlo a tomar decisiones informadas sobre su caso.<\/p><p>Si result\u00f3 lesionado en un accidente de motocicleta en Merrick, NY, no se demore en buscar ayuda legal. P\u00f3ngase en contacto con Robert K. Young Law hoy para una consulta gratuita para analizar su caso y conocer sus derechos y opciones. Recuerde, el tiempo es esencial cuando se trata de presentar un reclamo por lesiones personales, as\u00ed que tome medidas ahora para proteger sus derechos y buscar la compensaci\u00f3n que merece. Deje que Robert K. Young Law luche por sus derechos y lo ayude a obtener la justicia y la compensaci\u00f3n a la que tiene derecho despu\u00e9s de un accidente de motocicleta.<\/p>\t\t\t\t\t\t\t\t<\/div>\n\t\t\t\t<\/div>\n\t\t\t\t\t<\/div>\n\t\t<\/div>\n\t\t\t\t\t<\/div>\n\t\t<\/section>\n\t\t\t\t<\/div>","protected":false},"excerpt":{"rendered":"<p>If you&#8217;ve been injured in a motorcycle accident in Merrick, NY, you need a skilled and experienced Personal Injury Attorney like Robert K. Young Law to protect your rights and help you seek the compensation you deserve. Motorcycle accidents can result in devastating injuries, including broken bones, head injuries, and spinal injuries, which can have [&hellip;]<\/p>\n","protected":false},"author":2,"featured_media":1989,"parent":0,"menu_order":0,"comment_status":"closed","ping_status":"closed","template":"","meta":{"footnotes":""},"class_list":["post-1988","page","type-page","status-publish","has-post-thumbnail","hentry"],"yoast_head":"<!-- This site is optimized with the Yoast SEO plugin v27.6 - https:\/\/yoast.com\/product\/yoast-seo-wordpress\/ -->\n<title>Motorcycle Accidents | Robert K. Young &amp; Associates<\/title>\n<meta name=\"description\" content=\"Robert K. Young, Motorcycle Accidents Attorney in Merrick, helps injured riders recover compensation for medical bills, lost wages, and more.\" \/>\n<meta name=\"robots\" content=\"index, follow, max-snippet:-1, max-image-preview:large, max-video-preview:-1\" \/>\n<link rel=\"canonical\" href=\"https:\/\/robertkyounglaw.com\/es\/accidentes-de-motocicleta\/\" \/>\n<meta property=\"og:locale\" content=\"es_ES\" \/>\n<meta property=\"og:type\" content=\"article\" \/>\n<meta property=\"og:title\" content=\"Motorcycle Accidents | Robert K. Young &amp; Associates\" \/>\n<meta property=\"og:description\" content=\"Robert K. Young, Motorcycle Accidents Attorney in Merrick, helps injured riders recover compensation for medical bills, lost wages, and more.\" \/>\n<meta property=\"og:url\" content=\"https:\/\/robertkyounglaw.com\/es\/accidentes-de-motocicleta\/\" \/>\n<meta property=\"og:site_name\" content=\"Robert K. Young &amp; Associates\" \/>\n<meta property=\"article:publisher\" content=\"https:\/\/www.facebook.com\/robertkyoungpc\/\" \/>\n<meta property=\"article:modified_time\" content=\"2026-03-06T10:09:59+00:00\" \/>\n<meta property=\"og:image\" content=\"https:\/\/robertkyounglaw.com\/wp-content\/uploads\/2023\/04\/harley-davidson-BwXsi8tcXlk-unsplash-e1681226186574.jpg\" \/>\n\t<meta property=\"og:image:width\" content=\"1920\" \/>\n\t<meta property=\"og:image:height\" content=\"840\" \/>\n\t<meta property=\"og:image:type\" content=\"image\/jpeg\" \/>\n<meta name=\"twitter:card\" content=\"summary_large_image\" \/>\n<meta name=\"twitter:label1\" content=\"Est. reading time\" \/>\n\t<meta name=\"twitter:data1\" content=\"2 minutos\" \/>\n<script type=\"application\/ld+json\" class=\"yoast-schema-graph\">{\"@context\":\"https:\\\/\\\/schema.org\",\"@graph\":[{\"@type\":\"WebPage\",\"@id\":\"https:\\\/\\\/robertkyounglaw.com\\\/motorcycle-accidents\\\/\",\"url\":\"https:\\\/\\\/robertkyounglaw.com\\\/motorcycle-accidents\\\/\",\"name\":\"Motorcycle Accidents | Robert K. Young & Associates\",\"isPartOf\":{\"@id\":\"https:\\\/\\\/robertkyounglaw.com\\\/#website\"},\"primaryImageOfPage\":{\"@id\":\"https:\\\/\\\/robertkyounglaw.com\\\/motorcycle-accidents\\\/#primaryimage\"},\"image\":{\"@id\":\"https:\\\/\\\/robertkyounglaw.com\\\/motorcycle-accidents\\\/#primaryimage\"},\"thumbnailUrl\":\"https:\\\/\\\/robertkyounglaw.com\\\/wp-content\\\/uploads\\\/2023\\\/04\\\/harley-davidson-BwXsi8tcXlk-unsplash-e1681226186574.jpg\",\"datePublished\":\"2023-04-11T15:16:34+00:00\",\"dateModified\":\"2026-03-06T10:09:59+00:00\",\"description\":\"Robert K. Young, Motorcycle Accidents Attorney in Merrick, helps injured riders recover compensation for medical bills, lost wages, and more.\",\"breadcrumb\":{\"@id\":\"https:\\\/\\\/robertkyounglaw.com\\\/motorcycle-accidents\\\/#breadcrumb\"},\"inLanguage\":\"es\",\"potentialAction\":[{\"@type\":\"ReadAction\",\"target\":[\"https:\\\/\\\/robertkyounglaw.com\\\/motorcycle-accidents\\\/\"]}]},{\"@type\":\"ImageObject\",\"inLanguage\":\"es\",\"@id\":\"https:\\\/\\\/robertkyounglaw.com\\\/motorcycle-accidents\\\/#primaryimage\",\"url\":\"https:\\\/\\\/robertkyounglaw.com\\\/wp-content\\\/uploads\\\/2023\\\/04\\\/harley-davidson-BwXsi8tcXlk-unsplash-e1681226186574.jpg\",\"contentUrl\":\"https:\\\/\\\/robertkyounglaw.com\\\/wp-content\\\/uploads\\\/2023\\\/04\\\/harley-davidson-BwXsi8tcXlk-unsplash-e1681226186574.jpg\",\"width\":1920,\"height\":840,\"caption\":\"Harley Davidson motorcycle on the road\"},{\"@type\":\"BreadcrumbList\",\"@id\":\"https:\\\/\\\/robertkyounglaw.com\\\/motorcycle-accidents\\\/#breadcrumb\",\"itemListElement\":[{\"@type\":\"ListItem\",\"position\":1,\"name\":\"Home\",\"item\":\"https:\\\/\\\/robertkyounglaw.com\\\/\"},{\"@type\":\"ListItem\",\"position\":2,\"name\":\"Motorcycle Accidents\"}]},{\"@type\":\"WebSite\",\"@id\":\"https:\\\/\\\/robertkyounglaw.com\\\/#website\",\"url\":\"https:\\\/\\\/robertkyounglaw.com\\\/\",\"name\":\"Robert K. Young & Associates\",\"description\":\"\",\"publisher\":{\"@id\":\"https:\\\/\\\/robertkyounglaw.com\\\/#organization\"},\"alternateName\":\"RKY\",\"potentialAction\":[{\"@type\":\"SearchAction\",\"target\":{\"@type\":\"EntryPoint\",\"urlTemplate\":\"https:\\\/\\\/robertkyounglaw.com\\\/?s={search_term_string}\"},\"query-input\":{\"@type\":\"PropertyValueSpecification\",\"valueRequired\":true,\"valueName\":\"search_term_string\"}}],\"inLanguage\":\"es\"},{\"@type\":\"Organization\",\"@id\":\"https:\\\/\\\/robertkyounglaw.com\\\/#organization\",\"name\":\"Robert K. Young & Associates\",\"alternateName\":\"RKY\",\"url\":\"https:\\\/\\\/robertkyounglaw.com\\\/\",\"logo\":{\"@type\":\"ImageObject\",\"inLanguage\":\"es\",\"@id\":\"https:\\\/\\\/robertkyounglaw.com\\\/#\\\/schema\\\/logo\\\/image\\\/\",\"url\":\"https:\\\/\\\/robertkyounglaw.com\\\/wp-content\\\/uploads\\\/2025\\\/05\\\/RKY-logo.jpg\",\"contentUrl\":\"https:\\\/\\\/robertkyounglaw.com\\\/wp-content\\\/uploads\\\/2025\\\/05\\\/RKY-logo.jpg\",\"width\":696,\"height\":696,\"caption\":\"Robert K. Young & Associates\"},\"image\":{\"@id\":\"https:\\\/\\\/robertkyounglaw.com\\\/#\\\/schema\\\/logo\\\/image\\\/\"},\"sameAs\":[\"https:\\\/\\\/www.facebook.com\\\/robertkyoungpc\\\/\",\"https:\\\/\\\/www.linkedin.com\\\/company\\\/robert-k-young-&-associates\"]}]}<\/script>\n<!-- \/ Yoast SEO plugin. -->","yoast_head_json":{"title":"Accidentes de motocicleta | Robert K. Young &amp; Associates","description":"Robert K. Young, abogado de accidentes de motocicleta en Merrick, ayuda a los motociclistas lesionados a recuperar una compensaci\u00f3n por facturas m\u00e9dicas, salarios perdidos y m\u00e1s.","robots":{"index":"index","follow":"follow","max-snippet":"max-snippet:-1","max-image-preview":"max-image-preview:large","max-video-preview":"max-video-preview:-1"},"canonical":"https:\/\/robertkyounglaw.com\/es\/accidentes-de-motocicleta\/","og_locale":"es_ES","og_type":"article","og_title":"Motorcycle Accidents | Robert K. Young & Associates","og_description":"Robert K. Young, Motorcycle Accidents Attorney in Merrick, helps injured riders recover compensation for medical bills, lost wages, and more.","og_url":"https:\/\/robertkyounglaw.com\/es\/accidentes-de-motocicleta\/","og_site_name":"Robert K. Young &amp; Associates","article_publisher":"https:\/\/www.facebook.com\/robertkyoungpc\/","article_modified_time":"2026-03-06T10:09:59+00:00","og_image":[{"width":1920,"height":840,"url":"https:\/\/robertkyounglaw.com\/wp-content\/uploads\/2023\/04\/harley-davidson-BwXsi8tcXlk-unsplash-e1681226186574.jpg","type":"image\/jpeg"}],"twitter_card":"summary_large_image","twitter_misc":{"Est. reading time":"2 minutos"},"schema":{"@context":"https:\/\/schema.org","@graph":[{"@type":"WebPage","@id":"https:\/\/robertkyounglaw.com\/motorcycle-accidents\/","url":"https:\/\/robertkyounglaw.com\/motorcycle-accidents\/","name":"Accidentes de motocicleta | Robert K. Young &amp; Associates","isPartOf":{"@id":"https:\/\/robertkyounglaw.com\/#website"},"primaryImageOfPage":{"@id":"https:\/\/robertkyounglaw.com\/motorcycle-accidents\/#primaryimage"},"image":{"@id":"https:\/\/robertkyounglaw.com\/motorcycle-accidents\/#primaryimage"},"thumbnailUrl":"https:\/\/robertkyounglaw.com\/wp-content\/uploads\/2023\/04\/harley-davidson-BwXsi8tcXlk-unsplash-e1681226186574.jpg","datePublished":"2023-04-11T15:16:34+00:00","dateModified":"2026-03-06T10:09:59+00:00","description":"Robert K. Young, abogado de accidentes de motocicleta en Merrick, ayuda a los motociclistas lesionados a recuperar una compensaci\u00f3n por facturas m\u00e9dicas, salarios perdidos y m\u00e1s.","breadcrumb":{"@id":"https:\/\/robertkyounglaw.com\/motorcycle-accidents\/#breadcrumb"},"inLanguage":"es","potentialAction":[{"@type":"ReadAction","target":["https:\/\/robertkyounglaw.com\/motorcycle-accidents\/"]}]},{"@type":"ImageObject","inLanguage":"es","@id":"https:\/\/robertkyounglaw.com\/motorcycle-accidents\/#primaryimage","url":"https:\/\/robertkyounglaw.com\/wp-content\/uploads\/2023\/04\/harley-davidson-BwXsi8tcXlk-unsplash-e1681226186574.jpg","contentUrl":"https:\/\/robertkyounglaw.com\/wp-content\/uploads\/2023\/04\/harley-davidson-BwXsi8tcXlk-unsplash-e1681226186574.jpg","width":1920,"height":840,"caption":"Harley Davidson motorcycle on the road"},{"@type":"BreadcrumbList","@id":"https:\/\/robertkyounglaw.com\/motorcycle-accidents\/#breadcrumb","itemListElement":[{"@type":"ListItem","position":1,"name":"Home","item":"https:\/\/robertkyounglaw.com\/"},{"@type":"ListItem","position":2,"name":"Motorcycle Accidents"}]},{"@type":"WebSite","@id":"https:\/\/robertkyounglaw.com\/#website","url":"https:\/\/robertkyounglaw.com\/","name":"Robert K. Young y asociados","description":"","publisher":{"@id":"https:\/\/robertkyounglaw.com\/#organization"},"alternateName":"RKY","potentialAction":[{"@type":"SearchAction","target":{"@type":"EntryPoint","urlTemplate":"https:\/\/robertkyounglaw.com\/?s={search_term_string}"},"query-input":{"@type":"PropertyValueSpecification","valueRequired":true,"valueName":"search_term_string"}}],"inLanguage":"es"},{"@type":"Organization","@id":"https:\/\/robertkyounglaw.com\/#organization","name":"Robert K. Young y asociados","alternateName":"RKY","url":"https:\/\/robertkyounglaw.com\/","logo":{"@type":"ImageObject","inLanguage":"es","@id":"https:\/\/robertkyounglaw.com\/#\/schema\/logo\/image\/","url":"https:\/\/robertkyounglaw.com\/wp-content\/uploads\/2025\/05\/RKY-logo.jpg","contentUrl":"https:\/\/robertkyounglaw.com\/wp-content\/uploads\/2025\/05\/RKY-logo.jpg","width":696,"height":696,"caption":"Robert K. Young & Associates"},"image":{"@id":"https:\/\/robertkyounglaw.com\/#\/schema\/logo\/image\/"},"sameAs":["https:\/\/www.facebook.com\/robertkyoungpc\/","https:\/\/www.linkedin.com\/company\/robert-k-young-&-associates"]}]}},"_links":{"self":[{"href":"https:\/\/robertkyounglaw.com\/es\/wp-json\/wp\/v2\/pages\/1988","targetHints":{"allow":["GET"]}}],"collection":[{"href":"https:\/\/robertkyounglaw.com\/es\/wp-json\/wp\/v2\/pages"}],"about":[{"href":"https:\/\/robertkyounglaw.com\/es\/wp-json\/wp\/v2\/types\/page"}],"author":[{"embeddable":true,"href":"https:\/\/robertkyounglaw.com\/es\/wp-json\/wp\/v2\/users\/2"}],"replies":[{"embeddable":true,"href":"https:\/\/robertkyounglaw.com\/es\/wp-json\/wp\/v2\/comments?post=1988"}],"version-history":[{"count":0,"href":"https:\/\/robertkyounglaw.com\/es\/wp-json\/wp\/v2\/pages\/1988\/revisions"}],"wp:featuredmedia":[{"embeddable":true,"href":"https:\/\/robertkyounglaw.com\/es\/wp-json\/wp\/v2\/media\/1989"}],"wp:attachment":[{"href":"https:\/\/robertkyounglaw.com\/es\/wp-json\/wp\/v2\/media?parent=1988"}],"curies":[{"name":"Gracias","href":"https:\/\/api.w.org\/{rel}","templated":true}]}}