{"id":1254,"date":"2023-03-24T07:40:46","date_gmt":"2023-03-24T07:40:46","guid":{"rendered":"https:\/\/robertkyounglaw.flywheelsites.com\/?page_id=1254"},"modified":"2026-03-06T10:08:23","modified_gmt":"2026-03-06T10:08:23","slug":"mark-alfisi-licenciado-en-derecho","status":"publish","type":"page","link":"https:\/\/robertkyounglaw.com\/es\/mark-alfisi-esq\/","title":{"rendered":"Marcos Alfisi, Esq."},"content":{"rendered":"<div data-elementor-type=\"wp-page\" data-elementor-id=\"1254\" class=\"elementor elementor-1254\" data-elementor-post-type=\"page\">\n\t\t\t\t\t\t<section class=\"elementor-section elementor-top-section elementor-element elementor-element-746047b elementor-section-full_width elementor-section-height-default elementor-section-height-default\" data-id=\"746047b\" data-element_type=\"section\" data-e-type=\"section\">\n\t\t\t\t\t\t<div class=\"elementor-container elementor-column-gap-default\">\n\t\t\t\t\t<div class=\"elementor-column elementor-col-100 elementor-top-column elementor-element elementor-element-d8c94e7\" data-id=\"d8c94e7\" data-element_type=\"column\" data-e-type=\"column\">\n\t\t\t<div class=\"elementor-widget-wrap elementor-element-populated\">\n\t\t\t\t\t\t<section class=\"elementor-section elementor-inner-section elementor-element elementor-element-c47c6ad elementor-section-full_width elementor-section-height-default elementor-section-height-default\" data-id=\"c47c6ad\" data-element_type=\"section\" data-e-type=\"section\">\n\t\t\t\t\t\t<div class=\"elementor-container elementor-column-gap-default\">\n\t\t\t\t\t<div class=\"elementor-column elementor-col-50 elementor-inner-column elementor-element elementor-element-b3af1d5\" data-id=\"b3af1d5\" data-element_type=\"column\" data-e-type=\"column\">\n\t\t\t<div class=\"elementor-widget-wrap elementor-element-populated\">\n\t\t\t\t\t\t<div class=\"elementor-element elementor-element-aa04ffb elementor-widget__width-initial headshot elementor-widget elementor-widget-image\" data-id=\"aa04ffb\" data-element_type=\"widget\" data-e-type=\"widget\" data-widget_type=\"image.default\">\n\t\t\t\t<div class=\"elementor-widget-container\">\n\t\t\t\t\t\t\t\t\t\t\t\t\t\t\t<img fetchpriority=\"high\" decoding=\"async\" width=\"600\" height=\"600\" src=\"https:\/\/robertkyounglaw.com\/wp-content\/uploads\/2023\/04\/Mark_Alfisi.jpg\" class=\"attachment-full size-full wp-image-2361\" alt=\"Mark Alfisi from Robert K. Young Law\" srcset=\"https:\/\/robertkyounglaw.com\/wp-content\/uploads\/2023\/04\/Mark_Alfisi.jpg 600w, https:\/\/robertkyounglaw.com\/wp-content\/uploads\/2023\/04\/Mark_Alfisi-300x300.jpg 300w, https:\/\/robertkyounglaw.com\/wp-content\/uploads\/2023\/04\/Mark_Alfisi-150x150.jpg 150w, https:\/\/robertkyounglaw.com\/wp-content\/uploads\/2023\/04\/Mark_Alfisi-12x12.jpg 12w\" sizes=\"(max-width: 600px) 100vw, 600px\" \/>\t\t\t\t\t\t\t\t\t\t\t\t\t\t\t<\/div>\n\t\t\t\t<\/div>\n\t\t\t\t<div class=\"elementor-element elementor-element-8211333 main-heading elementor-widget elementor-widget-heading\" data-id=\"8211333\" data-element_type=\"widget\" data-e-type=\"widget\" data-widget_type=\"heading.default\">\n\t\t\t\t<div class=\"elementor-widget-container\">\n\t\t\t\t\t<h3 class=\"elementor-heading-title elementor-size-default\">\t\nMarcos Alfisi, Esq.\n<\/h3>\t\t\t\t<\/div>\n\t\t\t\t<\/div>\n\t\t\t\t<div class=\"elementor-element elementor-element-f011b9b elementor-widget-divider--view-line elementor-widget elementor-widget-divider\" data-id=\"f011b9b\" data-element_type=\"widget\" data-e-type=\"widget\" data-widget_type=\"divider.default\">\n\t\t\t\t<div class=\"elementor-widget-container\">\n\t\t\t\t\t\t\t<div class=\"elementor-divider\">\n\t\t\t<span class=\"elementor-divider-separator\">\n\t\t\t\t\t\t<\/span>\n\t\t<\/div>\n\t\t\t\t\t\t<\/div>\n\t\t\t\t<\/div>\n\t\t\t\t\t<\/div>\n\t\t<\/div>\n\t\t\t\t<div class=\"elementor-column elementor-col-50 elementor-inner-column elementor-element elementor-element-4d18567\" data-id=\"4d18567\" data-element_type=\"column\" data-e-type=\"column\" data-settings=\"{&quot;background_background&quot;:&quot;classic&quot;}\">\n\t\t\t<div class=\"elementor-widget-wrap elementor-element-populated\">\n\t\t\t\t\t\t<div class=\"elementor-element elementor-element-a02435b elementor-widget elementor-widget-text-editor\" data-id=\"a02435b\" data-element_type=\"widget\" data-e-type=\"widget\" data-widget_type=\"text-editor.default\">\n\t\t\t\t<div class=\"elementor-widget-container\">\n\t\t\t\t\t\t\t\t\t<p>Mark Alfisi recibi\u00f3 su Doctorado en Jurisprudencia de la Facultad de Derecho Maurice A. Deane de la Universidad de Hofstra en 2017 y fue admitido para ejercer la abogac\u00eda en Nueva York en 2019. Antes de asistir a la facultad de derecho, Mark se gradu\u00f3 de la Universidad de Mount Union con una licenciatura en artes. en Justicia Penal y menores tanto en Estudios Jur\u00eddicos como en Sociolog\u00eda. Mientras estuvo en Hofstra Law, Mark fue miembro de la Junta de Moot Court y compiti\u00f3 en competencias interescolares de defensa de apelaciones. Mark tambi\u00e9n se desempe\u00f1\u00f3 en la Junta como editor s\u00e9nior de libros de casos y director de personal. Adem\u00e1s, Mark fue publicado numerosas veces en LegalMalpractice.com, una voluminosa colecci\u00f3n de art\u00edculos relacionados con la negligencia de abogados y la \u00e9tica legal.<\/p>\t\t\t\t\t\t\t\t<\/div>\n\t\t\t\t<\/div>\n\t\t\t\t<div class=\"elementor-element elementor-element-53fbe4c elementor-widget elementor-widget-text-editor\" data-id=\"53fbe4c\" data-element_type=\"widget\" data-e-type=\"widget\" data-widget_type=\"text-editor.default\">\n\t\t\t\t<div class=\"elementor-widget-container\">\n\t\t\t\t\t\t\t\t\t<p>Antes de unirse a Robert K. Young and Associates, PC, Mark trabaj\u00f3 en firmas donde adquiri\u00f3 experiencia en litigios sin culpa, lesiones personales, muerte por negligencia y derechos civiles federales.<\/p>\t\t\t\t\t\t\t\t<\/div>\n\t\t\t\t<\/div>\n\t\t\t\t\t<\/div>\n\t\t<\/div>\n\t\t\t\t\t<\/div>\n\t\t<\/section>\n\t\t\t\t\t<\/div>\n\t\t<\/div>\n\t\t\t\t\t<\/div>\n\t\t<\/section>\n\t\t\t\t<section class=\"elementor-section elementor-top-section elementor-element elementor-element-d53f105 elementor-section-full_width elementor-section-height-default elementor-section-height-default\" data-id=\"d53f105\" data-element_type=\"section\" data-e-type=\"section\">\n\t\t\t\t\t\t<div class=\"elementor-container elementor-column-gap-default\">\n\t\t\t\t\t<div class=\"elementor-column elementor-col-100 elementor-top-column elementor-element elementor-element-ece3d0e\" data-id=\"ece3d0e\" data-element_type=\"column\" data-e-type=\"column\">\n\t\t\t<div class=\"elementor-widget-wrap elementor-element-populated\">\n\t\t\t\t\t\t<div class=\"elementor-element elementor-element-3e1cdc0 elementor-align-left elementor-widget-mobile_extra__width-initial elementor-widget__width-initial elementor-mobile-align-center elementor-widget elementor-widget-button\" data-id=\"3e1cdc0\" data-element_type=\"widget\" data-e-type=\"widget\" data-widget_type=\"button.default\">\n\t\t\t\t<div class=\"elementor-widget-container\">\n\t\t\t\t\t\t\t\t\t<div class=\"elementor-button-wrapper\">\n\t\t\t\t\t<a class=\"elementor-button elementor-button-link elementor-size-xl\" href=\"https:\/\/robertkyounglaw.com\/es\/abogados-de-lesiones-personales\/\">\n\t\t\t\t\t\t<span class=\"elementor-button-content-wrapper\">\n\t\t\t\t\t\t\t\t\t<span class=\"elementor-button-text\">Volver a Abogados<\/span>\n\t\t\t\t\t<\/span>\n\t\t\t\t\t<\/a>\n\t\t\t\t<\/div>\n\t\t\t\t\t\t\t\t<\/div>\n\t\t\t\t<\/div>\n\t\t\t\t\t<\/div>\n\t\t<\/div>\n\t\t\t\t\t<\/div>\n\t\t<\/section>\n\t\t\t\t<\/div>","protected":false},"excerpt":{"rendered":"<p>Mark Alfisi, Esq. Mark Alfisi received his Juris Doctorate from the Maurice A. Deane School of Law at Hofstra University in 2017 and was admitted to practice law in New York in 2019. Before attending law school, Mark graduated from the University of Mount Union with a Bachelor of Arts in Criminal Justice and minors [&hellip;]<\/p>\n","protected":false},"author":2,"featured_media":2619,"parent":0,"menu_order":0,"comment_status":"closed","ping_status":"closed","template":"","meta":{"footnotes":""},"class_list":["post-1254","page","type-page","status-publish","has-post-thumbnail","hentry"],"yoast_head":"<!-- This site is optimized with the Yoast SEO plugin v27.4 - https:\/\/yoast.com\/product\/yoast-seo-wordpress\/ -->\n<title>Mark Alfisi, Esq. | Robert K. Young &amp; Associates<\/title>\n<meta name=\"description\" content=\"Mark Alfisi is an attorney in Merrick with experience in personal injury, wrongful death, and federal civil rights litigation.\" \/>\n<meta name=\"robots\" content=\"index, follow, max-snippet:-1, max-image-preview:large, max-video-preview:-1\" \/>\n<link rel=\"canonical\" href=\"https:\/\/robertkyounglaw.com\/es\/mark-alfisi-licenciado-en-derecho\/\" \/>\n<meta property=\"og:locale\" content=\"es_ES\" \/>\n<meta property=\"og:type\" content=\"article\" \/>\n<meta property=\"og:title\" content=\"Mark Alfisi, Esq. | Robert K. Young &amp; Associates\" \/>\n<meta property=\"og:description\" content=\"Mark Alfisi is an attorney in Merrick with experience in personal injury, wrongful death, and federal civil rights litigation.\" \/>\n<meta property=\"og:url\" content=\"https:\/\/robertkyounglaw.com\/es\/mark-alfisi-licenciado-en-derecho\/\" \/>\n<meta property=\"og:site_name\" content=\"Robert K. Young &amp; Associates\" \/>\n<meta property=\"article:publisher\" content=\"https:\/\/www.facebook.com\/robertkyoungpc\/\" \/>\n<meta property=\"article:modified_time\" content=\"2026-03-06T10:08:23+00:00\" \/>\n<meta property=\"og:image\" content=\"https:\/\/robertkyounglaw.com\/wp-content\/uploads\/2024\/05\/Staff-2024-1920x460-1.jpg\" \/>\n\t<meta property=\"og:image:width\" content=\"1920\" \/>\n\t<meta property=\"og:image:height\" content=\"460\" \/>\n\t<meta property=\"og:image:type\" content=\"image\/jpeg\" \/>\n<meta name=\"twitter:card\" content=\"summary_large_image\" \/>\n<meta name=\"twitter:label1\" content=\"Est. reading time\" \/>\n\t<meta name=\"twitter:data1\" content=\"2 minutos\" \/>\n<script type=\"application\/ld+json\" class=\"yoast-schema-graph\">{\"@context\":\"https:\\\/\\\/schema.org\",\"@graph\":[{\"@type\":\"WebPage\",\"@id\":\"https:\\\/\\\/robertkyounglaw.com\\\/mark-alfisi-esq\\\/\",\"url\":\"https:\\\/\\\/robertkyounglaw.com\\\/mark-alfisi-esq\\\/\",\"name\":\"Mark Alfisi, Esq. | Robert K. Young & Associates\",\"isPartOf\":{\"@id\":\"https:\\\/\\\/robertkyounglaw.com\\\/#website\"},\"primaryImageOfPage\":{\"@id\":\"https:\\\/\\\/robertkyounglaw.com\\\/mark-alfisi-esq\\\/#primaryimage\"},\"image\":{\"@id\":\"https:\\\/\\\/robertkyounglaw.com\\\/mark-alfisi-esq\\\/#primaryimage\"},\"thumbnailUrl\":\"https:\\\/\\\/robertkyounglaw.com\\\/wp-content\\\/uploads\\\/2024\\\/05\\\/Staff-2024-1920x460-1.jpg\",\"datePublished\":\"2023-03-24T07:40:46+00:00\",\"dateModified\":\"2026-03-06T10:08:23+00:00\",\"description\":\"Mark Alfisi is an attorney in Merrick with experience in personal injury, wrongful death, and federal civil rights litigation.\",\"breadcrumb\":{\"@id\":\"https:\\\/\\\/robertkyounglaw.com\\\/mark-alfisi-esq\\\/#breadcrumb\"},\"inLanguage\":\"es\",\"potentialAction\":[{\"@type\":\"ReadAction\",\"target\":[\"https:\\\/\\\/robertkyounglaw.com\\\/mark-alfisi-esq\\\/\"]}]},{\"@type\":\"ImageObject\",\"inLanguage\":\"es\",\"@id\":\"https:\\\/\\\/robertkyounglaw.com\\\/mark-alfisi-esq\\\/#primaryimage\",\"url\":\"https:\\\/\\\/robertkyounglaw.com\\\/wp-content\\\/uploads\\\/2024\\\/05\\\/Staff-2024-1920x460-1.jpg\",\"contentUrl\":\"https:\\\/\\\/robertkyounglaw.com\\\/wp-content\\\/uploads\\\/2024\\\/05\\\/Staff-2024-1920x460-1.jpg\",\"width\":1920,\"height\":460,\"caption\":\"Group photo of Robert K. Young Law staff in 2024\"},{\"@type\":\"BreadcrumbList\",\"@id\":\"https:\\\/\\\/robertkyounglaw.com\\\/mark-alfisi-esq\\\/#breadcrumb\",\"itemListElement\":[{\"@type\":\"ListItem\",\"position\":1,\"name\":\"Home\",\"item\":\"https:\\\/\\\/robertkyounglaw.com\\\/\"},{\"@type\":\"ListItem\",\"position\":2,\"name\":\"Mark Alfisi, Esq.\"}]},{\"@type\":\"WebSite\",\"@id\":\"https:\\\/\\\/robertkyounglaw.com\\\/#website\",\"url\":\"https:\\\/\\\/robertkyounglaw.com\\\/\",\"name\":\"Robert K. Young & Associates\",\"description\":\"\",\"publisher\":{\"@id\":\"https:\\\/\\\/robertkyounglaw.com\\\/#organization\"},\"alternateName\":\"RKY\",\"potentialAction\":[{\"@type\":\"SearchAction\",\"target\":{\"@type\":\"EntryPoint\",\"urlTemplate\":\"https:\\\/\\\/robertkyounglaw.com\\\/?s={search_term_string}\"},\"query-input\":{\"@type\":\"PropertyValueSpecification\",\"valueRequired\":true,\"valueName\":\"search_term_string\"}}],\"inLanguage\":\"es\"},{\"@type\":\"Organization\",\"@id\":\"https:\\\/\\\/robertkyounglaw.com\\\/#organization\",\"name\":\"Robert K. Young & Associates\",\"alternateName\":\"RKY\",\"url\":\"https:\\\/\\\/robertkyounglaw.com\\\/\",\"logo\":{\"@type\":\"ImageObject\",\"inLanguage\":\"es\",\"@id\":\"https:\\\/\\\/robertkyounglaw.com\\\/#\\\/schema\\\/logo\\\/image\\\/\",\"url\":\"https:\\\/\\\/robertkyounglaw.com\\\/wp-content\\\/uploads\\\/2025\\\/05\\\/RKY-logo.jpg\",\"contentUrl\":\"https:\\\/\\\/robertkyounglaw.com\\\/wp-content\\\/uploads\\\/2025\\\/05\\\/RKY-logo.jpg\",\"width\":696,\"height\":696,\"caption\":\"Robert K. Young & Associates\"},\"image\":{\"@id\":\"https:\\\/\\\/robertkyounglaw.com\\\/#\\\/schema\\\/logo\\\/image\\\/\"},\"sameAs\":[\"https:\\\/\\\/www.facebook.com\\\/robertkyoungpc\\\/\",\"https:\\\/\\\/www.linkedin.com\\\/company\\\/robert-k-young-&-associates\"]}]}<\/script>\n<!-- \/ Yoast SEO plugin. -->","yoast_head_json":{"title":"Mark Alfisi, Esq. | Robert K. Young &amp; Associates","description":"Mark Alfisi es un abogado en Merrick con experiencia en lesiones personales, muerte por negligencia y litigios de derechos civiles federales.","robots":{"index":"index","follow":"follow","max-snippet":"max-snippet:-1","max-image-preview":"max-image-preview:large","max-video-preview":"max-video-preview:-1"},"canonical":"https:\/\/robertkyounglaw.com\/es\/mark-alfisi-licenciado-en-derecho\/","og_locale":"es_ES","og_type":"article","og_title":"Mark Alfisi, Esq. | Robert K. Young & Associates","og_description":"Mark Alfisi is an attorney in Merrick with experience in personal injury, wrongful death, and federal civil rights litigation.","og_url":"https:\/\/robertkyounglaw.com\/es\/mark-alfisi-licenciado-en-derecho\/","og_site_name":"Robert K. Young &amp; Associates","article_publisher":"https:\/\/www.facebook.com\/robertkyoungpc\/","article_modified_time":"2026-03-06T10:08:23+00:00","og_image":[{"width":1920,"height":460,"url":"https:\/\/robertkyounglaw.com\/wp-content\/uploads\/2024\/05\/Staff-2024-1920x460-1.jpg","type":"image\/jpeg"}],"twitter_card":"summary_large_image","twitter_misc":{"Est. reading time":"2 minutos"},"schema":{"@context":"https:\/\/schema.org","@graph":[{"@type":"WebPage","@id":"https:\/\/robertkyounglaw.com\/mark-alfisi-esq\/","url":"https:\/\/robertkyounglaw.com\/mark-alfisi-esq\/","name":"Mark Alfisi, Esq. | Robert K. Young &amp; Associates","isPartOf":{"@id":"https:\/\/robertkyounglaw.com\/#website"},"primaryImageOfPage":{"@id":"https:\/\/robertkyounglaw.com\/mark-alfisi-esq\/#primaryimage"},"image":{"@id":"https:\/\/robertkyounglaw.com\/mark-alfisi-esq\/#primaryimage"},"thumbnailUrl":"https:\/\/robertkyounglaw.com\/wp-content\/uploads\/2024\/05\/Staff-2024-1920x460-1.jpg","datePublished":"2023-03-24T07:40:46+00:00","dateModified":"2026-03-06T10:08:23+00:00","description":"Mark Alfisi es un abogado en Merrick con experiencia en lesiones personales, muerte por negligencia y litigios de derechos civiles federales.","breadcrumb":{"@id":"https:\/\/robertkyounglaw.com\/mark-alfisi-esq\/#breadcrumb"},"inLanguage":"es","potentialAction":[{"@type":"ReadAction","target":["https:\/\/robertkyounglaw.com\/mark-alfisi-esq\/"]}]},{"@type":"ImageObject","inLanguage":"es","@id":"https:\/\/robertkyounglaw.com\/mark-alfisi-esq\/#primaryimage","url":"https:\/\/robertkyounglaw.com\/wp-content\/uploads\/2024\/05\/Staff-2024-1920x460-1.jpg","contentUrl":"https:\/\/robertkyounglaw.com\/wp-content\/uploads\/2024\/05\/Staff-2024-1920x460-1.jpg","width":1920,"height":460,"caption":"Group photo of Robert K. Young Law staff in 2024"},{"@type":"BreadcrumbList","@id":"https:\/\/robertkyounglaw.com\/mark-alfisi-esq\/#breadcrumb","itemListElement":[{"@type":"ListItem","position":1,"name":"Home","item":"https:\/\/robertkyounglaw.com\/"},{"@type":"ListItem","position":2,"name":"Mark Alfisi, Esq."}]},{"@type":"WebSite","@id":"https:\/\/robertkyounglaw.com\/#website","url":"https:\/\/robertkyounglaw.com\/","name":"Robert K. Young y asociados","description":"","publisher":{"@id":"https:\/\/robertkyounglaw.com\/#organization"},"alternateName":"RKY","potentialAction":[{"@type":"SearchAction","target":{"@type":"EntryPoint","urlTemplate":"https:\/\/robertkyounglaw.com\/?s={search_term_string}"},"query-input":{"@type":"PropertyValueSpecification","valueRequired":true,"valueName":"search_term_string"}}],"inLanguage":"es"},{"@type":"Organization","@id":"https:\/\/robertkyounglaw.com\/#organization","name":"Robert K. Young y asociados","alternateName":"RKY","url":"https:\/\/robertkyounglaw.com\/","logo":{"@type":"ImageObject","inLanguage":"es","@id":"https:\/\/robertkyounglaw.com\/#\/schema\/logo\/image\/","url":"https:\/\/robertkyounglaw.com\/wp-content\/uploads\/2025\/05\/RKY-logo.jpg","contentUrl":"https:\/\/robertkyounglaw.com\/wp-content\/uploads\/2025\/05\/RKY-logo.jpg","width":696,"height":696,"caption":"Robert K. Young & Associates"},"image":{"@id":"https:\/\/robertkyounglaw.com\/#\/schema\/logo\/image\/"},"sameAs":["https:\/\/www.facebook.com\/robertkyoungpc\/","https:\/\/www.linkedin.com\/company\/robert-k-young-&-associates"]}]}},"_links":{"self":[{"href":"https:\/\/robertkyounglaw.com\/es\/wp-json\/wp\/v2\/pages\/1254","targetHints":{"allow":["GET"]}}],"collection":[{"href":"https:\/\/robertkyounglaw.com\/es\/wp-json\/wp\/v2\/pages"}],"about":[{"href":"https:\/\/robertkyounglaw.com\/es\/wp-json\/wp\/v2\/types\/page"}],"author":[{"embeddable":true,"href":"https:\/\/robertkyounglaw.com\/es\/wp-json\/wp\/v2\/users\/2"}],"replies":[{"embeddable":true,"href":"https:\/\/robertkyounglaw.com\/es\/wp-json\/wp\/v2\/comments?post=1254"}],"version-history":[{"count":0,"href":"https:\/\/robertkyounglaw.com\/es\/wp-json\/wp\/v2\/pages\/1254\/revisions"}],"wp:featuredmedia":[{"embeddable":true,"href":"https:\/\/robertkyounglaw.com\/es\/wp-json\/wp\/v2\/media\/2619"}],"wp:attachment":[{"href":"https:\/\/robertkyounglaw.com\/es\/wp-json\/wp\/v2\/media?parent=1254"}],"curies":[{"name":"Gracias","href":"https:\/\/api.w.org\/{rel}","templated":true}]}}