{"id":1239,"date":"2023-03-24T07:25:38","date_gmt":"2023-03-24T07:25:38","guid":{"rendered":"https:\/\/robertkyounglaw.flywheelsites.com\/?page_id=1239"},"modified":"2026-03-06T10:01:25","modified_gmt":"2026-03-06T10:01:25","slug":"jack-cutrone","status":"publish","type":"page","link":"https:\/\/robertkyounglaw.com\/es\/jack-cutrone\/","title":{"rendered":"Jack Cutrone"},"content":{"rendered":"<div data-elementor-type=\"wp-page\" data-elementor-id=\"1239\" class=\"elementor elementor-1239\" data-elementor-post-type=\"page\">\n\t\t\t\t\t\t<section class=\"elementor-section elementor-top-section elementor-element elementor-element-2ef77a9 elementor-section-full_width elementor-section-height-default elementor-section-height-default\" data-id=\"2ef77a9\" data-element_type=\"section\" data-e-type=\"section\">\n\t\t\t\t\t\t<div class=\"elementor-container elementor-column-gap-default\">\n\t\t\t\t\t<div class=\"elementor-column elementor-col-100 elementor-top-column elementor-element elementor-element-61efc8a\" data-id=\"61efc8a\" data-element_type=\"column\" data-e-type=\"column\">\n\t\t\t<div class=\"elementor-widget-wrap elementor-element-populated\">\n\t\t\t\t\t\t<section class=\"elementor-section elementor-inner-section elementor-element elementor-element-9e8cada elementor-section-full_width elementor-section-height-default elementor-section-height-default\" data-id=\"9e8cada\" data-element_type=\"section\" data-e-type=\"section\">\n\t\t\t\t\t\t<div class=\"elementor-container elementor-column-gap-default\">\n\t\t\t\t\t<div class=\"elementor-column elementor-col-50 elementor-inner-column elementor-element elementor-element-c126287\" data-id=\"c126287\" data-element_type=\"column\" data-e-type=\"column\">\n\t\t\t<div class=\"elementor-widget-wrap elementor-element-populated\">\n\t\t\t\t\t\t<div class=\"elementor-element elementor-element-e55c6b7 elementor-widget__width-initial headshot elementor-widget elementor-widget-image\" data-id=\"e55c6b7\" data-element_type=\"widget\" data-e-type=\"widget\" data-widget_type=\"image.default\">\n\t\t\t\t<div class=\"elementor-widget-container\">\n\t\t\t\t\t\t\t\t\t\t\t\t\t\t\t<img fetchpriority=\"high\" decoding=\"async\" width=\"600\" height=\"600\" src=\"https:\/\/robertkyounglaw.com\/wp-content\/uploads\/2023\/04\/Cutrone.jpg\" class=\"attachment-full size-full wp-image-2066\" alt=\"Cutrone from Robert K. Young Law\" srcset=\"https:\/\/robertkyounglaw.com\/wp-content\/uploads\/2023\/04\/Cutrone.jpg 600w, https:\/\/robertkyounglaw.com\/wp-content\/uploads\/2023\/04\/Cutrone-300x300.jpg 300w, https:\/\/robertkyounglaw.com\/wp-content\/uploads\/2023\/04\/Cutrone-150x150.jpg 150w, https:\/\/robertkyounglaw.com\/wp-content\/uploads\/2023\/04\/Cutrone-12x12.jpg 12w\" sizes=\"(max-width: 600px) 100vw, 600px\" \/>\t\t\t\t\t\t\t\t\t\t\t\t\t\t\t<\/div>\n\t\t\t\t<\/div>\n\t\t\t\t<div class=\"elementor-element elementor-element-65c8ec8 main-heading elementor-widget elementor-widget-heading\" data-id=\"65c8ec8\" data-element_type=\"widget\" data-e-type=\"widget\" data-widget_type=\"heading.default\">\n\t\t\t\t<div class=\"elementor-widget-container\">\n\t\t\t\t\t<h3 class=\"elementor-heading-title elementor-size-default\">\t\nJack Cutrone<\/h3>\t\t\t\t<\/div>\n\t\t\t\t<\/div>\n\t\t\t\t<div class=\"elementor-element elementor-element-49db0f9 elementor-widget-divider--view-line elementor-widget elementor-widget-divider\" data-id=\"49db0f9\" data-element_type=\"widget\" data-e-type=\"widget\" data-widget_type=\"divider.default\">\n\t\t\t\t<div class=\"elementor-widget-container\">\n\t\t\t\t\t\t\t<div class=\"elementor-divider\">\n\t\t\t<span class=\"elementor-divider-separator\">\n\t\t\t\t\t\t<\/span>\n\t\t<\/div>\n\t\t\t\t\t\t<\/div>\n\t\t\t\t<\/div>\n\t\t\t\t\t<\/div>\n\t\t<\/div>\n\t\t\t\t<div class=\"elementor-column elementor-col-50 elementor-inner-column elementor-element elementor-element-c26923d\" data-id=\"c26923d\" data-element_type=\"column\" data-e-type=\"column\" data-settings=\"{&quot;background_background&quot;:&quot;classic&quot;}\">\n\t\t\t<div class=\"elementor-widget-wrap elementor-element-populated\">\n\t\t\t\t\t\t<div class=\"elementor-element elementor-element-edc97ac elementor-widget elementor-widget-text-editor\" data-id=\"edc97ac\" data-element_type=\"widget\" data-e-type=\"widget\" data-widget_type=\"text-editor.default\">\n\t\t\t\t<div class=\"elementor-widget-container\">\n\t\t\t\t\t\t\t\t\t<p>Jack Cutrone recibi\u00f3 su t\u00edtulo universitario de la Universidad de Villanova y su Doctorado en Jurisprudencia de la Universidad de Hofstra. Es un asociado que se especializa en representar a v\u00edctimas de lesiones personales y ha sido un defensor incansable de los derechos de las personas lesionadas desde que se uni\u00f3 a la firma en 2002. Ha litigado con \u00e9xito cientos de casos, incluidos accidentes automovil\u00edsticos, accidentes por resbalones y ca\u00eddas, accidentes en el lugar de trabajo, y reclamos por negligencia m\u00e9dica y ha recuperado millones de d\u00f3lares en compensaci\u00f3n para sus clientes.<\/p>\t\t\t\t\t\t\t\t<\/div>\n\t\t\t\t<\/div>\n\t\t\t\t<div class=\"elementor-element elementor-element-4ac99ac elementor-widget elementor-widget-text-editor\" data-id=\"4ac99ac\" data-element_type=\"widget\" data-e-type=\"widget\" data-widget_type=\"text-editor.default\">\n\t\t\t\t<div class=\"elementor-widget-container\">\n\t\t\t\t\t\t\t\t\t<p>El Sr. Cutrone tambi\u00e9n tiene una experiencia considerable en la representaci\u00f3n de clientes en transacciones de bienes ra\u00edces, as\u00ed como en la representaci\u00f3n de los intereses de los clientes en asuntos judiciales penales, incluidas infracciones de tr\u00e1nsito, DWI, cargos por drogas, robo, robo y agresi\u00f3n.<\/p>\t\t\t\t\t\t\t\t<\/div>\n\t\t\t\t<\/div>\n\t\t\t\t<div class=\"elementor-element elementor-element-f55522a elementor-widget elementor-widget-text-editor\" data-id=\"f55522a\" data-element_type=\"widget\" data-e-type=\"widget\" data-widget_type=\"text-editor.default\">\n\t\t\t\t<div class=\"elementor-widget-container\">\n\t\t\t\t\t\t\t\t\t<p>El Sr. Cutrone ha defendido con \u00e9xito a muchos clientes frente a demandas por incumplimiento de contrato y demandas por negligencia. En particular, al Sr. Cutrone se le desestim\u00f3 un caso de muerte por negligencia contra su cliente antes del juicio y sin ninguna contribuci\u00f3n.<\/p>\t\t\t\t\t\t\t\t<\/div>\n\t\t\t\t<\/div>\n\t\t\t\t\t<\/div>\n\t\t<\/div>\n\t\t\t\t\t<\/div>\n\t\t<\/section>\n\t\t\t\t\t<\/div>\n\t\t<\/div>\n\t\t\t\t\t<\/div>\n\t\t<\/section>\n\t\t\t\t<section class=\"elementor-section elementor-top-section elementor-element elementor-element-751ae7a elementor-section-full_width elementor-section-height-default elementor-section-height-default\" data-id=\"751ae7a\" data-element_type=\"section\" data-e-type=\"section\">\n\t\t\t\t\t\t<div class=\"elementor-container elementor-column-gap-default\">\n\t\t\t\t\t<div class=\"elementor-column elementor-col-100 elementor-top-column elementor-element elementor-element-e5649fb\" data-id=\"e5649fb\" data-element_type=\"column\" data-e-type=\"column\">\n\t\t\t<div class=\"elementor-widget-wrap elementor-element-populated\">\n\t\t\t\t\t\t<div class=\"elementor-element elementor-element-5ddb8f9 elementor-align-left elementor-widget-mobile_extra__width-initial elementor-widget__width-initial elementor-mobile-align-center elementor-widget elementor-widget-button\" data-id=\"5ddb8f9\" data-element_type=\"widget\" data-e-type=\"widget\" data-widget_type=\"button.default\">\n\t\t\t\t<div class=\"elementor-widget-container\">\n\t\t\t\t\t\t\t\t\t<div class=\"elementor-button-wrapper\">\n\t\t\t\t\t<a class=\"elementor-button elementor-button-link elementor-size-xl\" href=\"https:\/\/robertkyounglaw.com\/es\/abogados-de-lesiones-personales\/\">\n\t\t\t\t\t\t<span class=\"elementor-button-content-wrapper\">\n\t\t\t\t\t\t\t\t\t<span class=\"elementor-button-text\">Volver a Abogados<\/span>\n\t\t\t\t\t<\/span>\n\t\t\t\t\t<\/a>\n\t\t\t\t<\/div>\n\t\t\t\t\t\t\t\t<\/div>\n\t\t\t\t<\/div>\n\t\t\t\t\t<\/div>\n\t\t<\/div>\n\t\t\t\t\t<\/div>\n\t\t<\/section>\n\t\t\t\t<\/div>","protected":false},"excerpt":{"rendered":"<p>Jack Cutrone Jack Cutrone received his undergraduate degree from Villanova University and his Juris Doctorate from Hofstra University. He is an associate specializing in representing personal injury victims and has been a tireless advocate for the rights of injured people since joining the firm in 2002. He has successfully litigated hundreds of cases, including car [&hellip;]<\/p>\n","protected":false},"author":2,"featured_media":2619,"parent":0,"menu_order":0,"comment_status":"closed","ping_status":"closed","template":"","meta":{"footnotes":""},"class_list":["post-1239","page","type-page","status-publish","has-post-thumbnail","hentry"],"yoast_head":"<!-- This site is optimized with the Yoast SEO plugin v27.4 - https:\/\/yoast.com\/product\/yoast-seo-wordpress\/ -->\n<title>Jack Cutrone | Robert K. Young &amp; Associates<\/title>\n<meta name=\"description\" content=\"Jack Cutrone, Attorney in Merrick, specializes in personal injury and criminal defense law. Winning millions for injured clients.\" \/>\n<meta name=\"robots\" content=\"index, follow, max-snippet:-1, max-image-preview:large, max-video-preview:-1\" \/>\n<link rel=\"canonical\" href=\"https:\/\/robertkyounglaw.com\/es\/jack-cutrone\/\" \/>\n<meta property=\"og:locale\" content=\"es_ES\" \/>\n<meta property=\"og:type\" content=\"article\" \/>\n<meta property=\"og:title\" content=\"Jack Cutrone | Robert K. Young &amp; Associates\" \/>\n<meta property=\"og:description\" content=\"Jack Cutrone, Attorney in Merrick, specializes in personal injury and criminal defense law. Winning millions for injured clients.\" \/>\n<meta property=\"og:url\" content=\"https:\/\/robertkyounglaw.com\/es\/jack-cutrone\/\" \/>\n<meta property=\"og:site_name\" content=\"Robert K. Young &amp; Associates\" \/>\n<meta property=\"article:publisher\" content=\"https:\/\/www.facebook.com\/robertkyoungpc\/\" \/>\n<meta property=\"article:modified_time\" content=\"2026-03-06T10:01:25+00:00\" \/>\n<meta property=\"og:image\" content=\"https:\/\/robertkyounglaw.com\/wp-content\/uploads\/2024\/05\/Staff-2024-1920x460-1.jpg\" \/>\n\t<meta property=\"og:image:width\" content=\"1920\" \/>\n\t<meta property=\"og:image:height\" content=\"460\" \/>\n\t<meta property=\"og:image:type\" content=\"image\/jpeg\" \/>\n<meta name=\"twitter:card\" content=\"summary_large_image\" \/>\n<meta name=\"twitter:label1\" content=\"Est. reading time\" \/>\n\t<meta name=\"twitter:data1\" content=\"2 minutos\" \/>\n<script type=\"application\/ld+json\" class=\"yoast-schema-graph\">{\"@context\":\"https:\\\/\\\/schema.org\",\"@graph\":[{\"@type\":\"WebPage\",\"@id\":\"https:\\\/\\\/robertkyounglaw.com\\\/jack-cutrone\\\/\",\"url\":\"https:\\\/\\\/robertkyounglaw.com\\\/jack-cutrone\\\/\",\"name\":\"Jack Cutrone | Robert K. Young & Associates\",\"isPartOf\":{\"@id\":\"https:\\\/\\\/robertkyounglaw.com\\\/#website\"},\"primaryImageOfPage\":{\"@id\":\"https:\\\/\\\/robertkyounglaw.com\\\/jack-cutrone\\\/#primaryimage\"},\"image\":{\"@id\":\"https:\\\/\\\/robertkyounglaw.com\\\/jack-cutrone\\\/#primaryimage\"},\"thumbnailUrl\":\"https:\\\/\\\/robertkyounglaw.com\\\/wp-content\\\/uploads\\\/2024\\\/05\\\/Staff-2024-1920x460-1.jpg\",\"datePublished\":\"2023-03-24T07:25:38+00:00\",\"dateModified\":\"2026-03-06T10:01:25+00:00\",\"description\":\"Jack Cutrone, Attorney in Merrick, specializes in personal injury and criminal defense law. Winning millions for injured clients.\",\"breadcrumb\":{\"@id\":\"https:\\\/\\\/robertkyounglaw.com\\\/jack-cutrone\\\/#breadcrumb\"},\"inLanguage\":\"es\",\"potentialAction\":[{\"@type\":\"ReadAction\",\"target\":[\"https:\\\/\\\/robertkyounglaw.com\\\/jack-cutrone\\\/\"]}]},{\"@type\":\"ImageObject\",\"inLanguage\":\"es\",\"@id\":\"https:\\\/\\\/robertkyounglaw.com\\\/jack-cutrone\\\/#primaryimage\",\"url\":\"https:\\\/\\\/robertkyounglaw.com\\\/wp-content\\\/uploads\\\/2024\\\/05\\\/Staff-2024-1920x460-1.jpg\",\"contentUrl\":\"https:\\\/\\\/robertkyounglaw.com\\\/wp-content\\\/uploads\\\/2024\\\/05\\\/Staff-2024-1920x460-1.jpg\",\"width\":1920,\"height\":460,\"caption\":\"Group photo of Robert K. Young Law staff in 2024\"},{\"@type\":\"BreadcrumbList\",\"@id\":\"https:\\\/\\\/robertkyounglaw.com\\\/jack-cutrone\\\/#breadcrumb\",\"itemListElement\":[{\"@type\":\"ListItem\",\"position\":1,\"name\":\"Home\",\"item\":\"https:\\\/\\\/robertkyounglaw.com\\\/\"},{\"@type\":\"ListItem\",\"position\":2,\"name\":\"Jack Cutrone\"}]},{\"@type\":\"WebSite\",\"@id\":\"https:\\\/\\\/robertkyounglaw.com\\\/#website\",\"url\":\"https:\\\/\\\/robertkyounglaw.com\\\/\",\"name\":\"Robert K. Young & Associates\",\"description\":\"\",\"publisher\":{\"@id\":\"https:\\\/\\\/robertkyounglaw.com\\\/#organization\"},\"alternateName\":\"RKY\",\"potentialAction\":[{\"@type\":\"SearchAction\",\"target\":{\"@type\":\"EntryPoint\",\"urlTemplate\":\"https:\\\/\\\/robertkyounglaw.com\\\/?s={search_term_string}\"},\"query-input\":{\"@type\":\"PropertyValueSpecification\",\"valueRequired\":true,\"valueName\":\"search_term_string\"}}],\"inLanguage\":\"es\"},{\"@type\":\"Organization\",\"@id\":\"https:\\\/\\\/robertkyounglaw.com\\\/#organization\",\"name\":\"Robert K. Young & Associates\",\"alternateName\":\"RKY\",\"url\":\"https:\\\/\\\/robertkyounglaw.com\\\/\",\"logo\":{\"@type\":\"ImageObject\",\"inLanguage\":\"es\",\"@id\":\"https:\\\/\\\/robertkyounglaw.com\\\/#\\\/schema\\\/logo\\\/image\\\/\",\"url\":\"https:\\\/\\\/robertkyounglaw.com\\\/wp-content\\\/uploads\\\/2025\\\/05\\\/RKY-logo.jpg\",\"contentUrl\":\"https:\\\/\\\/robertkyounglaw.com\\\/wp-content\\\/uploads\\\/2025\\\/05\\\/RKY-logo.jpg\",\"width\":696,\"height\":696,\"caption\":\"Robert K. Young & Associates\"},\"image\":{\"@id\":\"https:\\\/\\\/robertkyounglaw.com\\\/#\\\/schema\\\/logo\\\/image\\\/\"},\"sameAs\":[\"https:\\\/\\\/www.facebook.com\\\/robertkyoungpc\\\/\",\"https:\\\/\\\/www.linkedin.com\\\/company\\\/robert-k-young-&-associates\"]}]}<\/script>\n<!-- \/ Yoast SEO plugin. -->","yoast_head_json":{"title":"Jack Cutrone | Robert K. Young y Asociados","description":"Jack Cutrone, abogado en Merrick, se especializa en lesiones personales y defensa penal. Gana millones para clientes lesionados.","robots":{"index":"index","follow":"follow","max-snippet":"max-snippet:-1","max-image-preview":"max-image-preview:large","max-video-preview":"max-video-preview:-1"},"canonical":"https:\/\/robertkyounglaw.com\/es\/jack-cutrone\/","og_locale":"es_ES","og_type":"article","og_title":"Jack Cutrone | Robert K. Young & Associates","og_description":"Jack Cutrone, Attorney in Merrick, specializes in personal injury and criminal defense law. Winning millions for injured clients.","og_url":"https:\/\/robertkyounglaw.com\/es\/jack-cutrone\/","og_site_name":"Robert K. Young &amp; Associates","article_publisher":"https:\/\/www.facebook.com\/robertkyoungpc\/","article_modified_time":"2026-03-06T10:01:25+00:00","og_image":[{"width":1920,"height":460,"url":"https:\/\/robertkyounglaw.com\/wp-content\/uploads\/2024\/05\/Staff-2024-1920x460-1.jpg","type":"image\/jpeg"}],"twitter_card":"summary_large_image","twitter_misc":{"Est. reading time":"2 minutos"},"schema":{"@context":"https:\/\/schema.org","@graph":[{"@type":"WebPage","@id":"https:\/\/robertkyounglaw.com\/jack-cutrone\/","url":"https:\/\/robertkyounglaw.com\/jack-cutrone\/","name":"Jack Cutrone | Robert K. Young y Asociados","isPartOf":{"@id":"https:\/\/robertkyounglaw.com\/#website"},"primaryImageOfPage":{"@id":"https:\/\/robertkyounglaw.com\/jack-cutrone\/#primaryimage"},"image":{"@id":"https:\/\/robertkyounglaw.com\/jack-cutrone\/#primaryimage"},"thumbnailUrl":"https:\/\/robertkyounglaw.com\/wp-content\/uploads\/2024\/05\/Staff-2024-1920x460-1.jpg","datePublished":"2023-03-24T07:25:38+00:00","dateModified":"2026-03-06T10:01:25+00:00","description":"Jack Cutrone, abogado en Merrick, se especializa en lesiones personales y defensa penal. Gana millones para clientes lesionados.","breadcrumb":{"@id":"https:\/\/robertkyounglaw.com\/jack-cutrone\/#breadcrumb"},"inLanguage":"es","potentialAction":[{"@type":"ReadAction","target":["https:\/\/robertkyounglaw.com\/jack-cutrone\/"]}]},{"@type":"ImageObject","inLanguage":"es","@id":"https:\/\/robertkyounglaw.com\/jack-cutrone\/#primaryimage","url":"https:\/\/robertkyounglaw.com\/wp-content\/uploads\/2024\/05\/Staff-2024-1920x460-1.jpg","contentUrl":"https:\/\/robertkyounglaw.com\/wp-content\/uploads\/2024\/05\/Staff-2024-1920x460-1.jpg","width":1920,"height":460,"caption":"Group photo of Robert K. Young Law staff in 2024"},{"@type":"BreadcrumbList","@id":"https:\/\/robertkyounglaw.com\/jack-cutrone\/#breadcrumb","itemListElement":[{"@type":"ListItem","position":1,"name":"Home","item":"https:\/\/robertkyounglaw.com\/"},{"@type":"ListItem","position":2,"name":"Jack Cutrone"}]},{"@type":"WebSite","@id":"https:\/\/robertkyounglaw.com\/#website","url":"https:\/\/robertkyounglaw.com\/","name":"Robert K. Young y asociados","description":"","publisher":{"@id":"https:\/\/robertkyounglaw.com\/#organization"},"alternateName":"RKY","potentialAction":[{"@type":"SearchAction","target":{"@type":"EntryPoint","urlTemplate":"https:\/\/robertkyounglaw.com\/?s={search_term_string}"},"query-input":{"@type":"PropertyValueSpecification","valueRequired":true,"valueName":"search_term_string"}}],"inLanguage":"es"},{"@type":"Organization","@id":"https:\/\/robertkyounglaw.com\/#organization","name":"Robert K. Young y asociados","alternateName":"RKY","url":"https:\/\/robertkyounglaw.com\/","logo":{"@type":"ImageObject","inLanguage":"es","@id":"https:\/\/robertkyounglaw.com\/#\/schema\/logo\/image\/","url":"https:\/\/robertkyounglaw.com\/wp-content\/uploads\/2025\/05\/RKY-logo.jpg","contentUrl":"https:\/\/robertkyounglaw.com\/wp-content\/uploads\/2025\/05\/RKY-logo.jpg","width":696,"height":696,"caption":"Robert K. Young & Associates"},"image":{"@id":"https:\/\/robertkyounglaw.com\/#\/schema\/logo\/image\/"},"sameAs":["https:\/\/www.facebook.com\/robertkyoungpc\/","https:\/\/www.linkedin.com\/company\/robert-k-young-&-associates"]}]}},"_links":{"self":[{"href":"https:\/\/robertkyounglaw.com\/es\/wp-json\/wp\/v2\/pages\/1239","targetHints":{"allow":["GET"]}}],"collection":[{"href":"https:\/\/robertkyounglaw.com\/es\/wp-json\/wp\/v2\/pages"}],"about":[{"href":"https:\/\/robertkyounglaw.com\/es\/wp-json\/wp\/v2\/types\/page"}],"author":[{"embeddable":true,"href":"https:\/\/robertkyounglaw.com\/es\/wp-json\/wp\/v2\/users\/2"}],"replies":[{"embeddable":true,"href":"https:\/\/robertkyounglaw.com\/es\/wp-json\/wp\/v2\/comments?post=1239"}],"version-history":[{"count":0,"href":"https:\/\/robertkyounglaw.com\/es\/wp-json\/wp\/v2\/pages\/1239\/revisions"}],"wp:featuredmedia":[{"embeddable":true,"href":"https:\/\/robertkyounglaw.com\/es\/wp-json\/wp\/v2\/media\/2619"}],"wp:attachment":[{"href":"https:\/\/robertkyounglaw.com\/es\/wp-json\/wp\/v2\/media?parent=1239"}],"curies":[{"name":"Gracias","href":"https:\/\/api.w.org\/{rel}","templated":true}]}}