{"id":1227,"date":"2023-03-24T07:09:26","date_gmt":"2023-03-24T07:09:26","guid":{"rendered":"https:\/\/robertkyounglaw.flywheelsites.com\/?page_id=1227"},"modified":"2026-03-06T10:00:01","modified_gmt":"2026-03-06T10:00:01","slug":"gary-j-young","status":"publish","type":"page","link":"https:\/\/robertkyounglaw.com\/es\/gary-j-young\/","title":{"rendered":"Gary j. joven"},"content":{"rendered":"<div data-elementor-type=\"wp-page\" data-elementor-id=\"1227\" class=\"elementor elementor-1227\" data-elementor-post-type=\"page\">\n\t\t\t\t\t\t<section class=\"elementor-section elementor-top-section elementor-element elementor-element-6f24a7d elementor-section-full_width elementor-section-height-default elementor-section-height-default\" data-id=\"6f24a7d\" data-element_type=\"section\" data-e-type=\"section\">\n\t\t\t\t\t\t<div class=\"elementor-container elementor-column-gap-default\">\n\t\t\t\t\t<div class=\"elementor-column elementor-col-100 elementor-top-column elementor-element elementor-element-0862795\" data-id=\"0862795\" data-element_type=\"column\" data-e-type=\"column\">\n\t\t\t<div class=\"elementor-widget-wrap elementor-element-populated\">\n\t\t\t\t\t\t<section class=\"elementor-section elementor-inner-section elementor-element elementor-element-4a09145 elementor-section-full_width elementor-section-height-default elementor-section-height-default\" data-id=\"4a09145\" data-element_type=\"section\" data-e-type=\"section\">\n\t\t\t\t\t\t<div class=\"elementor-container elementor-column-gap-default\">\n\t\t\t\t\t<div class=\"elementor-column elementor-col-50 elementor-inner-column elementor-element elementor-element-d0d0352\" data-id=\"d0d0352\" data-element_type=\"column\" data-e-type=\"column\">\n\t\t\t<div class=\"elementor-widget-wrap elementor-element-populated\">\n\t\t\t\t\t\t<div class=\"elementor-element elementor-element-0bfbe32 elementor-widget__width-initial headshot elementor-widget elementor-widget-image\" data-id=\"0bfbe32\" data-element_type=\"widget\" data-e-type=\"widget\" data-widget_type=\"image.default\">\n\t\t\t\t<div class=\"elementor-widget-container\">\n\t\t\t\t\t\t\t\t\t\t\t\t\t\t\t<img fetchpriority=\"high\" decoding=\"async\" width=\"600\" height=\"600\" src=\"https:\/\/robertkyounglaw.com\/wp-content\/uploads\/2023\/04\/Gary.jpg\" class=\"attachment-full size-full wp-image-2072\" alt=\"Gary from Robert K. Young Law\" srcset=\"https:\/\/robertkyounglaw.com\/wp-content\/uploads\/2023\/04\/Gary.jpg 600w, https:\/\/robertkyounglaw.com\/wp-content\/uploads\/2023\/04\/Gary-300x300.jpg 300w, https:\/\/robertkyounglaw.com\/wp-content\/uploads\/2023\/04\/Gary-150x150.jpg 150w, https:\/\/robertkyounglaw.com\/wp-content\/uploads\/2023\/04\/Gary-12x12.jpg 12w\" sizes=\"(max-width: 600px) 100vw, 600px\" \/>\t\t\t\t\t\t\t\t\t\t\t\t\t\t\t<\/div>\n\t\t\t\t<\/div>\n\t\t\t\t<div class=\"elementor-element elementor-element-24e695f main-heading elementor-widget elementor-widget-heading\" data-id=\"24e695f\" data-element_type=\"widget\" data-e-type=\"widget\" data-widget_type=\"heading.default\">\n\t\t\t\t<div class=\"elementor-widget-container\">\n\t\t\t\t\t<h3 class=\"elementor-heading-title elementor-size-default\">\t\nGary j. joven\n<\/h3>\t\t\t\t<\/div>\n\t\t\t\t<\/div>\n\t\t\t\t<div class=\"elementor-element elementor-element-2254c41 elementor-widget-divider--view-line elementor-widget elementor-widget-divider\" data-id=\"2254c41\" data-element_type=\"widget\" data-e-type=\"widget\" data-widget_type=\"divider.default\">\n\t\t\t\t<div class=\"elementor-widget-container\">\n\t\t\t\t\t\t\t<div class=\"elementor-divider\">\n\t\t\t<span class=\"elementor-divider-separator\">\n\t\t\t\t\t\t<\/span>\n\t\t<\/div>\n\t\t\t\t\t\t<\/div>\n\t\t\t\t<\/div>\n\t\t\t\t\t<\/div>\n\t\t<\/div>\n\t\t\t\t<div class=\"elementor-column elementor-col-50 elementor-inner-column elementor-element elementor-element-b9e8e89\" data-id=\"b9e8e89\" data-element_type=\"column\" data-e-type=\"column\" data-settings=\"{&quot;background_background&quot;:&quot;classic&quot;}\">\n\t\t\t<div class=\"elementor-widget-wrap elementor-element-populated\">\n\t\t\t\t\t\t<div class=\"elementor-element elementor-element-1c1c4c1 elementor-widget elementor-widget-text-editor\" data-id=\"1c1c4c1\" data-element_type=\"widget\" data-e-type=\"widget\" data-widget_type=\"text-editor.default\">\n\t\t\t\t<div class=\"elementor-widget-container\">\n\t\t\t\t\t\t\t\t\t<p>Tras cursar estudios en la Universidad de Albany, Gary J. Young se gradu\u00f3 con honores de la Facultad de Derecho Thomas M. Cooley y, en julio de 1998, fue admitido para ejercer la abogac\u00eda en el Estado de Nueva York. Desde que se incorpor\u00f3 al bufete de su padre en 1997, Gary ha gestionado miles de casos de lesiones personales y negligencia, recuperando m\u00e1s de cien millones de d\u00f3lares ($100,000,000.00) en nombre de sus clientes. Gary ha litigado con \u00e9xito tanto casos con jurado como sin jurado, as\u00ed como arbitrajes, en todo Nueva York. Su inquebrantable \u00e9tica de trabajo y su estilo de gesti\u00f3n de &quot;no escatimar esfuerzos&quot; han demostrado ser sumamente eficaces durante los \u00faltimos 25 a\u00f1os, lo que le ha permitido obtener indemnizaciones excepcionales para sus clientes.<\/p>\t\t\t\t\t\t\t\t<\/div>\n\t\t\t\t<\/div>\n\t\t\t\t<div class=\"elementor-element elementor-element-c4a7e0c elementor-widget elementor-widget-text-editor\" data-id=\"c4a7e0c\" data-element_type=\"widget\" data-e-type=\"widget\" data-widget_type=\"text-editor.default\">\n\t\t\t\t<div class=\"elementor-widget-container\">\n\t\t\t\t\t\t\t\t\t<p>Recientemente, en junio de 2025, Gary obtuvo una indemnizaci\u00f3n de $1,250,000.00 para una joven que salt\u00f3 de un auto mientras este se deten\u00eda. Adem\u00e1s, en 2024, Gary obtuvo indemnizaciones de $900,000.00, $1,100,000.00 y $1,200,000.00 para varias v\u00edctimas de accidentes automovil\u00edsticos, y en 2023, indemnizaciones de $790,000 y $600,000.00 para v\u00edctimas de accidentes de construcci\u00f3n. Los premios anteriores tambi\u00e9n incluyen $2,000,000.00 para una v\u00edctima de un accidente de construcci\u00f3n (lo mismo constituy\u00f3 una oferta de todos los fondos de seguro disponibles), $850,000.00 para una v\u00edctima de accidente automovil\u00edstico, $1,350,000.00 para una v\u00edctima de mordedura de perro (seg\u00fan el New York Law Journal, este fue el premio m\u00e1s alto en Nueva York para el a\u00f1o que finaliz\u00f3 en 2016 para una v\u00edctima de mordedura de perro), $1,100,000.00 para la v\u00edctima de un asalto, $1,000,000.00 para una mujer herida en un accidente automovil\u00edstico, $925,000.00 herida en un accidente de construcci\u00f3n en su casa, $900,000.00 para una mujer que resbal\u00f3 y cay\u00f3 sobre hielo, $900,000.00 para una mujer herida en un accidente automovil\u00edstico y $900,000.00 para un hombre herido en un accidente automovil\u00edstico.<\/p>\t\t\t\t\t\t\t\t<\/div>\n\t\t\t\t<\/div>\n\t\t\t\t<div class=\"elementor-element elementor-element-41cc1d3 elementor-widget elementor-widget-text-editor\" data-id=\"41cc1d3\" data-element_type=\"widget\" data-e-type=\"widget\" data-widget_type=\"text-editor.default\">\n\t\t\t\t<div class=\"elementor-widget-container\">\n\t\t\t\t\t\t\t\t\t<p>Gary comprende y valora el lado humano de las lesiones personales y c\u00f3mo la negligencia de otros puede causar un enorme impacto emocional y f\u00edsico en sus clientes. Por ello, se mantiene en contacto constante con sus clientes durante sus casos para garantizar que est\u00e9n bien informados, permiti\u00e9ndoles centrarse en su recuperaci\u00f3n f\u00edsica y emocional. Gary tambi\u00e9n se enorgullece de su capacidad de respuesta, asegur\u00e1ndose de que todas las llamadas telef\u00f3nicas se respondan o devuelvan con prontitud el mismo d\u00eda. Gary entiende que cosas sencillas, como el profesionalismo, la amabilidad y el apoyo emocional tradicionales, pueden ser de gran ayuda para que sus clientes obtengan no solo una compensaci\u00f3n econ\u00f3mica por sus lesiones, sino tambi\u00e9n la tranquilidad y la confianza de saber que el abogado adecuado est\u00e1 trabajando.<\/p>\t\t\t\t\t\t\t\t<\/div>\n\t\t\t\t<\/div>\n\t\t\t\t<div class=\"elementor-element elementor-element-6e5a7be elementor-widget elementor-widget-text-editor\" data-id=\"6e5a7be\" data-element_type=\"widget\" data-e-type=\"widget\" data-widget_type=\"text-editor.default\">\n\t\t\t\t<div class=\"elementor-widget-container\">\n\t\t\t\t\t\t\t\t\t<p>Gary tambi\u00e9n ha dictado conferencias regularmente sobre cuestiones de No-Fault; en enero de 2012, fue elegido \u201cMejor abogado de Long Island\u201d por los lectores de Long Island Press y recibi\u00f3 la designaci\u00f3n de \u201cSuper Abogados\u201d para los a\u00f1os 2016, 2017 y 2018.<\/p>\t\t\t\t\t\t\t\t<\/div>\n\t\t\t\t<\/div>\n\t\t\t\t<div class=\"elementor-element elementor-element-29dabfc super-lawyer elementor-widget elementor-widget-html\" data-id=\"29dabfc\" data-element_type=\"widget\" data-e-type=\"widget\" data-widget_type=\"html.default\">\n\t\t\t\t<div class=\"elementor-widget-container\">\n\t\t\t\t\t<div class=\"super1 super_lawyers\"><a href=\"http:\/\/www.superlawyers.com\/redir?r=http:\/\/profiles.superlawyers.com\/new-york-metro\/merrick\/lawyer\/gary-young\/adf4da70-a6ab-4007-8621-baab8973936f.html&amp;c=basic_largegray-orange_badge&amp;i=adf4da70-a6ab-4007-8621-baab8973936f\" rel=\"nofollow\"><img decoding=\"async\" src=\"https:\/\/robertkyounglaw.com\/wp-content\/uploads\/2023\/03\/super_lawyers1.jpg\" alt=\"abogado de mordedura de perro\" title=\"abogado de mordedura de perro\"><\/a><\/div>\r\n\r\n<div class=\"super2 super_lawyers\"><a href=\"http:\/\/www.superlawyers.com\/redir?r=http:\/\/profiles.superlawyers.com\/new-york-metro\/merrick\/lawyer\/gary-young\/adf4da70-a6ab-4007-8621-baab8973936f.html&amp;c=basic_largegray-orange_badge&amp;i=adf4da70-a6ab-4007-8621-baab8973936f\" alt=\"View the profile of New York Metro Personal Injury - General Attorney Gary Young\" title=\"Ver el perfil de New York Metro Personal Injury - Abogado General Gary Young\"><img decoding=\"async\" src=\"https:\/\/robertkyounglaw.com\/wp-content\/uploads\/2023\/03\/super_lawyers4.jpg\" width=\"180\" alt=\"abogado de accidentes de coche\" title=\"abogado de accidentes de coche\"><\/a><\/div>\r\n\r\n<div class=\"super3 super_lawyers\"><a href=\"http:\/\/www.superlawyers.com\/redir?r=http:\/\/www.superlawyers.com&amp;c=basic_large_orange_badge&amp;i=home_page\" title=\"Visite el sitio web oficial de Super Abogados\" target=\"_blank\" alt=\"Visit the official website of Super Lawyers\"><img decoding=\"async\" src=\"https:\/\/robertkyounglaw.com\/wp-content\/uploads\/2023\/03\/super_lawyers3.jpg\" alt=\"abogado de lesiones personales\" title=\"abogado de lesiones personales\"><\/a><\/div>\t\t\t\t<\/div>\n\t\t\t\t<\/div>\n\t\t\t\t\t<\/div>\n\t\t<\/div>\n\t\t\t\t\t<\/div>\n\t\t<\/section>\n\t\t\t\t\t<\/div>\n\t\t<\/div>\n\t\t\t\t\t<\/div>\n\t\t<\/section>\n\t\t\t\t<section class=\"elementor-section elementor-top-section elementor-element elementor-element-3dc0680 elementor-section-full_width elementor-section-height-default elementor-section-height-default\" data-id=\"3dc0680\" data-element_type=\"section\" data-e-type=\"section\">\n\t\t\t\t\t\t<div class=\"elementor-container elementor-column-gap-default\">\n\t\t\t\t\t<div class=\"elementor-column elementor-col-100 elementor-top-column elementor-element elementor-element-1c2b617\" data-id=\"1c2b617\" data-element_type=\"column\" data-e-type=\"column\">\n\t\t\t<div class=\"elementor-widget-wrap elementor-element-populated\">\n\t\t\t\t\t\t<div class=\"elementor-element elementor-element-4d5494d elementor-align-left elementor-widget-mobile_extra__width-initial elementor-widget__width-initial elementor-mobile-align-center elementor-widget elementor-widget-button\" data-id=\"4d5494d\" data-element_type=\"widget\" data-e-type=\"widget\" data-widget_type=\"button.default\">\n\t\t\t\t<div class=\"elementor-widget-container\">\n\t\t\t\t\t\t\t\t\t<div class=\"elementor-button-wrapper\">\n\t\t\t\t\t<a class=\"elementor-button elementor-button-link elementor-size-xl\" href=\"https:\/\/robertkyounglaw.com\/es\/abogados-de-lesiones-personales\/\">\n\t\t\t\t\t\t<span class=\"elementor-button-content-wrapper\">\n\t\t\t\t\t\t\t\t\t<span class=\"elementor-button-text\">Volver a Abogados<\/span>\n\t\t\t\t\t<\/span>\n\t\t\t\t\t<\/a>\n\t\t\t\t<\/div>\n\t\t\t\t\t\t\t\t<\/div>\n\t\t\t\t<\/div>\n\t\t\t\t\t<\/div>\n\t\t<\/div>\n\t\t\t\t\t<\/div>\n\t\t<\/section>\n\t\t\t\t<\/div>","protected":false},"excerpt":{"rendered":"<p>Gary J. Young After attending the University of Albany, Gary J. Young graduated Cum Laude from Thomas M. Cooley Law School and, in July 1998, was admitted to practice law in the State of New York. Since joining his father\u2019s practice in 1997, Gary has handled thousands of personal injury and negligence cases and recovered [&hellip;]<\/p>\n","protected":false},"author":2,"featured_media":2619,"parent":0,"menu_order":0,"comment_status":"closed","ping_status":"closed","template":"","meta":{"footnotes":""},"class_list":["post-1227","page","type-page","status-publish","has-post-thumbnail","hentry"],"yoast_head":"<!-- This site is optimized with the Yoast SEO plugin v27.4 - https:\/\/yoast.com\/product\/yoast-seo-wordpress\/ -->\n<title>Gary J. Young | Robert K. Young &amp; Associates<\/title>\n<meta name=\"description\" content=\"Award winning lawyer Gary J. Young, son of Robert K. Young, has helped recover 10&#039;s of millions of dollars for his clients since the 1990&#039;s\" \/>\n<meta name=\"robots\" content=\"index, follow, max-snippet:-1, max-image-preview:large, max-video-preview:-1\" \/>\n<link rel=\"canonical\" href=\"https:\/\/robertkyounglaw.com\/es\/gary-j-young\/\" \/>\n<meta property=\"og:locale\" content=\"es_ES\" \/>\n<meta property=\"og:type\" content=\"article\" \/>\n<meta property=\"og:title\" content=\"Gary J. Young | Robert K. Young &amp; Associates\" \/>\n<meta property=\"og:description\" content=\"Award winning lawyer Gary J. Young, son of Robert K. Young, has helped recover 10&#039;s of millions of dollars for his clients since the 1990&#039;s\" \/>\n<meta property=\"og:url\" content=\"https:\/\/robertkyounglaw.com\/es\/gary-j-young\/\" \/>\n<meta property=\"og:site_name\" content=\"Robert K. Young &amp; Associates\" \/>\n<meta property=\"article:publisher\" content=\"https:\/\/www.facebook.com\/robertkyoungpc\/\" \/>\n<meta property=\"article:modified_time\" content=\"2026-03-06T10:00:01+00:00\" \/>\n<meta property=\"og:image\" content=\"https:\/\/robertkyounglaw.com\/wp-content\/uploads\/2024\/05\/Staff-2024-1920x460-1.jpg\" \/>\n\t<meta property=\"og:image:width\" content=\"1920\" \/>\n\t<meta property=\"og:image:height\" content=\"460\" \/>\n\t<meta property=\"og:image:type\" content=\"image\/jpeg\" \/>\n<meta name=\"twitter:card\" content=\"summary_large_image\" \/>\n<meta name=\"twitter:label1\" content=\"Est. reading time\" \/>\n\t<meta name=\"twitter:data1\" content=\"3 minutos\" \/>\n<script type=\"application\/ld+json\" class=\"yoast-schema-graph\">{\"@context\":\"https:\\\/\\\/schema.org\",\"@graph\":[{\"@type\":\"WebPage\",\"@id\":\"https:\\\/\\\/robertkyounglaw.com\\\/gary-j-young\\\/\",\"url\":\"https:\\\/\\\/robertkyounglaw.com\\\/gary-j-young\\\/\",\"name\":\"Gary J. Young | Robert K. Young & Associates\",\"isPartOf\":{\"@id\":\"https:\\\/\\\/robertkyounglaw.com\\\/#website\"},\"primaryImageOfPage\":{\"@id\":\"https:\\\/\\\/robertkyounglaw.com\\\/gary-j-young\\\/#primaryimage\"},\"image\":{\"@id\":\"https:\\\/\\\/robertkyounglaw.com\\\/gary-j-young\\\/#primaryimage\"},\"thumbnailUrl\":\"https:\\\/\\\/robertkyounglaw.com\\\/wp-content\\\/uploads\\\/2024\\\/05\\\/Staff-2024-1920x460-1.jpg\",\"datePublished\":\"2023-03-24T07:09:26+00:00\",\"dateModified\":\"2026-03-06T10:00:01+00:00\",\"description\":\"Award winning lawyer Gary J. Young, son of Robert K. Young, has helped recover 10's of millions of dollars for his clients since the 1990's\",\"breadcrumb\":{\"@id\":\"https:\\\/\\\/robertkyounglaw.com\\\/gary-j-young\\\/#breadcrumb\"},\"inLanguage\":\"es\",\"potentialAction\":[{\"@type\":\"ReadAction\",\"target\":[\"https:\\\/\\\/robertkyounglaw.com\\\/gary-j-young\\\/\"]}]},{\"@type\":\"ImageObject\",\"inLanguage\":\"es\",\"@id\":\"https:\\\/\\\/robertkyounglaw.com\\\/gary-j-young\\\/#primaryimage\",\"url\":\"https:\\\/\\\/robertkyounglaw.com\\\/wp-content\\\/uploads\\\/2024\\\/05\\\/Staff-2024-1920x460-1.jpg\",\"contentUrl\":\"https:\\\/\\\/robertkyounglaw.com\\\/wp-content\\\/uploads\\\/2024\\\/05\\\/Staff-2024-1920x460-1.jpg\",\"width\":1920,\"height\":460,\"caption\":\"Group photo of Robert K. Young Law staff in 2024\"},{\"@type\":\"BreadcrumbList\",\"@id\":\"https:\\\/\\\/robertkyounglaw.com\\\/gary-j-young\\\/#breadcrumb\",\"itemListElement\":[{\"@type\":\"ListItem\",\"position\":1,\"name\":\"Home\",\"item\":\"https:\\\/\\\/robertkyounglaw.com\\\/\"},{\"@type\":\"ListItem\",\"position\":2,\"name\":\"Gary J. Young\"}]},{\"@type\":\"WebSite\",\"@id\":\"https:\\\/\\\/robertkyounglaw.com\\\/#website\",\"url\":\"https:\\\/\\\/robertkyounglaw.com\\\/\",\"name\":\"Robert K. Young & Associates\",\"description\":\"\",\"publisher\":{\"@id\":\"https:\\\/\\\/robertkyounglaw.com\\\/#organization\"},\"alternateName\":\"RKY\",\"potentialAction\":[{\"@type\":\"SearchAction\",\"target\":{\"@type\":\"EntryPoint\",\"urlTemplate\":\"https:\\\/\\\/robertkyounglaw.com\\\/?s={search_term_string}\"},\"query-input\":{\"@type\":\"PropertyValueSpecification\",\"valueRequired\":true,\"valueName\":\"search_term_string\"}}],\"inLanguage\":\"es\"},{\"@type\":\"Organization\",\"@id\":\"https:\\\/\\\/robertkyounglaw.com\\\/#organization\",\"name\":\"Robert K. Young & Associates\",\"alternateName\":\"RKY\",\"url\":\"https:\\\/\\\/robertkyounglaw.com\\\/\",\"logo\":{\"@type\":\"ImageObject\",\"inLanguage\":\"es\",\"@id\":\"https:\\\/\\\/robertkyounglaw.com\\\/#\\\/schema\\\/logo\\\/image\\\/\",\"url\":\"https:\\\/\\\/robertkyounglaw.com\\\/wp-content\\\/uploads\\\/2025\\\/05\\\/RKY-logo.jpg\",\"contentUrl\":\"https:\\\/\\\/robertkyounglaw.com\\\/wp-content\\\/uploads\\\/2025\\\/05\\\/RKY-logo.jpg\",\"width\":696,\"height\":696,\"caption\":\"Robert K. Young & Associates\"},\"image\":{\"@id\":\"https:\\\/\\\/robertkyounglaw.com\\\/#\\\/schema\\\/logo\\\/image\\\/\"},\"sameAs\":[\"https:\\\/\\\/www.facebook.com\\\/robertkyoungpc\\\/\",\"https:\\\/\\\/www.linkedin.com\\\/company\\\/robert-k-young-&-associates\"]}]}<\/script>\n<!-- \/ Yoast SEO plugin. -->","yoast_head_json":{"title":"Gary J. Young | Robert K. Young y Asociados","description":"El galardonado abogado Gary J. Young, hijo de Robert K. Young, ha ayudado a recuperar decenas de millones de d\u00f3lares para sus clientes desde la d\u00e9cada de 1990.","robots":{"index":"index","follow":"follow","max-snippet":"max-snippet:-1","max-image-preview":"max-image-preview:large","max-video-preview":"max-video-preview:-1"},"canonical":"https:\/\/robertkyounglaw.com\/es\/gary-j-young\/","og_locale":"es_ES","og_type":"article","og_title":"Gary J. Young | Robert K. Young & Associates","og_description":"Award winning lawyer Gary J. Young, son of Robert K. Young, has helped recover 10's of millions of dollars for his clients since the 1990's","og_url":"https:\/\/robertkyounglaw.com\/es\/gary-j-young\/","og_site_name":"Robert K. Young &amp; Associates","article_publisher":"https:\/\/www.facebook.com\/robertkyoungpc\/","article_modified_time":"2026-03-06T10:00:01+00:00","og_image":[{"width":1920,"height":460,"url":"https:\/\/robertkyounglaw.com\/wp-content\/uploads\/2024\/05\/Staff-2024-1920x460-1.jpg","type":"image\/jpeg"}],"twitter_card":"summary_large_image","twitter_misc":{"Est. reading time":"3 minutos"},"schema":{"@context":"https:\/\/schema.org","@graph":[{"@type":"WebPage","@id":"https:\/\/robertkyounglaw.com\/gary-j-young\/","url":"https:\/\/robertkyounglaw.com\/gary-j-young\/","name":"Gary J. Young | Robert K. Young y Asociados","isPartOf":{"@id":"https:\/\/robertkyounglaw.com\/#website"},"primaryImageOfPage":{"@id":"https:\/\/robertkyounglaw.com\/gary-j-young\/#primaryimage"},"image":{"@id":"https:\/\/robertkyounglaw.com\/gary-j-young\/#primaryimage"},"thumbnailUrl":"https:\/\/robertkyounglaw.com\/wp-content\/uploads\/2024\/05\/Staff-2024-1920x460-1.jpg","datePublished":"2023-03-24T07:09:26+00:00","dateModified":"2026-03-06T10:00:01+00:00","description":"El galardonado abogado Gary J. Young, hijo de Robert K. Young, ha ayudado a recuperar decenas de millones de d\u00f3lares para sus clientes desde la d\u00e9cada de 1990.","breadcrumb":{"@id":"https:\/\/robertkyounglaw.com\/gary-j-young\/#breadcrumb"},"inLanguage":"es","potentialAction":[{"@type":"ReadAction","target":["https:\/\/robertkyounglaw.com\/gary-j-young\/"]}]},{"@type":"ImageObject","inLanguage":"es","@id":"https:\/\/robertkyounglaw.com\/gary-j-young\/#primaryimage","url":"https:\/\/robertkyounglaw.com\/wp-content\/uploads\/2024\/05\/Staff-2024-1920x460-1.jpg","contentUrl":"https:\/\/robertkyounglaw.com\/wp-content\/uploads\/2024\/05\/Staff-2024-1920x460-1.jpg","width":1920,"height":460,"caption":"Group photo of Robert K. Young Law staff in 2024"},{"@type":"BreadcrumbList","@id":"https:\/\/robertkyounglaw.com\/gary-j-young\/#breadcrumb","itemListElement":[{"@type":"ListItem","position":1,"name":"Home","item":"https:\/\/robertkyounglaw.com\/"},{"@type":"ListItem","position":2,"name":"Gary J. Young"}]},{"@type":"WebSite","@id":"https:\/\/robertkyounglaw.com\/#website","url":"https:\/\/robertkyounglaw.com\/","name":"Robert K. Young y asociados","description":"","publisher":{"@id":"https:\/\/robertkyounglaw.com\/#organization"},"alternateName":"RKY","potentialAction":[{"@type":"SearchAction","target":{"@type":"EntryPoint","urlTemplate":"https:\/\/robertkyounglaw.com\/?s={search_term_string}"},"query-input":{"@type":"PropertyValueSpecification","valueRequired":true,"valueName":"search_term_string"}}],"inLanguage":"es"},{"@type":"Organization","@id":"https:\/\/robertkyounglaw.com\/#organization","name":"Robert K. Young y asociados","alternateName":"RKY","url":"https:\/\/robertkyounglaw.com\/","logo":{"@type":"ImageObject","inLanguage":"es","@id":"https:\/\/robertkyounglaw.com\/#\/schema\/logo\/image\/","url":"https:\/\/robertkyounglaw.com\/wp-content\/uploads\/2025\/05\/RKY-logo.jpg","contentUrl":"https:\/\/robertkyounglaw.com\/wp-content\/uploads\/2025\/05\/RKY-logo.jpg","width":696,"height":696,"caption":"Robert K. Young & Associates"},"image":{"@id":"https:\/\/robertkyounglaw.com\/#\/schema\/logo\/image\/"},"sameAs":["https:\/\/www.facebook.com\/robertkyoungpc\/","https:\/\/www.linkedin.com\/company\/robert-k-young-&-associates"]}]}},"_links":{"self":[{"href":"https:\/\/robertkyounglaw.com\/es\/wp-json\/wp\/v2\/pages\/1227","targetHints":{"allow":["GET"]}}],"collection":[{"href":"https:\/\/robertkyounglaw.com\/es\/wp-json\/wp\/v2\/pages"}],"about":[{"href":"https:\/\/robertkyounglaw.com\/es\/wp-json\/wp\/v2\/types\/page"}],"author":[{"embeddable":true,"href":"https:\/\/robertkyounglaw.com\/es\/wp-json\/wp\/v2\/users\/2"}],"replies":[{"embeddable":true,"href":"https:\/\/robertkyounglaw.com\/es\/wp-json\/wp\/v2\/comments?post=1227"}],"version-history":[{"count":0,"href":"https:\/\/robertkyounglaw.com\/es\/wp-json\/wp\/v2\/pages\/1227\/revisions"}],"wp:featuredmedia":[{"embeddable":true,"href":"https:\/\/robertkyounglaw.com\/es\/wp-json\/wp\/v2\/media\/2619"}],"wp:attachment":[{"href":"https:\/\/robertkyounglaw.com\/es\/wp-json\/wp\/v2\/media?parent=1227"}],"curies":[{"name":"Gracias","href":"https:\/\/api.w.org\/{rel}","templated":true}]}}